{"id":10201,"date":"2022-09-27T12:51:37","date_gmt":"2022-09-27T10:51:37","guid":{"rendered":"https:\/\/seapop.no\/?page_id=10201"},"modified":"2022-11-04T10:43:33","modified_gmt":"2022-11-04T09:43:33","slug":"published-2022","status":"publish","type":"page","link":"https:\/\/seapop.no\/en\/publications\/published-other\/published-2022\/","title":{"rendered":"Published 2022"},"content":{"rendered":"\n<p class=\"has-sizing-medium\">Carravieri, A., Vincze, O., Bustamante, P., Ackerman, J.T., Adams, E.M., Angelier, F., Chastel, O., Cherel, Y., Gilg, O., Golubova, E., Kitaysky, A., Luff, K., Seewagen, C.L., Str\u00f8m, H., Will, A.P., Yannic, G., Giraudeau, M., Fort, J. 2022. <a href=\"https:\/\/doi.org\/10.1111\/brv.12840\">Quantitative meta-analysis reveals no association between mercury contamination and body condition in birds<\/a>. <em>Biological Reviews 97:4, s.&nbsp;1253-1271<\/em>.<\/p>\n\n\n\n<p class=\"has-sizing-medium\">Charbonnel, E., Daguin-Thi\u00e9baut, C., Caradec. L., Moitti\u00e9, E., Gilg, O., Gavrilo, M.V., Str\u00f8m, H., Mallory, M.L., Morrison, R.I.G., Gilchrist, H.G., Leblois, R., Roux, C., Yearsley, J.M., Yannic, G., Broquet, T. 2022. <a href=\"https:\/\/www.nature.com\/articles\/s41437-022-00515-3\">Searching for genetic evidence of demographic decline in an arctic seabird: beware of overlapping generations<\/a>. <em>Heredity 128, s. 364\u2013376<\/em><\/p>\n\n\n\n<p class=\"has-sizing-medium\">Dehnhard, N., Mattisson, J., Tarroux, A., Anker-Nilssen, T., Lorentsen, S.-H., Christensen-Dalsgaard, S. 2022. <a href=\"https:\/\/doi.org\/10.3389\/fmars.2022.852033\">Predicting Foraging Habitat of European Shags &#8211; A Multi-Year and Multi-Colony Tracking Approach to Identify Important Areas for Marine Conservation<\/a>. Front. Mar. Sci. vol. 9. 15 s.<\/p>\n\n\n\n<p class=\"has-sizing-medium\">Descamps, S., Wojczulanis-Jakubas, K., Jakubas, D., Vihtakari, M., Steen, H., Karnovsky, N.J., Welcker, J., Hovinen, J., Bertrand, P., Strzelewicz, A., Skogseth, R., Kidawa, D., Boehnke, R., B\u0142achowiak-Samo\u0142yk, K. 2022. <a href=\"https:\/\/doi.org\/10.3389\/fmars.2022.878746\">Consequences of Atlantification on a Zooplanktivorous Arctic Seabird<\/a>. <em>Front. Mar. Sci. 9:878746, 14 s.<\/em><\/p>\n\n\n\n<p class=\"has-sizing-medium\">Leigh, D.M., Kersten, O., Star, B., Anker-Nilssen, T., Burnham, K., Johnson, J., Provencher, J., Boessenkool, S. 2022. <a href=\"https:\/\/onlinelibrary.wiley.com\/doi\/full\/10.1111\/ibi.13153\">Sympatry of genetically distinct Atlantic Puffins (Fratercula arctica) in the High Arctic<\/a>. Ibis. doi: 10.1111\/ibi.13153<\/p>\n\n\n\n<p class=\"has-sizing-medium\">Lopez, S.L., Bond, A.L., O\u2019Hanlon, N.J., Wilson, J.M., Vitz, A., Mostello, C.S., Hamilton, F., Rail, J.-F., Welch, L., Boettcher, R., Wilhelm, S.I., Anker-Nilssen, T., Daunt, F., Masden, E. 2022. <a href=\"https:\/\/doi.org\/10.1017\/S0959270922000181\">Global population and conservation status of the Great Black-backed Gull&nbsp;<em>Larus marinus<\/em><\/a>. <em>Bird Conservation International, 1\u201311<\/em><\/p>\n","protected":false},"excerpt":{"rendered":"<p>Carravieri, A., Vincze, O., Bustamante, P., Ackerman, J.T., Adams, E.M., Angelier, F., Chastel, O., Cherel, &hellip; <\/p>\n<p class=\"read-more-link\"><a href=\"https:\/\/seapop.no\/en\/publications\/published-other\/published-2022\/\">Les videre<span class=\"screen-reader-text\"> \u00abPublished 2022\u00bb<\/span><\/a><\/p>\n","protected":false},"author":2,"featured_media":0,"parent":1610,"menu_order":107,"comment_status":"closed","ping_status":"closed","template":"","meta":{"_acf_changed":false,"_uag_custom_page_level_css":"","footnotes":""},"class_list":["post-10201","page","type-page","status-publish"],"acf":[],"uagb_featured_image_src":{"full":false,"thumbnail":false,"medium":false,"medium_large":false,"large":false,"1536x1536":false,"2048x2048":false,"default":false,"square":false},"uagb_author_info":{"display_name":"Erlend Lorentzen","author_link":"https:\/\/seapop.no\/en\/author\/erlend\/"},"uagb_comment_info":0,"uagb_excerpt":"Carravieri, A., Vincze, O., Bustamante, P., Ackerman, J.T., Adams, E.M., Angelier, F., Chastel, O., Cherel, &hellip; Les videre \u00abPublished 2022\u00bb","_links":{"self":[{"href":"https:\/\/seapop.no\/en\/wp-json\/wp\/v2\/pages\/10201","targetHints":{"allow":["GET"]}}],"collection":[{"href":"https:\/\/seapop.no\/en\/wp-json\/wp\/v2\/pages"}],"about":[{"href":"https:\/\/seapop.no\/en\/wp-json\/wp\/v2\/types\/page"}],"author":[{"embeddable":true,"href":"https:\/\/seapop.no\/en\/wp-json\/wp\/v2\/users\/2"}],"replies":[{"embeddable":true,"href":"https:\/\/seapop.no\/en\/wp-json\/wp\/v2\/comments?post=10201"}],"version-history":[{"count":3,"href":"https:\/\/seapop.no\/en\/wp-json\/wp\/v2\/pages\/10201\/revisions"}],"predecessor-version":[{"id":10410,"href":"https:\/\/seapop.no\/en\/wp-json\/wp\/v2\/pages\/10201\/revisions\/10410"}],"up":[{"embeddable":true,"href":"https:\/\/seapop.no\/en\/wp-json\/wp\/v2\/pages\/1610"}],"wp:attachment":[{"href":"https:\/\/seapop.no\/en\/wp-json\/wp\/v2\/media?parent=10201"}],"curies":[{"name":"wp","href":"https:\/\/api.w.org\/{rel}","templated":true}]}}