{"id":1108,"date":"2020-09-24T14:39:31","date_gmt":"2020-09-24T14:39:31","guid":{"rendered":"https:\/\/seapop.no\/about\/"},"modified":"2026-01-28T12:51:07","modified_gmt":"2026-01-28T11:51:07","slug":"about","status":"publish","type":"page","link":"https:\/\/seapop.no\/en\/about\/","title":{"rendered":"About SEAPOP"},"content":{"rendered":"\n<h2 class=\"wp-block-heading\">Organization and funding<\/h2>\n\n\n\n<p>All work within SEAPOP is organized and conducted by personnel at the Norwegian Institute for Nature Research (NINA) and the Norwegian Polar Institute (NPI). Researchers from these two institutes form the <a href=\"https:\/\/seapop.no\/en\/about\/executive-institutions-and-science-group\/\">SEAPOP Science Group<\/a>. The programme is funded by the Norwegian Ministry of Climate and Environment, the Ministry of Energy, and Offshore Norge. The <a href=\"https:\/\/seapop.no\/en\/about\/economic-contributors-and-steering-committee\/\">SEAPOP Steering Committee<\/a> is comprised by representatives from the Norwegian Environment Agency, the Norwegian Petroleum Directorate, the Norwegian Maritime Authority, the Norwegian Coastal Administration and Offshore Norge. The Institute of Marine Research (IMR), NINA and NPI also participate with one observer\/advisor each. Data and knowledge produced by the programme is continuously organized and presented on this web site in order to serve various users.<\/p>\n\n\n\n<h2 class=\"wp-block-heading\">Monitoring<\/h2>\n\n\n\n<h4 class=\"wp-block-heading\"><a href=\"https:\/\/seapop.no\/en\/activities\/key-sites\/\">SEAPOP key sites<\/a><\/h4>\n\n\n\n<p>The national monitoring of seabird population trends was initiated in 1980 and formally established in 1988, and has continued since for a variety of species. Since many seabird species have a scattered nesting distribution, the monitoring is distributed over a large number of locations. Furthermore, we have expanded and adjusted the monitoring of reproduction, diet and adult survival rate for a number of selected species in the previously established key sites on R\u00f8st, Horn\u00f8ya and Bj\u00f8rn\u00f8ya, and we have established 13 new key sites from Spitsbergen in the north to Vest-Agder in the south. This is necessary in order to identify the environmental impacts affecting the populations at an early stage. By utilizing time series data collected over several decades, SEAPOP reveals a series of interesting trends for different species and parameters, both within key sites and over larger regions.<\/p>\n\n\n\n<h2 class=\"wp-block-heading\">Mapping<\/h2>\n\n\n\n<p>Within the scheduled programme period of ten years, SEAPOP aims to map in detail the distribution of breeding, staging and wintering seabirds along all coastlines of Norway and the Svalbard archipelago. For logistic and economic reasons, much of the highly dynamic distribution of seabirds at sea in the vast areas covered by the programme will be predicted using multi-disciplinary models. This work is conducted in cooperation with the Institute of Marine Research in Bergen and is based on data collected on their ecosystem surveys in parts of the area.<\/p>\n\n\n\n<h2 class=\"wp-block-heading\">Special studies<\/h2>\n\n\n\n<p>SEAPOP also funds a number of more specialised, shorter-term studies of seabird ecology and habitat use. These studies are aimed at species that are particularly vulnerable to certain environmental influences, or that in some way are of special interest or valuable in terms of conservation.<\/p>\n\n\n\n<h2 class=\"wp-block-heading\">Publication<\/h2>\n\n\n\n<p>The web site will accumulate and communicate a lot of results generated by the programme. Although only licensed users are able to download raw data, a variety of pre-prepared information and data on seabird distribution and performance is made freely available. The site also contains an up-to-date list of scientific publications associated with the programme, and summaries of the main results will be presented in annual reports. These and other publications that have been produced and facilitated for by SEAPOP can be found under <a href=\"https:\/\/seapop.no\/en\/publications\/\">Publications<\/a>.<\/p>\n","protected":false},"excerpt":{"rendered":"<p>Organization and funding All work within SEAPOP is organized and conducted by personnel at the &hellip; <\/p>\n<p class=\"read-more-link\"><a href=\"https:\/\/seapop.no\/en\/about\/\">Les videre<span class=\"screen-reader-text\"> \u00abAbout SEAPOP\u00bb<\/span><\/a><\/p>\n","protected":false},"author":1,"featured_media":0,"parent":0,"menu_order":63,"comment_status":"closed","ping_status":"closed","template":"","meta":{"_acf_changed":false,"_uag_custom_page_level_css":"","footnotes":""},"class_list":["post-1108","page","type-page","status-publish"],"acf":[],"uagb_featured_image_src":{"full":false,"thumbnail":false,"medium":false,"medium_large":false,"large":false,"1536x1536":false,"2048x2048":false,"default":false,"square":false},"uagb_author_info":{"display_name":"Gnist Design","author_link":"https:\/\/seapop.no\/en\/author\/gnist\/"},"uagb_comment_info":0,"uagb_excerpt":"Organization and funding All work within SEAPOP is organized and conducted by personnel at the &hellip; Les videre \u00abAbout SEAPOP\u00bb","_links":{"self":[{"href":"https:\/\/seapop.no\/en\/wp-json\/wp\/v2\/pages\/1108","targetHints":{"allow":["GET"]}}],"collection":[{"href":"https:\/\/seapop.no\/en\/wp-json\/wp\/v2\/pages"}],"about":[{"href":"https:\/\/seapop.no\/en\/wp-json\/wp\/v2\/types\/page"}],"author":[{"embeddable":true,"href":"https:\/\/seapop.no\/en\/wp-json\/wp\/v2\/users\/1"}],"replies":[{"embeddable":true,"href":"https:\/\/seapop.no\/en\/wp-json\/wp\/v2\/comments?post=1108"}],"version-history":[{"count":4,"href":"https:\/\/seapop.no\/en\/wp-json\/wp\/v2\/pages\/1108\/revisions"}],"predecessor-version":[{"id":15203,"href":"https:\/\/seapop.no\/en\/wp-json\/wp\/v2\/pages\/1108\/revisions\/15203"}],"wp:attachment":[{"href":"https:\/\/seapop.no\/en\/wp-json\/wp\/v2\/media?parent=1108"}],"curies":[{"name":"wp","href":"https:\/\/api.w.org\/{rel}","templated":true}]}}