{"id":1390,"date":"2021-01-06T10:21:48","date_gmt":"2021-01-06T10:21:48","guid":{"rendered":"https:\/\/seapop.no\/?page_id=1390"},"modified":"2026-04-14T10:04:24","modified_gmt":"2026-04-14T08:04:24","slug":"contact-us","status":"publish","type":"page","link":"https:\/\/seapop.no\/en\/about\/contact-us\/","title":{"rendered":"Contact us"},"content":{"rendered":"\n<figure class=\"wp-block-table\"><table class=\"has-fixed-layout\"><tbody><tr><th>Name<\/th><th>Workplace<\/th><\/tr><tr><td><a href=\"https:\/\/seapop.no\/en\/profiles\/kjetil-sagerup\/\" data-type=\"page\" data-id=\"14945\">Sagerup, Kjetil<\/a> (coordinator)<\/td><td>NINA, Troms\u00f8<\/td><\/tr><tr><td><a href=\"https:\/\/www.npolar.no\/en\/people\/hallvard.strom\">Str\u00f8m, Hallvard<\/a> (coordinator)<\/td><td>NPI, Troms\u00f8<\/td><\/tr><tr><td><a href=\"https:\/\/www.nina.no\/english\/About-NINA\/Contact\/Employees\/Employee-info\/AnsattID\/12001\" target=\"_blank\" rel=\"noreferrer noopener\">Anker-Nilssen, Tycho<\/a><\/td><td>NINA, Trondheim<\/td><\/tr><tr><td><a href=\"https:\/\/www.nina.no\/english\/About-NINA\/Contact\/Employees\/Employee-info?AnsattID=15694\">Breist\u00f8l, Arild<\/a><\/td><td>NINA, Bergen<\/td><\/tr><tr><td><a href=\"https:\/\/www.nina.no\/english\/About-NINA\/Contact\/Employees\/Employee-info\/AnsattID\/18015\" target=\"_blank\" rel=\"noreferrer noopener\">Bustnes, Jan Ove<\/a><\/td><td>NINA, Troms\u00f8<\/td><\/tr><tr><td><a href=\"https:\/\/www.nina.no\/english\/About-NINA\/Contact\/Employees\/Employee-info\/AnsattID\/18244\" target=\"_blank\" rel=\"noreferrer noopener\">Christensen-Dalsgaard, Signe<\/a><\/td><td>NINA, Trondheim<\/td><\/tr><tr><td><a href=\"https:\/\/www.nina.no\/english\/About-NINA\/Contact\/Employees\/Employee-info?AnsattID=15897\" data-type=\"page\" data-id=\"4726\" target=\"_blank\" rel=\"noreferrer noopener\">Dehnhard, Nina<\/a><\/td><td>NINA, Trondheim<\/td><\/tr><tr><td><a href=\"https:\/\/www.npolar.no\/en\/people\/sebastien.descamps\" target=\"_blank\" rel=\"noreferrer noopener\">Descamps, S\u00e9bastien<\/a><\/td><td>NPI, Troms\u00f8<\/td><\/tr><tr><td><a href=\"https:\/\/www.nina.no\/english\/About-NINA\/Contact\/Employees\/Employee-info?AnsattID=16509\">Fayet, Annette<\/a><\/td><td>NINA, Trondheim<\/td><\/tr><tr><td><a href=\"https:\/\/www.nina.no\/english\/About-NINA\/Contact\/Employees\/Employee-info?AnsattID=18266\" target=\"_blank\" rel=\"noreferrer noopener\">Hanssen, Sveinn Are<\/a><\/td><td>NINA, Troms\u00f8<\/td><\/tr><tr><td><a href=\"https:\/\/www.nina.no\/Kontakt\/Ansatte\/Ansattinformasjon.aspx?AnsattID=15236\">Hilde, Christoffer H\u00f8yvik<\/a><\/td><td>NINA, Bergen<\/td><\/tr><tr><td><a href=\"https:\/\/www.nina.no\/english\/About-NINA\/Contact\/Employees\/Employee-info?AnsattID=12049\">Jacobsen, Karl-Otto<\/a><\/td><td>NINA, Troms\u00f8<\/td><\/tr><tr><td><a href=\"https:\/\/www.nina.no\/english\/About-NINA\/Contact\/Employees\/Employee-info?AnsattID=16321\" target=\"_blank\" rel=\"noreferrer noopener\">Layton-Matthews, Kate<\/a><\/td><td>NINA, Troms\u00f8<\/td><\/tr><tr><td><a href=\"https:\/\/www.nina.no\/english\/About-NINA\/Contact\/Employees\/Employee-info\/AnsattID\/12006\" target=\"_blank\" rel=\"noreferrer noopener\">Lorentsen, Svein-H\u00e5kon<\/a><\/td><td>NINA, Trondheim<\/td><\/tr><tr><td><a href=\"https:\/\/www.npolar.no\/en\/people\/erlend.lorentzen\" target=\"_blank\" rel=\"noreferrer noopener\">Lorentzen, Erlend<\/a><\/td><td>NPI, Troms\u00f8<\/td><\/tr><tr><td><a href=\"https:\/\/www.npolar.no\/en\/people\/benjamin.merkel\">Merkel, Benjamin<\/a><\/td><td>NPI, Troms\u00f8<\/td><\/tr><tr><td><a href=\"https:\/\/www.nina.no\/english\/About-NINA\/Contact\/Employees\/Employee-info\/AnsattID\/18294\" target=\"_blank\" rel=\"noreferrer noopener\">Moe, B\u00f8rge<\/a><\/td><td>NINA, Trondheim<\/td><\/tr><tr><td><a href=\"https:\/\/www.nina.no\/english\/About-NINA\/Contact\/Employees\/Employee-info?AnsattID=16174\">Molv\u00e6rsmyr, Sindre<\/a><\/td><td>NINA, Bergen<\/td><\/tr><tr><td><a href=\"https:\/\/www.nina.no\/english\/About-NINA\/Contact\/Employees\/Employee-info?AnsattID=14330\">Nilsson, Anna<\/a><\/td><td>NINA, Bergen<\/td><\/tr><tr><td><a href=\"https:\/\/www.nina.no\/english\/About-NINA\/Contact\/Employees\/Employee-info\/AnsattID\/18095\" target=\"_blank\" rel=\"noreferrer noopener\">Reiertsen, Tone Kristin<\/a><\/td><td>NINA, Troms\u00f8<\/td><\/tr><tr><td><a href=\"https:\/\/www.nina.no\/english\/About-NINA\/Contact\/Employees\/Employee-info\/AnsattID\/18069\" target=\"_blank\" rel=\"noreferrer noopener\">Systad, Geir Helge<\/a><\/td><td>NINA, Bergen<\/td><\/tr><tr><td><a href=\"https:\/\/www.nina.no\/english\/About-NINA\/Contact\/Employees\/Employee-info?AnsattID=15776\">Tarroux, Arnaud<\/a><\/td><td>NINA, Troms\u00f8<\/td><\/tr><\/tbody><\/table><\/figure>\n","protected":false},"excerpt":{"rendered":"<p>Name Workplace Sagerup, Kjetil (coordinator) NINA, Troms\u00f8 Str\u00f8m, Hallvard (coordinator) NPI, Troms\u00f8 Anker-Nilssen, Tycho NINA, &hellip; <\/p>\n<p class=\"read-more-link\"><a href=\"https:\/\/seapop.no\/en\/about\/contact-us\/\">Les videre<span class=\"screen-reader-text\"> \u00abContact us\u00bb<\/span><\/a><\/p>\n","protected":false},"author":1,"featured_media":0,"parent":1108,"menu_order":67,"comment_status":"closed","ping_status":"closed","template":"","meta":{"_acf_changed":false,"_uag_custom_page_level_css":"","footnotes":""},"class_list":["post-1390","page","type-page","status-publish"],"acf":[],"uagb_featured_image_src":{"full":false,"thumbnail":false,"medium":false,"medium_large":false,"large":false,"1536x1536":false,"2048x2048":false,"default":false,"square":false},"uagb_author_info":{"display_name":"Gnist Design","author_link":"https:\/\/seapop.no\/en\/author\/gnist\/"},"uagb_comment_info":0,"uagb_excerpt":"Name Workplace Sagerup, Kjetil (coordinator) NINA, Troms\u00f8 Str\u00f8m, Hallvard (coordinator) NPI, Troms\u00f8 Anker-Nilssen, Tycho NINA, &hellip; Les videre \u00abContact us\u00bb","_links":{"self":[{"href":"https:\/\/seapop.no\/en\/wp-json\/wp\/v2\/pages\/1390","targetHints":{"allow":["GET"]}}],"collection":[{"href":"https:\/\/seapop.no\/en\/wp-json\/wp\/v2\/pages"}],"about":[{"href":"https:\/\/seapop.no\/en\/wp-json\/wp\/v2\/types\/page"}],"author":[{"embeddable":true,"href":"https:\/\/seapop.no\/en\/wp-json\/wp\/v2\/users\/1"}],"replies":[{"embeddable":true,"href":"https:\/\/seapop.no\/en\/wp-json\/wp\/v2\/comments?post=1390"}],"version-history":[{"count":3,"href":"https:\/\/seapop.no\/en\/wp-json\/wp\/v2\/pages\/1390\/revisions"}],"predecessor-version":[{"id":15342,"href":"https:\/\/seapop.no\/en\/wp-json\/wp\/v2\/pages\/1390\/revisions\/15342"}],"up":[{"embeddable":true,"href":"https:\/\/seapop.no\/en\/wp-json\/wp\/v2\/pages\/1108"}],"wp:attachment":[{"href":"https:\/\/seapop.no\/en\/wp-json\/wp\/v2\/media?parent=1390"}],"curies":[{"name":"wp","href":"https:\/\/api.w.org\/{rel}","templated":true}]}}