{"id":1622,"date":"2021-01-07T10:08:11","date_gmt":"2021-01-07T10:08:11","guid":{"rendered":"https:\/\/seapop.no\/?page_id=1622"},"modified":"2022-10-04T13:00:47","modified_gmt":"2022-10-04T11:00:47","slug":"seatrack-2020","status":"publish","type":"page","link":"https:\/\/seapop.no\/en\/seatrack\/seatrack-publications-2\/seatrack-2020\/","title":{"rendered":"Published 2020"},"content":{"rendered":"\n<p class=\"has-sizing-medium\">Albert C., Helgason H.H., Brault-Favrou M., Robertson G.J., Descamps S., Am\u00e9lineau F., Danielsen J., Dietz R., Elliott K., Erikstad K.E., Eulaers I., Ezhov A., Fitzsimmons M.G., Gavrilo M., Golubova E., Gr\u00e9millet D., Hatch S., Huffeldt N.P., Jakubas D., Kitaysky A., Kolbeinsson Y, Krasnov Y., Lorentsen S.-H., Lorentzen E., Mallory M.L, Merkel B., Merkel F.R., Montevecchi W., Mosbech A., Olsen B., Orben R.A., Patterson A., Provencher J., Plumejeaud C., Pratte I., Reiertsen T.K., Renner H., Rojek N., Romano M., Str\u00f8m H., Systad G.H., Takahashi A., Thiebot J.-B., Th\u00f3rarinsson T.L., Will A.P., Wojczulanis-Jakubas K., Bustamante P., Fort J. 2020. <a rel=\"noreferrer noopener\" href=\"https:\/\/www.sciencedirect.com\/science\/article\/pii\/S0048969720357302#!\" target=\"_blank\">Seasonal variation of mercury contamination in Arctic seabirds: A pan-Arctic assessment.<\/a> <em>Science of The Total Environment 750<\/em>:\u00a011 pp. DOI: <a rel=\"noreferrer noopener\" href=\"https:\/\/doi.org\/10.1016\/j.scitotenv.2020.142201\" target=\"_blank\">https:\/\/doi.org\/10.1016\/j.scitotenv.2020.142201<\/a><\/p>\n\n\n\n<p class=\"has-sizing-medium\">Descamps S., Merkel B., Str\u00f8m H., Choquet R., Steen H., Fort J., Gavrilo M., Gr\u00e9millet D., Jakubas D., Jerstad K., Karnovsky N.J., Krasnov Y.V., Moe B., Welcker J., Wojczulanis-Jakubas K. 2020. <a rel=\"noreferrer noopener\" href=\"https:\/\/www.int-res.com\/user-login\/?file=%2Farticles%2Fmeps2020%2FSEA%2FM%2013400%20Descamps_AdvView.pdf\" target=\"_blank\">Sharing wintering grounds does not synchronize annual survival in a high Arctic seabird, the little auk.<\/a> <em>Mar Ecol Prog Ser :SEAav1<\/em>. DOI: <a rel=\"noreferrer noopener\" href=\"https:\/\/doi.org\/10.3354\/meps13400\" target=\"_blank\">https:\/\/doi.org\/10.3354\/meps13400<\/a><\/p>\n\n\n\n<p class=\"has-sizing-medium\">Merkel B., Descamps S., Yoccoz N.G., Gr\u00e9millet D., Daunt F., Erikstad K.E., Ezhov A.V., Harris M.P., Gavrilo M., Lorentsen S-H., Reiertsen T.K., Steen H., Systad G.H., \u00de\u00f3rarinsson \u00de.L., Wanless S., Str\u00f8m H.\u00a02020. <a rel=\"noreferrer noopener\" href=\"https:\/\/onlinelibrary.wiley.com\/doi\/pdf\/10.1111\/jbi.13883\" target=\"_blank\">Individual migration strategy fidelity but no habitat specialization in two congeneric seabirds<\/a><em>.<\/em><em>\u00a0J Biogeogr 00<\/em>:\u00a01-13\u00a0DOI:\u00a0<a rel=\"noreferrer noopener\" href=\"http:\/\/dx.doi.org\/https:\/\/doi.org\/10.1111\/jbi.13883\" target=\"_blank\">https:\/\/doi.org\/10.1111\/jbi.13883<\/a><\/p>\n\n\n\n<p class=\"has-sizing-medium\">Renedo M., Amouroux D., Albert C., B\u00e9rail S., Br\u00e5then V.S., Gavrilo M., Gr\u00e9millet D., Helgason H.H., Jakubas D., Mosbech A. , Str\u00f8m H., Tessier E., Wojczulanis-Jakubas K., Bustamante P., Fort J. 2020.\u00a0<a rel=\"noreferrer noopener\" href=\"https:\/\/pubs.acs.org\/doi\/pdf\/10.1021\/acs.est.0c03285\" target=\"_blank\">Contrasting Spatial and Seasonal Trends of Methylmercury Exposure Pathways of Arctic Seabirds: Combination of Large-Scale Tracking and Stable Isotopic Approaches.<\/a><em> <\/em><em>Environ. Sci. Technol. 54<\/em>:\u00a013619-13629\u00a0DOI:\u00a0<a rel=\"noreferrer noopener\" href=\"http:\/\/dx.doi.org\/https:\/\/doi.org\/10.1021\/acs.est.0c03285\" target=\"_blank\">https:\/\/doi.org\/10.1021\/acs.est.0c03285<\/a><\/p>\n","protected":false},"excerpt":{"rendered":"<p>Albert C., Helgason H.H., Brault-Favrou M., Robertson G.J., Descamps S., Am\u00e9lineau F., Danielsen J., Dietz &hellip; <\/p>\n<p class=\"read-more-link\"><a href=\"https:\/\/seapop.no\/en\/seatrack\/seatrack-publications-2\/seatrack-2020\/\">Les videre<span class=\"screen-reader-text\"> \u00abPublished 2020\u00bb<\/span><\/a><\/p>\n","protected":false},"author":1,"featured_media":0,"parent":1619,"menu_order":197,"comment_status":"closed","ping_status":"closed","template":"","meta":{"_acf_changed":false,"_uag_custom_page_level_css":"","footnotes":""},"class_list":["post-1622","page","type-page","status-publish"],"acf":[],"uagb_featured_image_src":{"full":false,"thumbnail":false,"medium":false,"medium_large":false,"large":false,"1536x1536":false,"2048x2048":false,"default":false,"square":false},"uagb_author_info":{"display_name":"Gnist Design","author_link":"https:\/\/seapop.no\/en\/author\/gnist\/"},"uagb_comment_info":0,"uagb_excerpt":"Albert C., Helgason H.H., Brault-Favrou M., Robertson G.J., Descamps S., Am\u00e9lineau F., Danielsen J., Dietz &hellip; Les videre \u00abPublished 2020\u00bb","_links":{"self":[{"href":"https:\/\/seapop.no\/en\/wp-json\/wp\/v2\/pages\/1622","targetHints":{"allow":["GET"]}}],"collection":[{"href":"https:\/\/seapop.no\/en\/wp-json\/wp\/v2\/pages"}],"about":[{"href":"https:\/\/seapop.no\/en\/wp-json\/wp\/v2\/types\/page"}],"author":[{"embeddable":true,"href":"https:\/\/seapop.no\/en\/wp-json\/wp\/v2\/users\/1"}],"replies":[{"embeddable":true,"href":"https:\/\/seapop.no\/en\/wp-json\/wp\/v2\/comments?post=1622"}],"version-history":[{"count":3,"href":"https:\/\/seapop.no\/en\/wp-json\/wp\/v2\/pages\/1622\/revisions"}],"predecessor-version":[{"id":10238,"href":"https:\/\/seapop.no\/en\/wp-json\/wp\/v2\/pages\/1622\/revisions\/10238"}],"up":[{"embeddable":true,"href":"https:\/\/seapop.no\/en\/wp-json\/wp\/v2\/pages\/1619"}],"wp:attachment":[{"href":"https:\/\/seapop.no\/en\/wp-json\/wp\/v2\/media?parent=1622"}],"curies":[{"name":"wp","href":"https:\/\/api.w.org\/{rel}","templated":true}]}}