{"id":1624,"date":"2021-01-07T10:09:32","date_gmt":"2021-01-07T10:09:32","guid":{"rendered":"https:\/\/seapop.no\/?page_id=1624"},"modified":"2021-03-09T16:37:17","modified_gmt":"2021-03-09T15:37:17","slug":"seatrack-2019","status":"publish","type":"page","link":"https:\/\/seapop.no\/en\/seatrack\/seatrack-publications-2\/seatrack-2019\/","title":{"rendered":"Published 2019"},"content":{"rendered":"\n<p class=\"has-sizing-medium\">Fauchald P., Tarroux A., Br\u00e5then V. S., Descamps S., Ekker M., Helgason H. H., Merkel B., Moe B., \u00c5str\u00f6m J., Str\u00f8m H.\u00a02019\u00a0<a rel=\"noreferrer noopener\" href=\"https:\/\/brage.nina.no\/nina-xmlui\/bitstream\/handle\/11250\/2595504\/1657.pdf?sequence=1&amp;isAllowed=y\" target=\"_blank\">Arctic-breeding seabirds\u2019 hotspots in space and time &#8211; a methodological framework for year-round modelling of abundance and environmental niche using light-logger data.<\/a><em> NINA Rapport 1657<\/em>:\u00a085 pp<\/p>\n\n\n\n<p class=\"has-sizing-medium\">Fauchald P., Erikstad K.E., Reiertsen T.K. 2019 <a rel=\"noreferrer noopener\" href=\"https:\/\/brage.nina.no\/nina-xmlui\/handle\/11250\/2593873?locale-attribute=en\" target=\"_blank\">Sj\u00f8fugl i Barentshavet &#8211; vurderinger av s\u00e5rbare arter, bestander, omr\u00e5der og perioder basert p\u00e5 nyeste kunnskap (revidert utgave).<\/a><em> NINA Rapport 1616b<\/em>:\u00a054 pp<\/p>\n\n\n\n<p class=\"has-sizing-medium\">Grissot A., Graham I.M., Quinn L., Br\u00e5then V.S., Thompson P.M . 2019\u00a0<a rel=\"noreferrer noopener\" href=\"https:\/\/onlinelibrary.wiley.com\/doi\/epdf\/10.1111\/ibi.12714\" target=\"_blank\">Breeding status influences timing but not duration of moult in the Northern Fulmar <em>Fulmarus glacialis.<\/em><\/a> <em>Ibis <\/em>(2020), 162, 446\u2013459 1DOI: <a rel=\"noreferrer noopener\" href=\"https:\/\/doi.org\/10.1111\/ibi.12714\" target=\"_blank\" data-type=\"URL\">0.1111\/ibi.12714<\/a><\/p>\n\n\n\n<p class=\"has-sizing-medium\">Lisovski S., Bauer S., Briedis M., Davidson S.C., Dhanjal\u2010Adams K.L., Hallworth M.T, Karagicheva J., Meier C.M., Merkel B., Ouwehand J., Pedersen L., Rakhimberdiev E., Roberto\u2010Charron A., Seavy N.E., Sumner M.D., Taylor C.M., Wotherspoon S.J., Bridge E. 2019\u00a0<a rel=\"noreferrer noopener\" href=\"https:\/\/besjournals.onlinelibrary.wiley.com\/doi\/epdf\/10.1111\/1365-2656.13036\" target=\"_blank\">Light\u2010level geolocator analyses: A user&#8217;s guide.\u00a0<\/a><em>J Anim Ecol; 00<\/em>:\u00a01-16\u00a0DOI:\u00a0<a rel=\"noreferrer noopener\" href=\"http:\/\/dx.doi.org\/https:\/\/doi.org\/10.1111\/1365-2656.13036\" target=\"_blank\">https:\/\/doi.org\/10.1111\/1365-2656.13036<\/a><\/p>\n\n\n\n<p class=\"has-sizing-medium\">Merkel B., Descamps S., Yoccoz N. G., Danielsen J., Daunt F., Erikstad K. E., Ezhov A. V., Gr\u00e9millet D., Gavrilo M., Lorentsen S.-H., Reiertsen T. K., Steen H., Systad G.H., \u00de\u00f3rarinsson \u00de.L., Str\u00f8m H. 2019 <a rel=\"noreferrer noopener\" href=\"https:\/\/royalsocietypublishing.org\/doi\/10.1098\/rsbl.2019.0634\" target=\"_blank\">Earlier colony arrival but no trend in hatching timing in two congeneric seabirds (Uria spp.) across the North Atlantic.<\/a><em> Biology Letters 15:10<\/em> DOI: <a href=\"https:\/\/doi.org\/10.1098\/rsbl.2019.0634\">https:\/\/doi.org\/10.1098\/rsbl.2019.0634<\/a><\/p>\n\n\n\n<p class=\"has-sizing-medium\">St. John Glew K., Wanless S., Harris M.P., Daunt F., Erikstad K.E., Str\u00f8m H., Speakman J.R., K\u00fcrten B., Trueman C.N. 2019 <a rel=\"noreferrer noopener\" href=\"https:\/\/movementecologyjournal.biomedcentral.com\/articles\/10.1186\/s40462-019-0174-4\" target=\"_blank\">Sympatric Atlantic puffins and razorbills show contrasting responses to adverse marine conditions during winter foraging within the North Sea.<\/a><em>Movement Ecology 7<\/em> DOI: <a href=\"https:\/\/doi.org\/10.1186\/s40462-019-0174-4\" target=\"_blank\" rel=\"noreferrer noopener\">https:\/\/doi.org\/10.1186\/s40462-019-0174-4<\/a><\/p>\n\n\n\n<p class=\"has-sizing-medium\">Systad G.H.R., Fauchald P., Descamps S., Christensen-Dalsgaard S., Str\u00f8m H., Tarroux A. 2019 \u00a0<a rel=\"noreferrer noopener\" href=\"https:\/\/brage.nina.no\/nina-xmlui\/handle\/11250\/2594535\" target=\"_blank\">Identifisering av viktige omr\u00e5der for sj\u00f8fugl i norske havomr\u00e5der \u2013 innspill til forvaltningsplanarbeidet.\u00a0<\/a><em>NINA Rapport 1627<\/em>:\u00a046 pp<\/p>\n","protected":false},"excerpt":{"rendered":"<p>Fauchald P., Tarroux A., Br\u00e5then V. S., Descamps S., Ekker M., Helgason H. H., Merkel &hellip; <\/p>\n<p class=\"read-more-link\"><a href=\"https:\/\/seapop.no\/en\/seatrack\/seatrack-publications-2\/seatrack-2019\/\">Les videre<span class=\"screen-reader-text\"> \u00abPublished 2019\u00bb<\/span><\/a><\/p>\n","protected":false},"author":1,"featured_media":0,"parent":1619,"menu_order":195,"comment_status":"closed","ping_status":"closed","template":"","meta":{"_acf_changed":false,"_uag_custom_page_level_css":"","footnotes":""},"class_list":["post-1624","page","type-page","status-publish"],"acf":[],"uagb_featured_image_src":{"full":false,"thumbnail":false,"medium":false,"medium_large":false,"large":false,"1536x1536":false,"2048x2048":false,"default":false,"square":false},"uagb_author_info":{"display_name":"Gnist Design","author_link":"https:\/\/seapop.no\/en\/author\/gnist\/"},"uagb_comment_info":0,"uagb_excerpt":"Fauchald P., Tarroux A., Br\u00e5then V. S., Descamps S., Ekker M., Helgason H. H., Merkel &hellip; Les videre \u00abPublished 2019\u00bb","_links":{"self":[{"href":"https:\/\/seapop.no\/en\/wp-json\/wp\/v2\/pages\/1624","targetHints":{"allow":["GET"]}}],"collection":[{"href":"https:\/\/seapop.no\/en\/wp-json\/wp\/v2\/pages"}],"about":[{"href":"https:\/\/seapop.no\/en\/wp-json\/wp\/v2\/types\/page"}],"author":[{"embeddable":true,"href":"https:\/\/seapop.no\/en\/wp-json\/wp\/v2\/users\/1"}],"replies":[{"embeddable":true,"href":"https:\/\/seapop.no\/en\/wp-json\/wp\/v2\/comments?post=1624"}],"version-history":[{"count":2,"href":"https:\/\/seapop.no\/en\/wp-json\/wp\/v2\/pages\/1624\/revisions"}],"predecessor-version":[{"id":5794,"href":"https:\/\/seapop.no\/en\/wp-json\/wp\/v2\/pages\/1624\/revisions\/5794"}],"up":[{"embeddable":true,"href":"https:\/\/seapop.no\/en\/wp-json\/wp\/v2\/pages\/1619"}],"wp:attachment":[{"href":"https:\/\/seapop.no\/en\/wp-json\/wp\/v2\/media?parent=1624"}],"curies":[{"name":"wp","href":"https:\/\/api.w.org\/{rel}","templated":true}]}}