{"id":3805,"date":"2021-02-01T20:25:38","date_gmt":"2021-02-01T20:25:38","guid":{"rendered":"https:\/\/seapop.no\/?page_id=3805"},"modified":"2021-03-22T11:22:27","modified_gmt":"2021-03-22T10:22:27","slug":"published-2011","status":"publish","type":"page","link":"https:\/\/seapop.no\/en\/publications\/published-seapop\/published-2011\/","title":{"rendered":"Published 2011"},"content":{"rendered":"\n<p class=\"has-sizing-medium\">Anker-Nilssen, T. (red.). 2011. <a href=\"https:\/\/seapop.no\/wp-content\/uploads\/2021\/03\/sjofugl-i-norge-2010-web.pdf\" target=\"_blank\" rel=\"noreferrer noopener\">Sj\u00f8fugl i Norge 2010. Resultater fra SEAPOP-programmet.<\/a><em> \u00c5rsbrosjyre SEAPOP<\/em>:\u00a012 s.<\/p>\n\n\n\n<p class=\"has-sizing-medium\">Barrett, R.T., Erikstad, K.E. 2011. <a href=\"https:\/\/seapop.no\/wp-content\/uploads\/2021\/03\/seapop-short-report-3-2011.pdf\" target=\"_blank\" rel=\"noreferrer noopener\">Key-site monitoring on Horn\u00f8ya in 2010.<\/a><em> SEAPOP Short Report 3-2011<\/em>:&nbsp;6 s.<\/p>\n\n\n\n<p class=\"has-sizing-medium\">Descamps, S. 2011. <a href=\"https:\/\/seapop.no\/wp-content\/uploads\/2021\/03\/seapop-short-report-2-2011.pdf\" target=\"_blank\" rel=\"noreferrer noopener\">Key-site monitoring on Spitsbergen in 2010.<\/a><em> SEAPOP Short Report 2-2011<\/em>:&nbsp;5 s.<\/p>\n\n\n\n<p class=\"has-sizing-medium\">Fauchald, P. 2011. <a rel=\"noreferrer noopener\" href=\"http:\/\/www.nina.no\/archive\/nina\/PppBasePdf\/rapport\/2011\/786.pdf\" target=\"_blank\">Sj\u00f8fugl i \u00e5pent hav. Utbredelsen av sj\u00f8fugl i norske og tilgrensende havomr\u00e5der.<\/a><em> NINA Rapport 786<\/em>:&nbsp;33 s. <\/p>\n\n\n\n<p class=\"has-sizing-medium\">Petersen, I.K., Nielsen, R.D., Lorentsen, S.H. 2011. <a href=\"https:\/\/seapop.no\/wp-content\/uploads\/2021\/03\/seapop-short-report-1-2011.pdf\" target=\"_blank\" rel=\"noreferrer noopener\">Numbers and distribution of wintering waterbirds in coastal southern Norway 2009.<\/a><em> SEAPOP Short Report 1-2011<\/em>:&nbsp;7 s.<\/p>\n","protected":false},"excerpt":{"rendered":"<p>Anker-Nilssen, T. (red.). 2011. Sj\u00f8fugl i Norge 2010. Resultater fra SEAPOP-programmet. \u00c5rsbrosjyre SEAPOP:\u00a012 s. Barrett, &hellip; <\/p>\n<p class=\"read-more-link\"><a href=\"https:\/\/seapop.no\/en\/publications\/published-seapop\/published-2011\/\">Les videre<span class=\"screen-reader-text\"> \u00abPublished 2011\u00bb<\/span><\/a><\/p>\n","protected":false},"author":1,"featured_media":0,"parent":1608,"menu_order":159,"comment_status":"closed","ping_status":"closed","template":"","meta":{"_acf_changed":false,"_uag_custom_page_level_css":"","footnotes":""},"class_list":["post-3805","page","type-page","status-publish"],"acf":[],"uagb_featured_image_src":{"full":false,"thumbnail":false,"medium":false,"medium_large":false,"large":false,"1536x1536":false,"2048x2048":false,"default":false,"square":false},"uagb_author_info":{"display_name":"Gnist Design","author_link":"https:\/\/seapop.no\/en\/author\/gnist\/"},"uagb_comment_info":0,"uagb_excerpt":"Anker-Nilssen, T. (red.). 2011. Sj\u00f8fugl i Norge 2010. Resultater fra SEAPOP-programmet. \u00c5rsbrosjyre SEAPOP:\u00a012 s. Barrett, &hellip; Les videre \u00abPublished 2011\u00bb","_links":{"self":[{"href":"https:\/\/seapop.no\/en\/wp-json\/wp\/v2\/pages\/3805","targetHints":{"allow":["GET"]}}],"collection":[{"href":"https:\/\/seapop.no\/en\/wp-json\/wp\/v2\/pages"}],"about":[{"href":"https:\/\/seapop.no\/en\/wp-json\/wp\/v2\/types\/page"}],"author":[{"embeddable":true,"href":"https:\/\/seapop.no\/en\/wp-json\/wp\/v2\/users\/1"}],"replies":[{"embeddable":true,"href":"https:\/\/seapop.no\/en\/wp-json\/wp\/v2\/comments?post=3805"}],"version-history":[{"count":3,"href":"https:\/\/seapop.no\/en\/wp-json\/wp\/v2\/pages\/3805\/revisions"}],"predecessor-version":[{"id":6192,"href":"https:\/\/seapop.no\/en\/wp-json\/wp\/v2\/pages\/3805\/revisions\/6192"}],"up":[{"embeddable":true,"href":"https:\/\/seapop.no\/en\/wp-json\/wp\/v2\/pages\/1608"}],"wp:attachment":[{"href":"https:\/\/seapop.no\/en\/wp-json\/wp\/v2\/media?parent=3805"}],"curies":[{"name":"wp","href":"https:\/\/api.w.org\/{rel}","templated":true}]}}