{"id":3821,"date":"2021-02-01T20:32:03","date_gmt":"2021-02-01T20:32:03","guid":{"rendered":"https:\/\/seapop.no\/?page_id=3821"},"modified":"2021-03-22T13:09:44","modified_gmt":"2021-03-22T12:09:44","slug":"published-2006","status":"publish","type":"page","link":"https:\/\/seapop.no\/en\/publications\/published-seapop\/published-2006\/","title":{"rendered":"Published 2006"},"content":{"rendered":"\n<p class=\"has-sizing-medium\">Anker-Nilssen, T., Barrett, R.T., Bustnes, J.O., Erikstad, K.E., Fauchald, P., Lorentsen, S.-H., Steen, H., Str\u00f8m, H., Systad, G.H. &amp; Tveraa, T. 2006. <a href=\"https:\/\/seapop.no\/wp-content\/uploads\/2021\/03\/nina-report-127.pdf\">SEAPOP studies in the Lofoten and Barents Sea area in 2005<\/a>.&nbsp;<em>NINA Report 127<\/em>: 38 pp.<\/p>\n\n\n\n<p class=\"has-sizing-medium\">Anker-Nilssen, T. &amp; Aarvak, T. 2006. <a href=\"https:\/\/seapop.no\/wp-content\/uploads\/2021\/03\/nina-rapport-133.pdf\">Tidsseriestudier av sj\u00f8fugler i R\u00f8st kommune, Nordland. Resultater med fokus p\u00e5 2004 og 2005<\/a>.&nbsp;<em>NINA Rapport 133<\/em>: 85 pp.<\/p>\n\n\n\n<p class=\"has-sizing-medium\">Lorentsen, S.-H. 2006. <a href=\"https:\/\/seapop.no\/wp-content\/uploads\/2021\/03\/lorentsen-2006-nina-rapport-203.pdf\">Det nasjonale overv\u00e5kingsprogrammet for sj\u00f8fugl. Resultater til og med hekkesesongen 2006<\/a>.&nbsp;<em>NINA Rapport 203<\/em>: 53 pp.<\/p>\n","protected":false},"excerpt":{"rendered":"<p>Anker-Nilssen, T., Barrett, R.T., Bustnes, J.O., Erikstad, K.E., Fauchald, P., Lorentsen, S.-H., Steen, H., Str\u00f8m, &hellip; <\/p>\n<p class=\"read-more-link\"><a href=\"https:\/\/seapop.no\/en\/publications\/published-seapop\/published-2006\/\">Les videre<span class=\"screen-reader-text\"> \u00abPublished 2006\u00bb<\/span><\/a><\/p>\n","protected":false},"author":1,"featured_media":0,"parent":1608,"menu_order":149,"comment_status":"closed","ping_status":"closed","template":"","meta":{"_acf_changed":false,"_uag_custom_page_level_css":"","footnotes":""},"class_list":["post-3821","page","type-page","status-publish"],"acf":[],"uagb_featured_image_src":{"full":false,"thumbnail":false,"medium":false,"medium_large":false,"large":false,"1536x1536":false,"2048x2048":false,"default":false,"square":false},"uagb_author_info":{"display_name":"Gnist Design","author_link":"https:\/\/seapop.no\/en\/author\/gnist\/"},"uagb_comment_info":0,"uagb_excerpt":"Anker-Nilssen, T., Barrett, R.T., Bustnes, J.O., Erikstad, K.E., Fauchald, P., Lorentsen, S.-H., Steen, H., Str\u00f8m, &hellip; Les videre \u00abPublished 2006\u00bb","_links":{"self":[{"href":"https:\/\/seapop.no\/en\/wp-json\/wp\/v2\/pages\/3821","targetHints":{"allow":["GET"]}}],"collection":[{"href":"https:\/\/seapop.no\/en\/wp-json\/wp\/v2\/pages"}],"about":[{"href":"https:\/\/seapop.no\/en\/wp-json\/wp\/v2\/types\/page"}],"author":[{"embeddable":true,"href":"https:\/\/seapop.no\/en\/wp-json\/wp\/v2\/users\/1"}],"replies":[{"embeddable":true,"href":"https:\/\/seapop.no\/en\/wp-json\/wp\/v2\/comments?post=3821"}],"version-history":[{"count":3,"href":"https:\/\/seapop.no\/en\/wp-json\/wp\/v2\/pages\/3821\/revisions"}],"predecessor-version":[{"id":6234,"href":"https:\/\/seapop.no\/en\/wp-json\/wp\/v2\/pages\/3821\/revisions\/6234"}],"up":[{"embeddable":true,"href":"https:\/\/seapop.no\/en\/wp-json\/wp\/v2\/pages\/1608"}],"wp:attachment":[{"href":"https:\/\/seapop.no\/en\/wp-json\/wp\/v2\/media?parent=3821"}],"curies":[{"name":"wp","href":"https:\/\/api.w.org\/{rel}","templated":true}]}}