{"id":3824,"date":"2021-02-01T20:32:35","date_gmt":"2021-02-01T20:32:35","guid":{"rendered":"https:\/\/seapop.no\/?page_id=3824"},"modified":"2021-03-22T13:06:38","modified_gmt":"2021-03-22T12:06:38","slug":"published-2005","status":"publish","type":"page","link":"https:\/\/seapop.no\/en\/publications\/published-seapop\/published-2005\/","title":{"rendered":"Published 2005"},"content":{"rendered":"\n<p class=\"has-sizing-medium\">Anker-Nilssen, T., Bustnes, J.O., Erikstad, K.E., Fauchald, P., Lorentsen, S.-H., Tveraa, T., Str\u00f8m, H. &amp; Barrett, R.T. 2005. SEAPOP. <a href=\"https:\/\/seapop.no\/wp-content\/uploads\/2021\/03\/nina-rapport-1.pdf\">Et nasjonalt sj\u00f8fuglprogram for styrket beslutningsst\u00f8tte i marine omr\u00e5der<\/a>.&nbsp;<em>NINA Rapport 1<\/em>: 66 pp.<\/p>\n\n\n\n<p class=\"has-sizing-medium\">Lorentsen, S.-H. 2005. <a href=\"https:\/\/seapop.no\/wp-content\/uploads\/2021\/03\/nina-rapport-97.pdf\">Det nasjonale overv\u00e5kingsprogrammet for sj\u00f8fugl. Resultater til og med hekkesesongen 2005<\/a>.&nbsp;<em>NINA Rapport 97<\/em>: 49 pp.<\/p>\n","protected":false},"excerpt":{"rendered":"<p>Anker-Nilssen, T., Bustnes, J.O., Erikstad, K.E., Fauchald, P., Lorentsen, S.-H., Tveraa, T., Str\u00f8m, H. &amp; &hellip; <\/p>\n<p class=\"read-more-link\"><a href=\"https:\/\/seapop.no\/en\/publications\/published-seapop\/published-2005\/\">Les videre<span class=\"screen-reader-text\"> \u00abPublished 2005\u00bb<\/span><\/a><\/p>\n","protected":false},"author":1,"featured_media":0,"parent":1608,"menu_order":150,"comment_status":"closed","ping_status":"closed","template":"","meta":{"_acf_changed":false,"_uag_custom_page_level_css":"","footnotes":""},"class_list":["post-3824","page","type-page","status-publish"],"acf":[],"uagb_featured_image_src":{"full":false,"thumbnail":false,"medium":false,"medium_large":false,"large":false,"1536x1536":false,"2048x2048":false,"default":false,"square":false},"uagb_author_info":{"display_name":"Gnist Design","author_link":"https:\/\/seapop.no\/en\/author\/gnist\/"},"uagb_comment_info":0,"uagb_excerpt":"Anker-Nilssen, T., Bustnes, J.O., Erikstad, K.E., Fauchald, P., Lorentsen, S.-H., Tveraa, T., Str\u00f8m, H. &amp; &hellip; Les videre \u00abPublished 2005\u00bb","_links":{"self":[{"href":"https:\/\/seapop.no\/en\/wp-json\/wp\/v2\/pages\/3824","targetHints":{"allow":["GET"]}}],"collection":[{"href":"https:\/\/seapop.no\/en\/wp-json\/wp\/v2\/pages"}],"about":[{"href":"https:\/\/seapop.no\/en\/wp-json\/wp\/v2\/types\/page"}],"author":[{"embeddable":true,"href":"https:\/\/seapop.no\/en\/wp-json\/wp\/v2\/users\/1"}],"replies":[{"embeddable":true,"href":"https:\/\/seapop.no\/en\/wp-json\/wp\/v2\/comments?post=3824"}],"version-history":[{"count":3,"href":"https:\/\/seapop.no\/en\/wp-json\/wp\/v2\/pages\/3824\/revisions"}],"predecessor-version":[{"id":6232,"href":"https:\/\/seapop.no\/en\/wp-json\/wp\/v2\/pages\/3824\/revisions\/6232"}],"up":[{"embeddable":true,"href":"https:\/\/seapop.no\/en\/wp-json\/wp\/v2\/pages\/1608"}],"wp:attachment":[{"href":"https:\/\/seapop.no\/en\/wp-json\/wp\/v2\/media?parent=3824"}],"curies":[{"name":"wp","href":"https:\/\/api.w.org\/{rel}","templated":true}]}}