{"id":3833,"date":"2021-02-01T20:40:31","date_gmt":"2021-02-01T20:40:31","guid":{"rendered":"https:\/\/seapop.no\/?page_id=3833"},"modified":"2022-01-25T13:36:12","modified_gmt":"2022-01-25T12:36:12","slug":"published-2020","status":"publish","type":"page","link":"https:\/\/seapop.no\/en\/publications\/published-other\/published-2020\/","title":{"rendered":"Published 2020"},"content":{"rendered":"\n<p class=\"has-sizing-medium\">Bl\u00e9vin, P., Shaffer, S.A., Bustamante, P., Angelier, F., Picard, B., Herzke, D., Moe, B., Gabrielsen, G.W., Bustnes, J.O., Chastel, O. 2020. <a href=\"https:\/\/www.sciencedirect.com\/science\/article\/pii\/S001664801930173X\">Contaminants, prolactin and parental care in an Arctic seabird: Contrasted associations of perfluoroalkyl substances and organochlorine compounds with egg-turning behavior<\/a>. <em>General and Comparative Endocrinology 291:<\/em> 9 pp.<\/p>\n\n\n\n<p class=\"has-sizing-medium\">Christensen-Dalsgaard, S., Langset, M., Anker-Nilssen, T. 2020. <a rel=\"noreferrer noopener\" href=\"http:\/\/www.seabirdgroup.org.uk\/seabird-32-20\" target=\"_blank\">Offshore oil rigs \u2013 a breeding refuge for Norwegian Black-legged Kittiwakes Rissa tridactyla?<\/a><em> Seabird 32<\/em>:\u00a0pp 20-32.<\/p>\n\n\n\n<p class=\"has-sizing-medium\">Christensen-Dalsgaard, S., Mattisson, J., Norderhaug, K.M., Lorentsen, S.-H. 2020. <a href=\"https:\/\/link.springer.com\/article\/10.1007\/s00227-020-03739-1\">Sharing the neighbourhood: assessing the impact of kelp harvest on foraging behaviour of the European shag.<\/a><em> Marine Biology 167:136<\/em>:&nbsp;10 s.<\/p>\n\n\n\n<p class=\"has-sizing-medium\">Clairbaux, M., Cheung, W.W.L., Mathewson, P., Porter, W., Courbin, N., Fort, J., Str\u00f8m, H., Moe, B., Fauchald, P., Descamps, S., Helgason, H.H., Br\u00e5then, V.S., Merkel, B., Anker-Nilssen, T., Bringsvor, I.S., Chastel, O., Christensen-Dalsgaard, S., Danielsen, J., Daunt, F., Dehnhard, N., Erikstad, K.E., Ezhov, A., Gavrilo, M., Krasnov, Y., Langset, M., Lorentsen, S.H., Newell, M., Olsen, B., Reiertsen, T.K., Systad, G., \u00de\u00f3rarinsson, \u00de.L., Baran, M., Diamond, T., Fayet, A.L., Fitzsimmons, M.G., Frederiksen, M., Gilchrist, G.H., Guilford, T., Huffeldt, N.P., Jessopp, M., Johansen, K.L., Kouwenberg, A.L., Linnebjerg, J.F., Tranquilla, L.M., Mallory, M., Merkel, F.R., Montevecchi, W., Mosbech, A., Petersen, A., Gr\u00e9millet, D. 2020. <a href=\"https:\/\/onlinelibrary.wiley.com\/doi\/10.1111\/gcb.15497\">Meeting Paris agreement objectives will temper seabird winter distribution shifts in the North Atlantic Ocean<\/a>. <em>Global Change Biology 27:7 pp 1457-1469<\/em>.<\/p>\n\n\n\n<p class=\"has-sizing-medium\">Harris, S.M., Descamps, S., Sneddon, L.U., Cairo, M., Bertrand, P., Patrick, S.C. 2020. <a href=\"https:\/\/royalsocietypublishing.org\/doi\/10.1098\/rspb.2020.2381\">Personality-specific carry-over effects on breeding<\/a>. <em>Proc. R. Soc. B. 287: 20202381<\/em>.<\/p>\n\n\n\n<p class=\"has-sizing-medium\">Johansen, M., Irgens, M., Str\u00f8m, H., Anker-Nilssen, T., Artukhin, Y., Barrett, R., Barry, T., Black, J., Danielsen, J., Descamps, S., Dunn, T., Ekker, M., Gavrilo, M., Gilchrist, G., Hansen, E., Hedd, A., Irons, D., Jakobsen, J., Kuletz, K., Mallory, M., Merkel, F., Olsen, B., Parsons, M., Petersen, \u00c6., Provencher, J., Robertson, G., R\u00f6nk\u00e4, M. 2020. <a href=\"https:\/\/caff.is\/strategies-series\/all-strategies-documents\/526-international-black-legged-kittiwake-conservation-strategy-and-action-plan\">International Black-legged Kittiwake Conservation Strategy and Action Plan, Circumpolar Seabird Expert Group.<\/a><em> Conservation of Arctic Flora and Fauna, Akureyri, Iceland<\/em>:\u00a028 pp.<\/p>\n\n\n\n<p class=\"has-sizing-medium\">Renedo, M., Amouroux, D., Albert, C., B\u00e9rail, S., Br\u00e5then, V.S., Gavrilo, M., Gr\u00e9millet, D., Helgason, H.H., Jakubas, D., Mosbech, A., Str\u00f8m, H., Tessier, E., Wojczulanis-Jakubas, K., Bustamante, P., Fort, J. 2020. <a href=\"https:\/\/pubs.acs.org\/doi\/10.1021\/acs.est.0c03285\">Contrasting Spatial and Seasonal Trends of Methylmercury Exposure Pathways of Arctic Seabirds: Combination of Large-Scale Tracking and Stable Isotopic Approaches<\/a>. <em>Environ. Sci. Technol. 54:21<\/em>, pp 13619-13629.<\/p>\n\n\n\n<p class=\"has-sizing-medium\">Saraux, C., Sydeman, W.J., Piatt, J.F., Anker-Nilssen, T., Hentati-Sundberg, J., Bertrand, S., Cury, P.M., Furness, R.W., Mills, J.A., \u00d6sterblom, H., Passuni, G., Roux, J.-P., Shannon, L.J., Crawford, R.J.M. 2020. <a href=\"https:\/\/onlinelibrary.wiley.com\/doi\/full\/10.1111\/faf.12517\">Seabird-induced natural mortality of forage fish varies with fish abundance: Evidence from five ecosystems<\/a>. <em>Fish and Fisheries 22:2<\/em>, pp 267-279.<\/p>\n\n\n\n<p class=\"has-sizing-medium\">Sebastiano, M., Angelier, F., Bl\u00e9vin, P., Ribout, C., Sagerup, K., Descamps, S., Herzke, D., Moe, B., Barbraud, C., Bustnes, J.O., Gabrielsen, G.W., Chastel, O. 2020. <a href=\"https:\/\/pubs.acs.org\/doi\/10.1021\/acs.est.0c03099\">Exposure to PFAS is Associated with Telomere Length Dynamics and Demographic Responses of an Arctic Top Predator<\/a>. <em>Environ. Sci. Technol. 54:16<\/em>, pp 10217-10226.<\/p>\n\n\n\n<p class=\"has-sizing-medium\">Str\u00f8m, H., Bakken, V., Skoglund, A., Descamps, S., Fjeldheim, V.B., Steen, H. 2020. <a href=\"https:\/\/www.int-res.com\/articles\/esr2020\/43\/n043p435.pdf\">Population status and trend of the threatened ivory gull Pagophila eburnea in Svalbard<\/a>. <em>Endang Species Res. 43:<\/em> pp 435\u2013445.<\/p>\n","protected":false},"excerpt":{"rendered":"<p>Bl\u00e9vin, P., Shaffer, S.A., Bustamante, P., Angelier, F., Picard, B., Herzke, D., Moe, B., Gabrielsen, &hellip; <\/p>\n<p class=\"read-more-link\"><a href=\"https:\/\/seapop.no\/en\/publications\/published-other\/published-2020\/\">Les videre<span class=\"screen-reader-text\"> \u00abPublished 2020\u00bb<\/span><\/a><\/p>\n","protected":false},"author":1,"featured_media":0,"parent":1610,"menu_order":111,"comment_status":"closed","ping_status":"closed","template":"","meta":{"_acf_changed":false,"_uag_custom_page_level_css":"","footnotes":""},"class_list":["post-3833","page","type-page","status-publish"],"acf":[],"uagb_featured_image_src":{"full":false,"thumbnail":false,"medium":false,"medium_large":false,"large":false,"1536x1536":false,"2048x2048":false,"default":false,"square":false},"uagb_author_info":{"display_name":"Gnist Design","author_link":"https:\/\/seapop.no\/en\/author\/gnist\/"},"uagb_comment_info":0,"uagb_excerpt":"Bl\u00e9vin, P., Shaffer, S.A., Bustamante, P., Angelier, F., Picard, B., Herzke, D., Moe, B., Gabrielsen, &hellip; Les videre \u00abPublished 2020\u00bb","_links":{"self":[{"href":"https:\/\/seapop.no\/en\/wp-json\/wp\/v2\/pages\/3833","targetHints":{"allow":["GET"]}}],"collection":[{"href":"https:\/\/seapop.no\/en\/wp-json\/wp\/v2\/pages"}],"about":[{"href":"https:\/\/seapop.no\/en\/wp-json\/wp\/v2\/types\/page"}],"author":[{"embeddable":true,"href":"https:\/\/seapop.no\/en\/wp-json\/wp\/v2\/users\/1"}],"replies":[{"embeddable":true,"href":"https:\/\/seapop.no\/en\/wp-json\/wp\/v2\/comments?post=3833"}],"version-history":[{"count":3,"href":"https:\/\/seapop.no\/en\/wp-json\/wp\/v2\/pages\/3833\/revisions"}],"predecessor-version":[{"id":7758,"href":"https:\/\/seapop.no\/en\/wp-json\/wp\/v2\/pages\/3833\/revisions\/7758"}],"up":[{"embeddable":true,"href":"https:\/\/seapop.no\/en\/wp-json\/wp\/v2\/pages\/1610"}],"wp:attachment":[{"href":"https:\/\/seapop.no\/en\/wp-json\/wp\/v2\/media?parent=3833"}],"curies":[{"name":"wp","href":"https:\/\/api.w.org\/{rel}","templated":true}]}}