{"id":3836,"date":"2021-02-01T20:41:08","date_gmt":"2021-02-01T20:41:08","guid":{"rendered":"https:\/\/seapop.no\/?page_id=3836"},"modified":"2021-06-21T15:31:47","modified_gmt":"2021-06-21T13:31:47","slug":"published-2019","status":"publish","type":"page","link":"https:\/\/seapop.no\/en\/publications\/published-other\/published-2019\/","title":{"rendered":"Published 2019"},"content":{"rendered":"\n<p class=\"has-sizing-medium\">B\u00e6rum, K.M., Anker-Nilssen, T., Christensen-Dalsgaard, S., Fangel, K., Williams, T., V\u00f8lstad, J.H. 2019. <a href=\"https:\/\/journals.plos.org\/plosone\/article?id=10.1371\/journal.pone.0212786\">Spatial and temporal variations in seabird bycatch: Incidental bycatch in the Norwegian coastal gillnet-fishery.<\/a><em> <\/em><em>PLoS ONE 14(3)<\/em><\/p>\n\n\n\n<p class=\"has-sizing-medium\">Christensen-Dalsgaard, S., Anker-Nilssen, T., Crawford, R., Bond, A., Sigur\u00f0sson, G.M., Glemarec, G., Hansen, E.S., Kadin, M., Kindt-Larsen, L., Mallory, M., Merkel, F.R., Petersen, A., Provencher, J., B\u00e6rum, K.M. 2019. <a href=\"https:\/\/www.sciencedirect.com\/science\/article\/pii\/S0006320719307025?via%3Dihub\">What\u2019s the catch with lumpsuckers? A North Atlantic study of seabird bycatch in lumpsucker gillnet fisheries.<\/a><em> <\/em><em>Biological Conservation 240<\/em>:\u00a010 pp.<\/p>\n\n\n\n<p class=\"has-sizing-medium\">Clairbaux, M., Fort, J., Mathewson, P., Porter, W., Str\u00f8m, H., Gr\u00e9millet, D. 2019. <a href=\"https:\/\/doi.org\/10.1038\/s41598-019-54228-5\">Climate change could overturn bird migration: Transarctic flights and high-latitude residency in a sea ice free Arctic.<\/a><em>Scientific Reports 9, 17767<\/em><\/p>\n\n\n\n<p class=\"has-sizing-medium\">Dehnhard, N., Herzke, D., Gabrielsen, G.W., Anker-Nilssen, T., Ask, A., Christensen-Dalsgaard, S., Descamps, S., Hallanger, I., Hanssen, S.A., Langset, M., Moncl\u00fas, L., O&#8217;Hanlon, N., Reiertsen, T.K., Str\u00f8m, H. 2019. <a href=\"https:\/\/brage.nina.no\/nina-xmlui\/handle\/11250\/2627392\">NINA Report 1719 &#8211; Seabirds as indicators of distribution, trends and population level effects of plastics in the Arctic marine environment. Workshop Report.<\/a><em> <\/em><em>NINA Rapport 1719<\/em>:\u00a036 p.<\/p>\n\n\n\n<p class=\"has-sizing-medium\">Dehnhard, N., Skei, J., Christensen-Dalsgaard, S., May, R., Halley, D., Ringsby, T.H., Lorentsen, S.-H. 2019. <a href=\"https:\/\/link.springer.com\/article\/10.1007%2Fs00227-019-3624-z\">Boat disturbance effects on moulting common eiders Somateria mollissima.<\/a><em> <\/em><em>Marine Biology 167:12<\/em>:\u00a011 pp.<\/p>\n\n\n\n<p class=\"has-sizing-medium\">Descamps, S., Ram\u00edrez, F., Benjaminsen, S., Anker-Nilssen, T., Barrett, R. T., Burr, Z., Christensen-Dalsgaard, S., Erikstad, K.-E., Irons, D. B., Lorentsen, S.-H, Mallory, M. L., Robertson, G. J., Reiertsen, T. K., Str\u00f8m, H., Varpe, \u00d8., Lavergne, S. 2019. <a href=\"https:\/\/onlinelibrary.wiley.com\/doi\/full\/10.1111\/gcb.14780\">Diverging phenological responses of Arctic seabirds to an earlier spring.<\/a><em> <\/em><em>Global Change Biology; 00<\/em>:\u00a01-11\u00a0DOI:\u00a0<a href=\"http:\/\/dx.doi.org\/10.1111\/gcb.14780\">10.1111\/gcb.14780<\/a><\/p>\n\n\n\n<p class=\"has-sizing-medium\">Descamps, S. 2019. <a href=\"https:\/\/onlinelibrary.wiley.com\/doi\/pdf\/10.1002\/ece3.4863\">Breeding synchrony and predator specialization: A test of the predator swamping hypothesis in seabirds.<\/a><em> Ecology and Evolution 9<\/em>:\u00a01431-1436.<\/p>\n\n\n\n<p class=\"has-sizing-medium\">Dufour P., Descamps, S., Chantepie, S., Renaud, J., Gu\u00e9guen, M., Schiffers, K., Thuiller, W., Lavergne, S. 2019. <a href=\"https:\/\/onlinelibrary.wiley.com\/doi\/full\/10.1111\/jbi.13700\">Reconstructing the geographic and climatic origins of long distance bird migrations<\/a>. <em>Journal of Biogeography 47<\/em>: 155-166.<\/p>\n\n\n\n<p class=\"has-sizing-medium\">Gu\u00e9ry, L., Descamps, S., Hodges, K. I., Pradel, R., Moe, B., Hanssen, S.A., Erikstad, K. E., Gabrielsen, G. W., Gilchrist, H. G., Jenouvrier, S., B\u00eaty, J. 2019. <a href=\"https:\/\/doi.org\/10.3354\/meps13066\">Winter extratropical cyclone influence on seabird survival: variation between and within common eider Somateria mollissima populations.<\/a><em> <\/em><em>Marine Ecology Progress Series 627<\/em>:\u00a0155-170.\u00a0DOI:\u00a0<a href=\"http:\/\/dx.doi.org\/https:\/\/doi.org\/10.3354\/meps13066\">https:\/\/doi.org\/10.3354\/meps13066<\/a><\/p>\n\n\n\n<p class=\"has-sizing-medium\">Harris, S. H., Descamps, S., Sneddon, L. U., Bertrand, P., Chastel, O., Patrick, S.C. 2019. <a href=\"https:\/\/besjournals.onlinelibrary.wiley.com\/doi\/full\/10.1111\/1365-2656.13106\">Personality predicts foraging site fidelity and trip repeatability in a marine predator.<\/a><em> Journal of Animal Ecology 00<\/em>:\u00a01-12.<\/p>\n\n\n\n<p class=\"has-sizing-medium\">Hovinen J., Tarroux A., Ramirez F., Forero M., Descamps S. 2019. <a href=\"https:\/\/www.int-res.com\/abstracts\/meps\/v613\/p183-195\/\">Relationships between isotopic ratios, body condition and breeding success in a High Arctic seabird community<\/a><em>. MEPS<\/em><strong> <\/strong><em>613: 183-195<\/em><\/p>\n\n\n\n<p class=\"has-sizing-medium\">Lorentsen, S.-H., Mattisson, J., Christensen-Dalsgaard, S. 2019. <a href=\"https:\/\/www.int-res.com\/abstracts\/meps\/v619\/p137-147\/\">Reproductive success in the European shag is linked to annual variation in diet and foraging trip metrics.<\/a><em> <\/em><em>MEPS 619<\/em>:\u00a0pp 137-147<\/p>\n\n\n\n<p class=\"has-sizing-medium\">Merkel, B., Descamps, S., Yoccoz, N. G., Danielsen, J., Daunt, F., Erikstad, K. E., Ezhov, A. V., Gr\u00e9millet, D., Gavrilo, M., Lorentsen, S.-H., Reiertsen, T. K., Steen, H., Systad, G.H., \u00de\u00f3rarinsson, \u00de.L., , Str\u00f8m, H. 2019. <a href=\"https:\/\/royalsocietypublishing.org\/doi\/10.1098\/rsbl.2019.0634\">Earlier colony arrival but no trend in hatching timing in two congeneric seabirds (Uria spp.) across the North Atlantic.<\/a><em> <\/em><em>Biology Letters 15:10<\/em><\/p>\n\n\n\n<p class=\"has-sizing-medium\">Reiertsen, T.K., Erikstad, K.E., Johansen, M.K., Sandvik, H., Anker-Nilssen, T., Barrett. R., Christensen-Dalsgaard, S., Lorentsen, S.H., Str\u00f8m, H., Systad, G. 2019. Effekter av akutte bestandsreduksjoner hos sj\u00f8fugl knyttet til Lofoten, Vester\u00e5len og Barentshavet.<em>\u00a0NINA Rapport 1547<\/em>:\u00a037 pp<\/p>\n\n\n\n<p class=\"has-sizing-medium\">St. John Glew, K., Wanless, S., Harris, M.P., Daunt, F., Erikstad, K.E., Str\u00f8m, H., Speakman, J.R., K\u00fcrten, B., Trueman, C.N. 2019. <a href=\"https:\/\/movementecologyjournal.biomedcentral.com\/articles\/10.1186\/s40462-019-0174-4\">Sympatric Atlantic puffins and razorbills show contrasting responses to adverse marine conditions during winter foraging within the North Sea.<\/a><em> <\/em><em>Movement Ecology 7<\/em><\/p>\n","protected":false},"excerpt":{"rendered":"<p>B\u00e6rum, K.M., Anker-Nilssen, T., Christensen-Dalsgaard, S., Fangel, K., Williams, T., V\u00f8lstad, J.H. 2019. Spatial and &hellip; <\/p>\n<p class=\"read-more-link\"><a href=\"https:\/\/seapop.no\/en\/publications\/published-other\/published-2019\/\">Les videre<span class=\"screen-reader-text\"> \u00abPublished 2019\u00bb<\/span><\/a><\/p>\n","protected":false},"author":1,"featured_media":0,"parent":1610,"menu_order":114,"comment_status":"closed","ping_status":"closed","template":"","meta":{"_acf_changed":false,"_uag_custom_page_level_css":"","footnotes":""},"class_list":["post-3836","page","type-page","status-publish"],"acf":[],"uagb_featured_image_src":{"full":false,"thumbnail":false,"medium":false,"medium_large":false,"large":false,"1536x1536":false,"2048x2048":false,"default":false,"square":false},"uagb_author_info":{"display_name":"Gnist Design","author_link":"https:\/\/seapop.no\/en\/author\/gnist\/"},"uagb_comment_info":0,"uagb_excerpt":"B\u00e6rum, K.M., Anker-Nilssen, T., Christensen-Dalsgaard, S., Fangel, K., Williams, T., V\u00f8lstad, J.H. 2019. Spatial and &hellip; Les videre \u00abPublished 2019\u00bb","_links":{"self":[{"href":"https:\/\/seapop.no\/en\/wp-json\/wp\/v2\/pages\/3836","targetHints":{"allow":["GET"]}}],"collection":[{"href":"https:\/\/seapop.no\/en\/wp-json\/wp\/v2\/pages"}],"about":[{"href":"https:\/\/seapop.no\/en\/wp-json\/wp\/v2\/types\/page"}],"author":[{"embeddable":true,"href":"https:\/\/seapop.no\/en\/wp-json\/wp\/v2\/users\/1"}],"replies":[{"embeddable":true,"href":"https:\/\/seapop.no\/en\/wp-json\/wp\/v2\/comments?post=3836"}],"version-history":[{"count":2,"href":"https:\/\/seapop.no\/en\/wp-json\/wp\/v2\/pages\/3836\/revisions"}],"predecessor-version":[{"id":6581,"href":"https:\/\/seapop.no\/en\/wp-json\/wp\/v2\/pages\/3836\/revisions\/6581"}],"up":[{"embeddable":true,"href":"https:\/\/seapop.no\/en\/wp-json\/wp\/v2\/pages\/1610"}],"wp:attachment":[{"href":"https:\/\/seapop.no\/en\/wp-json\/wp\/v2\/media?parent=3836"}],"curies":[{"name":"wp","href":"https:\/\/api.w.org\/{rel}","templated":true}]}}