{"id":3839,"date":"2021-02-01T20:41:50","date_gmt":"2021-02-01T20:41:50","guid":{"rendered":"https:\/\/seapop.no\/?page_id=3839"},"modified":"2021-02-28T18:48:01","modified_gmt":"2021-02-28T17:48:01","slug":"published-2018","status":"publish","type":"page","link":"https:\/\/seapop.no\/en\/publications\/published-other\/published-2018\/","title":{"rendered":"Published 2018"},"content":{"rendered":"\n<p class=\"has-sizing-medium\">Anker-Nilssen, T., Harris, M., Kleven, O., Langset, M.2018.<a rel=\"noreferrer noopener\" href=\"https:\/\/www.researchgate.net\/profile\/Tycho_Anker-Nilssen\/publication\/324156197_Status_origin_and_population_level_impacts_of_Atlantic_Puffins_killed_in_a_mass_mortality_event_in_southwest_Norway_early_2016\/links\/5ac21b09aca27222c75c050d\/Status-origin-and-population-level-impacts-of-Atlantic-Puffins-killed-in-a-mass-mortality-event-in-southwest-Norway-early-2016.pdf\" target=\"_blank\">Status, origin, and population level impacts of Atlantic Puffins killed in a mass mortality event in southwest Norway early 2016.<\/a><em>SEABIRD 30<\/em>:\u00a01-14<\/p>\n\n\n\n<p class=\"has-sizing-medium\">Anker-Nilssen, T., Jensen, J.-K., Harris, M.P.2018.<a href=\"https:\/\/doi.org\/10.1080\/00063657.2018.1524452\">Fit is fat: winter body mass of Atlantic Puffins Fratercula arctica.<\/a><em>Bird Study<\/em>:\u00a07 pp.<\/p>\n\n\n\n<p class=\"has-sizing-medium\">B\u00e5rdsen, B.-J., Hanssen, S.A., Bustnes, J.O.2018.<a href=\"https:\/\/esajournals.onlinelibrary.wiley.com\/doi\/epdf\/10.1002\/ecs2.2342\">Multiple stressors: modeling the effect of pollution, climate and predation on viability of a sub-arctic marine bird.<\/a><em>Ecosphere 9(7)<\/em>:\u00a022 pp<\/p>\n\n\n\n<p class=\"has-sizing-medium\">Christensen-Dalsgaard, S., May, R., Lorentsen, S.-H.2018.<a href=\"http:\/\/onlinelibrary.wiley.com\/doi\/10.1002\/ece3.3700\/epdf\">Taking a trip to the shelf: Behavioral decisions are mediated by the proximity to foraging habitats in the black-legged kittiwake.<\/a><em>Ecology and Evolution 8<\/em>:\u00a0866\u2013878.<\/p>\n\n\n\n<p class=\"has-sizing-medium\">Christensen-Dalsgaard, S., May, R.F., Barrett, R.T., Langset, M., Sandercock, B.K., Lorentsen, S.-H.2018.<a rel=\"noreferrer noopener\" href=\"https:\/\/www.int-res.com\/articles\/meps_oa\/m604p237.pdf\" target=\"_blank\">Prevailing weather conditions and diet composition affect chick growth and survival in the black-legged kittiwake.<\/a><em>Marine Ecology Progress Series 604<\/em>:\u00a0237-249.<\/p>\n\n\n\n<p class=\"has-sizing-medium\">Enstipp, M.R., Descamps, S., Fort, J., Gr\u00e9millet, D.2018.<a href=\"http:\/\/jeb.biologists.org\/content\/221\/13\/jeb182170\">Almost like a whale \u2013 First evidence of suction-feeding in a seabird.<\/a><em>Journal of Experimental Biology 221<\/em><\/p>\n\n\n\n<p class=\"has-sizing-medium\">Erikstad, K.E., Benjaminsen, S., Reiertsen, T.K., Ballestros, M., Str\u00f8m, H.2018.<a href=\"https:\/\/brage.nina.no\/nina-xmlui\/handle\/11250\/2575364\">Modeling the movements of common guillemots and their chicks from Bj\u00f8rn\u00f8ya to the mainland coast of Norway.<\/a><em>NINA Report 1546<\/em>:\u00a024 pp.<\/p>\n\n\n\n<p class=\"has-sizing-medium\">Jakubas, D., Iliszko, L.M. , Str\u00f8m, H., Helgason, H.H., Stempniewicz, L.2018.<a rel=\"noreferrer noopener\" href=\"https:\/\/link.springer.com\/content\/pdf\/10.1186\/s12983-018-0257-x.pdf\" target=\"_blank\">Flexibility of foraging strategies of the great skua Stercorarius skua breeding in the largest colony in the Barents Sea region.<\/a><em>Frontiers in Zoology 15:9<\/em>\u00a0DOI:\u00a0<a href=\"http:\/\/dx.doi.org\/https:\/\/doi.org\/10.1186\/s12983-018-0257-x\">https:\/\/doi.org\/10.1186\/s12983-018-0257-x<\/a><\/p>\n\n\n\n<p class=\"has-sizing-medium\">Keogan, K., Lewis, S., Phillimore, A.B., Wanless, S., Daunt, F., Phillips, R.A., Walling, C.A., et al.2018.<a rel=\"noreferrer noopener\" href=\"https:\/\/www.nature.com\/articles\/s41558-018-0115-z.pdf\" target=\"_blank\">Global phenological insensitivity to shifting ocean temperatures among seabirds.<\/a><em>Nature Climate Change 8<\/em>:\u00a0313-318<\/p>\n\n\n\n<p class=\"has-sizing-medium\">Leat, E.H.K., Bourgeon, S., Hanssen, S.A., Petersen, A., Str\u00f8m, H., Bj\u00f8rn, T.H., Gabrielsen, G.W., Bustnes, J.O., Furness, R.W., Haarr, A., Borg\u00e5, K.2018.<a href=\"https:\/\/www.sciencedirect.com\/science\/article\/pii\/S0269749118324837?via%3Dihub\">The effect of long-range transport, trophic position and diet specialization on legacy contaminant occurrence in great skuas, Stercorarius skua, breeding across the Northeast Atlantic.<\/a><em>Environmental Pollution 244<\/em>:\u00a055-65.<\/p>\n\n\n\n<p class=\"has-sizing-medium\">Lorentsen, S-H., Anker-Nilssen, T., Erikstad, KE.2018<a href=\"http:\/\/www.int-res.com\/abstracts\/meps\/v586\/p193-201\/\">Seabirds as guides for fisheries management: European shag Phalacrocorax aristotelis diet as indicator of saithe Pollachius virens recruitment.<\/a><em><a href=\"http:\/\/www.int-res.com\/journals\/meps\/meps-home\/\">Marine Ecology Progress Series 586<\/a><\/em>:\u00a0193-201\u00a0DOI:\u00a0<a href=\"http:\/\/dx.doi.org\/https:\/\/doi.org\/10.3354\/meps12440\">https:\/\/doi.org\/10.3354\/meps12440<\/a><\/p>\n\n\n\n<p class=\"has-sizing-medium\">Reiertsen, T.K., Erikstad, K.E., Barrett, R., Lorentsen, S.-H., Holm\u00f8y, M.J.2018.<a href=\"https:\/\/brage.nina.no\/nina-xmlui\/handle\/11250\/2561354\">Effektstudie av turisme p\u00e5 sj\u00f8fugl. Hvordan p\u00e5virker ferdsel hekkende sj\u00f8fugl p\u00e5 Horn\u00f8ya?<\/a><em>NINA Rapport 1528<\/em>:\u00a030 pp<\/p>\n\n\n\n<p class=\"has-sizing-medium\">St John Glew, K., Wanless, S., Harris, M.P., Daunt, F., Erikstad, K.E., Str\u00f8m, H., Trueman, C.N.2018.<a rel=\"noreferrer noopener\" href=\"https:\/\/www.int-res.com\/articles\/meps_oa\/m599p239.pdf\" target=\"_blank\">Moult location and diet of auks in the North Sea inferred from coupled light-based and isotope-based geolocation.<\/a><em>Marine Ecology Progress Series 599<\/em>:\u00a0239-251.<\/p>\n\n\n\n<p class=\"has-sizing-medium\">Systad, G.H.R., Bj\u00f8rges\u00e6ter, A., Brude, O.W., Skeie, G.M.2018.<a href=\"https:\/\/brage.bibsys.no\/xmlui\/handle\/11250\/2498966\">Standardisering og tilrettelegging av sj\u00f8fugldata til bruk i konsekvens- og milj\u00f8risikoberegninger.<\/a><em>NINA Rapport 1509<\/em>:\u00a036 pp.<\/p>\n\n\n\n<p class=\"has-sizing-medium\">Taylor, RS., Bailie, A., Gulavita, P., Birt, T., Aarvak, T., Anker-Nilssen, T., Barton, DC., Lindquist, K., Bedolla-Guzm\u00e1n, Y., Quillfeldt, P., Friesen, VL.2018.<a href=\"http:\/\/onlinelibrary.wiley.com\/doi\/10.1111\/jav.01515\/abstract\">Sympatric population divergence within a highly pelagic seabird species complex (Hydrobates spp.).<\/a><em><a href=\"http:\/\/onlinelibrary.wiley.com\/doi\/10.1111\/jav.2018.v49.i2\/issuetoc\">Journal of Avian Biology 49<\/a><\/em>\u00a0DOI:\u00a0<a href=\"http:\/\/dx.doi.org\/doi:%2010.1111\/jav.01515\">doi: 10.1111\/jav.01515<\/a><\/p>\n\n\n\n<p class=\"has-sizing-medium\">Vihtakari, M., Welcker, J., Moe, B., Chastel, O., Tartu, S., Hop, H., Bech, C., Descamps, S., Gabrielsen, GW.2018.<a rel=\"noreferrer noopener\" href=\"https:\/\/www.nature.com\/articles\/s41598-017-19118-8.pdf\" target=\"_blank\">Black-legged kittiwakes as messengers of Atlantifcation in the Arctic.<\/a><em>Scientific Reports 8:1178<\/em><\/p>\n","protected":false},"excerpt":{"rendered":"<p>Anker-Nilssen, T., Harris, M., Kleven, O., Langset, M.2018.Status, origin, and population level impacts of Atlantic &hellip; <\/p>\n<p class=\"read-more-link\"><a href=\"https:\/\/seapop.no\/en\/publications\/published-other\/published-2018\/\">Les videre<span class=\"screen-reader-text\"> \u00abPublished 2018\u00bb<\/span><\/a><\/p>\n","protected":false},"author":1,"featured_media":0,"parent":1610,"menu_order":113,"comment_status":"closed","ping_status":"closed","template":"","meta":{"_acf_changed":false,"_uag_custom_page_level_css":"","footnotes":""},"class_list":["post-3839","page","type-page","status-publish"],"acf":[],"uagb_featured_image_src":{"full":false,"thumbnail":false,"medium":false,"medium_large":false,"large":false,"1536x1536":false,"2048x2048":false,"default":false,"square":false},"uagb_author_info":{"display_name":"Gnist Design","author_link":"https:\/\/seapop.no\/en\/author\/gnist\/"},"uagb_comment_info":0,"uagb_excerpt":"Anker-Nilssen, T., Harris, M., Kleven, O., Langset, M.2018.Status, origin, and population level impacts of Atlantic &hellip; Les videre \u00abPublished 2018\u00bb","_links":{"self":[{"href":"https:\/\/seapop.no\/en\/wp-json\/wp\/v2\/pages\/3839","targetHints":{"allow":["GET"]}}],"collection":[{"href":"https:\/\/seapop.no\/en\/wp-json\/wp\/v2\/pages"}],"about":[{"href":"https:\/\/seapop.no\/en\/wp-json\/wp\/v2\/types\/page"}],"author":[{"embeddable":true,"href":"https:\/\/seapop.no\/en\/wp-json\/wp\/v2\/users\/1"}],"replies":[{"embeddable":true,"href":"https:\/\/seapop.no\/en\/wp-json\/wp\/v2\/comments?post=3839"}],"version-history":[{"count":2,"href":"https:\/\/seapop.no\/en\/wp-json\/wp\/v2\/pages\/3839\/revisions"}],"predecessor-version":[{"id":5042,"href":"https:\/\/seapop.no\/en\/wp-json\/wp\/v2\/pages\/3839\/revisions\/5042"}],"up":[{"embeddable":true,"href":"https:\/\/seapop.no\/en\/wp-json\/wp\/v2\/pages\/1610"}],"wp:attachment":[{"href":"https:\/\/seapop.no\/en\/wp-json\/wp\/v2\/media?parent=3839"}],"curies":[{"name":"wp","href":"https:\/\/api.w.org\/{rel}","templated":true}]}}