{"id":3845,"date":"2021-02-01T20:43:00","date_gmt":"2021-02-01T20:43:00","guid":{"rendered":"https:\/\/seapop.no\/?page_id=3845"},"modified":"2021-02-28T19:07:44","modified_gmt":"2021-02-28T18:07:44","slug":"published-2016","status":"publish","type":"page","link":"https:\/\/seapop.no\/en\/publications\/published-other\/published-2016\/","title":{"rendered":"Published 2016"},"content":{"rendered":"\n<p class=\"has-sizing-medium\">Barrett, R.T.2016.<a href=\"https:\/\/boap.uib.no\/index.php\/ornis\/article\/view\/1051\/981\">Diet of Northern Gannet Morus bassanus chicks in North Norway.<\/a><em>Ornis Norvegica 39<\/em>:\u00a045-52.\u00a0DOI:\u00a0<a href=\"http:\/\/dx.doi.org\/10.15845\/on.v39i0.1051\">10.15845\/on.v39i0.1051<\/a><\/p>\n\n\n\n<p class=\"has-sizing-medium\">Barrett, R.T.2016.<a href=\"http:\/\/dx.doi.org\/10.1080\/03078698.2016.1190610\">Upwind or downwind: the spring arrival of Arctic Terns Sterna paradisaea at Troms, north Norway.<\/a><em>Ringing &amp; Migration 31:1<\/em>:\u00a0pp 23-29.<\/p>\n\n\n\n<p class=\"has-sizing-medium\">Barrett, R.T.2016.<a rel=\"noreferrer noopener\" href=\"http:\/\/www.seabirdgroup.org.uk\/journals\/seabird_28\/seabird-28-17.pdf\" target=\"_blank\">Atlantic Puffin Fratercula arctica chick growth in relation to food load composition.<\/a><em>Seabird 28<\/em>:\u00a0pp 17-29.Barrett, R.T., Christensen-Dalsgaard, S., Anker-Nilssen, T., Langset, M., Fangel, K.2016.<a rel=\"noreferrer noopener\" href=\"http:\/\/www.seabirdgroup.org.uk\/journals\/seabird-29\/seabird-29-1.pdf\" target=\"_blank\">Diet of adult and immature North Norwegian Black Guillemots Cepphus grylle.<\/a><em>Seabird 29<\/em>:\u00a01-14.<\/p>\n\n\n\n<p class=\"has-sizing-medium\">Burr, Z.M., Varpe, \u00d8., Anker-Nilssen, T., Erikstad, K.E., Descamps, S., Barrett, R.T., Bech, C., Christensen-Dalsgaard, S., Lorentsen, S.-H., Moe, B., Reiertsen, T.K., Str\u00f8m, H.2016.<a href=\"http:\/\/onlinelibrary.wiley.com\/doi\/10.1002\/ecs2.1283\/full\">Later at higher latitudes: large-scale variability in seabird breeding timing and synchronicity.<\/a><em>Ecosphere 7: 5<\/em>:\u00a012 pp.<\/p>\n\n\n\n<p class=\"has-sizing-medium\">Bustnes, J.O., B\u00e5rdsen, B.-J., Moe, B., Herzke, D., Hanssen, S.A., Sagerup, K., Bech, C., Nordstad, T., Chastel, O., Tartu, S., Gabrielsen, G.W.2016.<a href=\"http:\/\/onlinelibrary.wiley.com\/doi\/10.1002\/etc.3560\/full\">Temporal variation in circulating concentrations of organochlorine pollutants in a pelagic seabird breeding in the high Arctic.<\/a><em>Environmental Toxicology and Chemistry<\/em>:\u00a07 pp.\u00a0DOI:\u00a0<a href=\"http:\/\/dx.doi.org\/10.1002\/etc.3560\">10.1002\/etc.3560<\/a><\/p>\n\n\n\n<p class=\"has-sizing-medium\">Descamps, S., Aars, J., Fuglei, E., Kovacs, K.M., Lydersen, C., Pavlova, O., Pedersen, \u00c5.\u00d8., Ravolainen, V., Str\u00f8m, H.2016.<a href=\"http:\/\/onlinelibrary.wiley.com\/doi\/10.1111\/gcb.13381\/full\">Climate change impacts on wildlife in a High Arctic archipelago \u2013 Svalbard, Norway.<\/a><em>Global Change Biology<\/em>:\u00a013 pp.<\/p>\n\n\n\n<p class=\"has-sizing-medium\">Frederiksen, M., Descamps, S., Erikstad, K.E., Gaston, A.J., Gilchrist, H.G., Gr\u00e9millet, D., Johansen, K.L., Kolbeinsson, Y., Linnebjerg, J.F., Mallory, M.L., McFarlane Tranquilla, L.A., Merkel, F.R., Montevecchi, W.A., Mosbech, A., Reiertsen, T.K., Robertson, G.J., Steen, H., Str\u00f8m, H., Th\u00f3rarinsson, T.L.2016.<a href=\"http:\/\/dx.doi.org\/10.1016\/j.biocon.2016.05.011\">Migration and wintering of a declining seabird, the thick-billed murre Uria lomvia, on an ocean basin scale: Conservation implications.<\/a><em>Biological Conservation 200<\/em>:\u00a026-35.<\/p>\n\n\n\n<p class=\"has-sizing-medium\">Gilg, O., Istomina, L., Heygster, G., Str\u00f8m, H., Gavrilo, M.V., Mallory, M.L., Gilchrist, G., Aebischer, A., Sabard, B., Huntemann, M., Mosbech, A., Yannic, G.2016.<a href=\"http:\/\/rsbl.royalsocietypublishing.org\/content\/12\/11\/20160277\">Living on the edge of a shrinking habitat: the ivory gull, Pagophila eburnea, an endangered sea-ice specialist.<\/a><em>Biology Letters 12<\/em>\u00a0DOI:\u00a0<a href=\"http:\/\/dx.doi.org\/10.1098\/rsbl.2016.0277\">10.1098\/rsbl.2016.0277<\/a><\/p>\n\n\n\n<p class=\"has-sizing-medium\">Hanssen, S.A., Gabrielsen, G.W., Bustnes, J.O., Br\u00e5then, V.S., Skottene, E., Fenstad, A.A., Str\u00f8m, H., Bakken, V., Phillips, R.A., Moe, B.2016.<a href=\"http:\/\/link.springer.com\/article\/10.1007\/s00300-016-1908-z\">Migration strategies of common eiders from Svalbard: implications for bilateral conservation management.<\/a><em>Polar Biology 39:11<\/em>:\u00a02179-2188\u00a0DOI:\u00a0<a href=\"http:\/\/dx.doi.org\/10.1007\/s00300-016-1908-z\">10.1007\/s00300-016-1908-z<\/a><\/p>\n\n\n\n<p class=\"has-sizing-medium\">Hilde, C.H., P\u00e9labon, C., Gu\u00e9ry, L., Gabrielsen, G.W., Descamps, S.2016.<a href=\"http:\/\/onlinelibrary.wiley.com\/doi\/10.1002\/ece3.1988\/abstract\">Mind the wind: microclimate effects on incubation effort of an arctic seabird.<\/a><em>Ecology and Evolution 6;7<\/em>:\u00a0pp 1914-1921.<\/p>\n\n\n\n<p class=\"has-sizing-medium\">Jakubas, D., Iliszkoa, L.M., Str\u00f8m, H., Dareckic, M., Jerstad, K., Stempniewicza, L.2016.<a href=\"http:\/\/www.sciencedirect.com\/science\/article\/pii\/S0022098115300605\">Foraging behavior of a high-Arctic zooplanktivorous alcid, the little auk, at the southern edge of its breeding range.<\/a><em>Journal of Experimental Marine Biology and Ecology 475<\/em>:\u00a089-99.<\/p>\n\n\n\n<p class=\"has-sizing-medium\">Merkel, B., Phillips, R.A., Descamps, S., Yoccoz, N.G., Moe, B., Str\u00f8m, H.2016.<a href=\"https:\/\/movementecologyjournal.biomedcentral.com\/articles\/10.1186\/s40462-016-0091-8\">A probabilistic algorithm to process geolocation data.<\/a><em>Movement Ecology 4:26<\/em>:\u00a011 pp\u00a0DOI:\u00a0<a href=\"http:\/\/dx.doi.org\/10.1186\/s40462-016-0091-8\">10.1186\/s40462-016-0091-8<\/a><\/p>\n\n\n\n<p class=\"has-sizing-medium\">Sandvik, H., Barrett, R.T., Erikstad, K.E., Myksvoll, M.S., Vikeb\u00f8, F., Yoccoz, N.G., Anker-Nilssen, T., Lorentsen, S.-H., Reiertsen, T.K., Skar\u00f0hamar, J., Skern-Mauritzen, M., Systad, G.H.2016.<a href=\"http:\/\/www.nature.com\/ncomms\/2016\/160513\/ncomms11599\/full\/ncomms11599.html\">Modelled drift patterns of fish larvae link coastal morphology to seabird colony distribution.<\/a><em>Nature Communications 7:11599<\/em>:\u00a08 pp.<\/p>\n\n\n\n<p class=\"has-sizing-medium\">Spencer, N.C., Gilchrist, H.G., Str\u00f8m, H., Allard, K.A., Mallory, M.L.2016.<a rel=\"noreferrer noopener\" href=\"http:\/\/www.int-res.com\/articles\/esr2016\/31\/n031p033.pdf\" target=\"_blank\">Key winter habitat of the ivory gull Pagophila eburnea in the Canadian Arctic.<\/a><em>Endangered Species Research 31<\/em>:\u00a033-45.\u00a0DOI:\u00a0<a href=\"http:\/\/dx.doi.org\/10.3354\/esr00747\">10.3354\/esr00747<\/a><\/p>\n\n\n\n<p class=\"has-sizing-medium\">Yannic, G., Broquet, T., Str\u00f8m, H., Aebischer, A., Dufresnes, C., Gavrilo, M.V., Gilchrist, H.G., Mallory, M.L., Morrison, R.I.G., Sabard, B., Sermier, R., Gilg, O.2016.<a href=\"http:\/\/link.springer.com\/article\/10.1007\/s10336-016-1328-4\">Genetic and morphological sex identification methods reveal a male-biased sex ratio in the Ivory Gull Pagophila eburnea<\/a><em>Journal of Ornithology<\/em>:\u00a0pp 1-13<\/p>\n","protected":false},"excerpt":{"rendered":"<p>Barrett, R.T.2016.Diet of Northern Gannet Morus bassanus chicks in North Norway.Ornis Norvegica 39:\u00a045-52.\u00a0DOI:\u00a010.15845\/on.v39i0.1051 Barrett, R.T.2016.Upwind &hellip; <\/p>\n<p class=\"read-more-link\"><a href=\"https:\/\/seapop.no\/en\/publications\/published-other\/published-2016\/\">Les videre<span class=\"screen-reader-text\"> \u00abPublished 2016\u00bb<\/span><\/a><\/p>\n","protected":false},"author":1,"featured_media":0,"parent":1610,"menu_order":117,"comment_status":"closed","ping_status":"closed","template":"","meta":{"_acf_changed":false,"_uag_custom_page_level_css":"","footnotes":""},"class_list":["post-3845","page","type-page","status-publish"],"acf":[],"uagb_featured_image_src":{"full":false,"thumbnail":false,"medium":false,"medium_large":false,"large":false,"1536x1536":false,"2048x2048":false,"default":false,"square":false},"uagb_author_info":{"display_name":"Gnist Design","author_link":"https:\/\/seapop.no\/en\/author\/gnist\/"},"uagb_comment_info":0,"uagb_excerpt":"Barrett, R.T.2016.Diet of Northern Gannet Morus bassanus chicks in North Norway.Ornis Norvegica 39:\u00a045-52.\u00a0DOI:\u00a010.15845\/on.v39i0.1051 Barrett, R.T.2016.Upwind &hellip; Les videre \u00abPublished 2016\u00bb","_links":{"self":[{"href":"https:\/\/seapop.no\/en\/wp-json\/wp\/v2\/pages\/3845","targetHints":{"allow":["GET"]}}],"collection":[{"href":"https:\/\/seapop.no\/en\/wp-json\/wp\/v2\/pages"}],"about":[{"href":"https:\/\/seapop.no\/en\/wp-json\/wp\/v2\/types\/page"}],"author":[{"embeddable":true,"href":"https:\/\/seapop.no\/en\/wp-json\/wp\/v2\/users\/1"}],"replies":[{"embeddable":true,"href":"https:\/\/seapop.no\/en\/wp-json\/wp\/v2\/comments?post=3845"}],"version-history":[{"count":2,"href":"https:\/\/seapop.no\/en\/wp-json\/wp\/v2\/pages\/3845\/revisions"}],"predecessor-version":[{"id":5047,"href":"https:\/\/seapop.no\/en\/wp-json\/wp\/v2\/pages\/3845\/revisions\/5047"}],"up":[{"embeddable":true,"href":"https:\/\/seapop.no\/en\/wp-json\/wp\/v2\/pages\/1610"}],"wp:attachment":[{"href":"https:\/\/seapop.no\/en\/wp-json\/wp\/v2\/media?parent=3845"}],"curies":[{"name":"wp","href":"https:\/\/api.w.org\/{rel}","templated":true}]}}