{"id":3848,"date":"2021-02-01T20:43:38","date_gmt":"2021-02-01T20:43:38","guid":{"rendered":"https:\/\/seapop.no\/?page_id=3848"},"modified":"2021-02-28T19:10:35","modified_gmt":"2021-02-28T18:10:35","slug":"published-2015","status":"publish","type":"page","link":"https:\/\/seapop.no\/en\/publications\/published-other\/published-2015\/","title":{"rendered":"Published 2015"},"content":{"rendered":"\n<p class=\"has-sizing-medium\">Barrett, R.T.2015.<a href=\"https:\/\/boap.uib.no\/index.php\/ornis\/article\/view\/891\">The diet, growth and survival of Razorbill Alca torda chicks in the southern Barents Sea.<\/a><em>Ornis Norvegica 38<\/em>:\u00a025-31<\/p>\n\n\n\n<p class=\"has-sizing-medium\">Barrett, R.T., Erikstad, K.E., Sandvik, H., Myksvoll, M., Jenni-Eiermann, S., Kristensen, D.L., Moum, T., Reiertsen, T.K., Vikeb\u00f8, F.2015.<a href=\"http:\/\/onlinelibrary.wiley.com\/doi\/10.1002\/ece3.1438\/abstract\">The stress hormone corticosterone in a marine top predator reflects short-term changes in food availability.<\/a><em>Ecology and Evolution 5(6)<\/em>:\u00a01306-1317<\/p>\n\n\n\n<p class=\"has-sizing-medium\">Bustnes, J.O., Bourgeon, S., Leat, E.H.K., Magnusd\u00f3ttir, E., Str\u00f8m, H., Hanssen, S.A., Petersen, A., Olafsd\u00f3ttir, K., Borg\u00e5, K., Gabrielsen, G.W., Furness, R.W.2015.<a href=\"http:\/\/journals.plos.org\/plosone\/article?id=10.1371\/journal.pone.0131769\">Multiple Stressors in a Top Predator Seabird: Potential Ecological Consequences of Environmental Contaminants, Population Health and Breeding Conditions.<\/a><em>PLoS ONE 10(7)<\/em><\/p>\n\n\n\n<p class=\"has-sizing-medium\">Elsterov\u00e1, J., M\u00fcllerov\u00e1, J., \u0160\u00edma, R., Coulson, S.J., Lorentzen, E., Str\u00f8m, H., Grubhoffer, L.2015.<a href=\"http:\/\/www.polarresearch.net\/index.php\/polar\/article\/view\/27466#AF0005_27466\">Search for tick-borne pathogens in the Svalbard Archipelago and Jan Mayen.<\/a><em>Polar Research 34<\/em><\/p>\n\n\n\n<p class=\"has-sizing-medium\">Fangel, K., Aas, \u00d8., V\u00f8lstad, J.H., B\u00e6rum, K.M., Christensen-Dalsgaard, S., Nedraas, K., Overvik, M., Wold, L.C., Anker-Nilssen, T.2015.<a href=\"http:\/\/www.sciencedirect.com\/science\/article\/pii\/S2351989415000621\">Assessing incidental bycatch of seabirds in Norwegian coastal commercial fisheries: Empirical and methodological lessons.<\/a><em>Global Ecology and Conservation 4<\/em>:\u00a0p 127-136<\/p>\n\n\n\n<p class=\"has-sizing-medium\">Fauchald, P., Anker-Nilssen, T., Barrett, R.T., Bustnes, J.O., B\u00e5rdsen, B.-J., Christensen-Dalsgaard, S., Descamps, S,, Engen, S., Erikstad, K.E., Hanssen, S.A., Lorentsen, S.-H., Moe, B., Reiertsen, T.K., Str\u00f8m, H., Systad, G.H.2015<a href=\"http:\/\/www.miljodirektoratet.no\/no\/Publikasjoner\/2015\/August-2015\/The-status-and-trends-of-Seabirds-breeding-in-Norway-and-Svalbard-and-Svalbard\/\">The status and trends of seabirds breeding in Norway and Svalbard<\/a><em>NINA Rapport 1151<\/em>:\u00a084 pp<\/p>\n\n\n\n<p class=\"has-sizing-medium\">Fauchald, P., Barrett, R.T., Bustnes, J.O., Erikstad, K.E., N\u00f8ttestad, L., Skern-Mauritzen, M., Vikeb\u00f8, F.B.2015.<a rel=\"noreferrer noopener\" href=\"http:\/\/www.nina.no\/archive\/nina\/PppBasePdf\/rapport\/2015\/1161.pdf\" target=\"_blank\">Sj\u00f8fugl og marine \u00f8kosystemer. Status for sj\u00f8fugl og sj\u00f8fuglenes n\u00e6ringsgrunnlag i Norge og p\u00e5 Svalbard.<\/a><em>NINA Rapport 1161<\/em>:\u00a044 pp<\/p>\n\n\n\n<p class=\"has-sizing-medium\">Harris, M.P., Wanless, S., Ballesteros, M., Moe, B., Daunt, F., Erikstad, K.E.2015.<a href=\"http:\/\/www.tandfonline.com\/doi\/abs\/10.1080\/00063657.2015.1006164\">Geolocators reveal an unsuspected moulting area for Isle of May Common Guillemots Uria aalge.<\/a><em>Bird Study 62(2)<\/em>:\u00a0267-270<\/p>\n\n\n\n<p class=\"has-sizing-medium\">Hegg\u00f8y, O., Christensen-Dalsgaard, S., Ranke, P.S., Chastel, O., Bech, C.2015.<a href=\"http:\/\/www.int-res.com\/abstracts\/meps\/v521\/p237-248\/\">GPS-loggers influence behaviour and physiology in the black-legged kittiwake.<\/a><em>Mar Ecol Prog Ser 521<\/em>:\u00a0237-248<\/p>\n\n\n\n<p class=\"has-sizing-medium\">Herzke, D., Anker-Nilssen, T., N\u00f8st, T.H., G\u00f6tsch, A., Christensen-Dalsgaard, S., Langset, M., Fangel, K., Koelmans, A.A.2015.<a href=\"http:\/\/pubs.acs.org\/doi\/full\/10.1021\/acs.est.5b04663\">Negligible Impact of Ingested Microplastics on Tissue Concentrations of Persistent Organic Pollutants in Northern Fulmars off Coastal Norway.<\/a><em>Environmental Science and Technology<\/em><\/p>\n\n\n\n<p class=\"has-sizing-medium\">Kilpi, M., Lorentsen, S.-H., Petersen, I.K., Einarsson, A.2015.<a rel=\"noreferrer noopener\" href=\"http:\/\/norden.diva-portal.org\/smash\/get\/diva2:800875\/FULLTEXT03.pdf\" target=\"_blank\">Trends and drivers of change in diving ducks.<\/a><em>TemaNord 2015:516<\/em>:\u00a057 ppLorentsen, S.-H., Anker-Nilssen, T., Erikstad, K.E., R\u00f8v, N.2015.<a href=\"http:\/\/www.int-res.com\/abstracts\/meps\/v519\/p209-220\/\">Forage fish abundance is a predictor of timing of breeding and hatching brood size in a coastal seabird.<\/a><em>Mar Ecol Prog Ser 519<\/em>:\u00a0209-220<\/p>\n\n\n\n<p class=\"has-sizing-medium\">Lucia, M., Verboven, N., Str\u00f8m, H., Miljeteig, C., Gavrilo, M.V., Braune, B.M., Boertmann, D., Gabrielsen, G.W.2015.<a href=\"http:\/\/dx.doi.org\/10.1002\/etc.2935\">Circumpolar contamination in eggs of the high-Arctic ivory gull Pagophila eburnea.<\/a><em>Environmental Toxicology and Chemistry 34(7)<\/em>:\u00a01552-1561<\/p>\n\n\n\n<p class=\"has-sizing-medium\">Mesquita, M.D.S., Erikstad, K.E., Sandvik, H., Barrett, R.T., Reiertsen, T.K., Anker-Nilssen, T., Hodges, K.I., Bader, J.2015.<a href=\"http:\/\/journal.frontiersin.org\/article\/10.3389\/fevo.2015.00043\/full\">There is more to climate than the North Atlantic Oscillation: a new perspective from climate dynamics to explain the variability in population growth rates of a long-lived seabird.<\/a><em>Frontiers in Ecology and Evolution 3<\/em><\/p>\n\n\n\n<p class=\"has-sizing-medium\">Petersen, A, Irons, D.B., Gilchrist, H.G., Robertson, G.J., Boertmann, D., Str\u00f8m, H., Gavrilo, M., Artukhin, Y. , Clausen, D.S., Kuletz, K.J., Mallory, M.L.2015.<a href=\"http:\/\/arctic.journalhosting.ucalgary.ca\/arctic\/index.php\/arctic\/article\/view\/4462\/4548\">The Status of Glaucous Gulls Larus hyperboreus in the Circumpolar Arctic.<\/a><em>Arctic 68<\/em>:\u00a0107-120<\/p>\n\n\n\n<p class=\"has-sizing-medium\">Pettex, E., Barrett, R.T., Lorentsen, S.-H., Bonadonna, F., Pichegru, L., Pons, J.-B., Gr\u00e9millet, D.2015.<a href=\"http:\/\/link.springer.com\/article\/10.1007%2Fs10336-014-1137-6#\">Contrasting population trends at seabirds colonies: is food limitation a factor in Norway?<\/a><em>Journal of Ornithology 156(2)<\/em>:\u00a0397-406<\/p>\n\n\n\n<p class=\"has-sizing-medium\">Prop, J., Aars, J., B\u00e5rdsen, B.-J., Hanssen, S.A., Bech, C., Bourgeon, S., de Fouw, J., Gabrielsen, G.W., Lang, J., Noreen, E., Oudman, T., Sittler, B., Stempniewicz, L., Tombre, I., Wolters, E., Moe, B.2015.<a href=\"http:\/\/journal.frontiersin.org\/article\/10.3389\/fevo.2015.00033\/full\">Climate change and the increasing impact of polar bears on bird populations<\/a><em>Frontiers in Ecology and Evolution 3<\/em><\/p>\n\n\n\n<p class=\"has-sizing-medium\">Tartu, S., Angelier, F., Bustnes, J.O., Moe, B., Hanssen, S.A., Herzke, D., Gabrielsen, G.W., Verboven, N., Verreault, J., Labadie, P., Budzinski, H., Wingfield, J.C., Chastel, O.2015.<a href=\"http:\/\/www.sciencedirect.com\/science\/article\/pii\/S0269749114005077\">Polychlorinated biphenyl exposure and corticosterone levels in seven polar seabird species.<\/a><em>Environmental Pollution 197<\/em>:\u00a0173-180<\/p>\n\n\n\n<p class=\"has-sizing-medium\">Thorvaldsen, R., Barrett, R.T., Pedersen, T.2015.<a rel=\"noreferrer noopener\" href=\"http:\/\/www.marineornithology.org\/PDF\/43_1\/43_1_95-100.pdf\" target=\"_blank\">Black-legged Kittiwake Rissa tridactyla adults and chicks share the same diet in the southern Barents Sea.<\/a><em>Marine Ornithology 43(1)<\/em>:\u00a095-100<\/p>\n\n\n\n<p class=\"has-sizing-medium\">Yannic, G., Yearsley, J.M., Sermier, R., Dufresnes, C., Gilg, O., Aebischer, A., Gavrilo, M.V., Str\u00f8m, H., Mallory, M.L., Morrison, R.I.G, Gilchrist, H.G., Broquet, T.2015.<a href=\"http:\/\/link.springer.com\/article\/10.1007%2Fs00300-015-1775-z#\">High connectivity in a long-lived high-Arctic seabird, the ivory gull Pagophila eburnea.<\/a><em>Polar Biology<\/em>:\u00a01-16<\/p>\n","protected":false},"excerpt":{"rendered":"<p>Barrett, R.T.2015.The diet, growth and survival of Razorbill Alca torda chicks in the southern Barents &hellip; <\/p>\n<p class=\"read-more-link\"><a href=\"https:\/\/seapop.no\/en\/publications\/published-other\/published-2015\/\">Les videre<span class=\"screen-reader-text\"> \u00abPublished 2015\u00bb<\/span><\/a><\/p>\n","protected":false},"author":1,"featured_media":0,"parent":1610,"menu_order":122,"comment_status":"closed","ping_status":"closed","template":"","meta":{"_acf_changed":false,"_uag_custom_page_level_css":"","footnotes":""},"class_list":["post-3848","page","type-page","status-publish"],"acf":[],"uagb_featured_image_src":{"full":false,"thumbnail":false,"medium":false,"medium_large":false,"large":false,"1536x1536":false,"2048x2048":false,"default":false,"square":false},"uagb_author_info":{"display_name":"Gnist Design","author_link":"https:\/\/seapop.no\/en\/author\/gnist\/"},"uagb_comment_info":0,"uagb_excerpt":"Barrett, R.T.2015.The diet, growth and survival of Razorbill Alca torda chicks in the southern Barents &hellip; Les videre \u00abPublished 2015\u00bb","_links":{"self":[{"href":"https:\/\/seapop.no\/en\/wp-json\/wp\/v2\/pages\/3848","targetHints":{"allow":["GET"]}}],"collection":[{"href":"https:\/\/seapop.no\/en\/wp-json\/wp\/v2\/pages"}],"about":[{"href":"https:\/\/seapop.no\/en\/wp-json\/wp\/v2\/types\/page"}],"author":[{"embeddable":true,"href":"https:\/\/seapop.no\/en\/wp-json\/wp\/v2\/users\/1"}],"replies":[{"embeddable":true,"href":"https:\/\/seapop.no\/en\/wp-json\/wp\/v2\/comments?post=3848"}],"version-history":[{"count":2,"href":"https:\/\/seapop.no\/en\/wp-json\/wp\/v2\/pages\/3848\/revisions"}],"predecessor-version":[{"id":5049,"href":"https:\/\/seapop.no\/en\/wp-json\/wp\/v2\/pages\/3848\/revisions\/5049"}],"up":[{"embeddable":true,"href":"https:\/\/seapop.no\/en\/wp-json\/wp\/v2\/pages\/1610"}],"wp:attachment":[{"href":"https:\/\/seapop.no\/en\/wp-json\/wp\/v2\/media?parent=3848"}],"curies":[{"name":"wp","href":"https:\/\/api.w.org\/{rel}","templated":true}]}}