{"id":3851,"date":"2021-02-01T20:44:16","date_gmt":"2021-02-01T20:44:16","guid":{"rendered":"https:\/\/seapop.no\/?page_id=3851"},"modified":"2021-02-28T19:12:57","modified_gmt":"2021-02-28T18:12:57","slug":"published-2014","status":"publish","type":"page","link":"https:\/\/seapop.no\/en\/publications\/published-other\/published-2014\/","title":{"rendered":"Published 2014"},"content":{"rendered":"\n<p class=\"has-sizing-medium\">Barrett, R.T.2014Opp og ned med sj\u00f8fuglene.<em>Ottar 301<\/em>:&nbsp;46-47.Bourgeon, S., Leat, E.H.K., Magnusd\u00f3ttir, E., Furness, R.W., Str\u00f8m, H., Petersen, A., Gabrielsen, G.W., Hanssen, S.A., Bustnes, J.O.2014.<a href=\"http:\/\/www.plosone.org\/article\/info%3Adoi%2F10.1371%2Fjournal.pone.0100439\">Feather Corticosterone Levels on Wintering Grounds Have No Carry-Over Effects on Breeding among Three Populations of Great Skuas (Stercorarius skua).<\/a><\/p>\n\n\n\n<p class=\"has-sizing-medium\"><em>PLoS ONE 9(6): e100439.<\/em>&nbsp;DOI:&nbsp;<a href=\"http:\/\/dx.doi.org\/10.1371\/journal.pone.0100439\">10.1371\/journal.pone.0100439<\/a>Bregnballe, T., Carss, D., Lorentsen, S.-H., Newson, S., Paquet, J. Y., Parz-Gollner, R., Volponi, S.2014.Counting cormorants. In Carss, D., Parz-Gollner, R. &amp; Trauttmansdorff, J. The INTERCAFE Field Manual. Research methods for cormorants, fishes, and the interactions between them.<em>NERC Centre for Ecology &amp; Hydrology, Chapter 3<\/em>:&nbsp;14-34.<\/p>\n\n\n\n<p class=\"has-sizing-medium\">Goutte, A., Angelier, F., Bech, C., Cl\u00e9ment-Chastel, C., Dell\u2019Omo, G., Gabrielsen, G.W., Lendvai, \u00c1.Z., Moe, B., Noreen, E., Pinaud, D., Tartu, S., Chastel, O.2014.<a href=\"http:\/\/www.int-res.com\/abstracts\/meps\/v496\/p233-247\/\">Annual variation in the timing of breeding, pre\u2011breeding foraging areas and corticosterone levels in an Arctic population of black-legged kittiwakes.<\/a><em>Mar Ecol Prog Ser 496<\/em>:\u00a0233-247.<\/p>\n\n\n\n<p class=\"has-sizing-medium\">Hovinen, J.E.H., Welcker, J., Descamps, S., Str\u00f8m, H., Jerstad, K., Berge, J., Steen, H.2014<a href=\"http:\/\/www.ncbi.nlm.nih.gov\/pmc\/articles\/PMC4161185\/\">Climate warming decreases the survival of the little auk (Alle alle), a high Arctic avian predator.<\/a><em>Ecology and Evolution 4(15)<\/em>:\u00a0pp 3127-3138<\/p>\n\n\n\n<p class=\"has-sizing-medium\">Hovinen, J.E.H., Wojczulanis-Jakubas, K., Jakubas, D., Hop, H., Berge, J., Kidawa, D., Karnovsky, N.J., Steen, H.2014.<a href=\"http:\/\/link.springer.com\/article\/10.1007%2Fs00300-014-1466-1\">Fledging success of little auks in the high Arctic: do provisioning rates and the quality of foraging grounds matter?<\/a><em>Polar Biology 37:5<\/em>:\u00a0665-674<\/p>\n\n\n\n<p class=\"has-sizing-medium\">Kristensen, D.L., Erikstad, K.E., Reiertsen, T.K., Moum, T.2014.<a href=\"http:\/\/link.springer.com\/article\/10.1007%2Fs00265-014-1794-8\">Differential breeding investment in bridled and non-bridled common guillemots (Uria aalge): morph of the partner matters.<\/a><em>Behavioral Ecology and Sociobiology 68<\/em>:\u00a01851-1858<\/p>\n\n\n\n<p class=\"has-sizing-medium\">Lorentsen, S.-H.2014.<a rel=\"noreferrer noopener\" href=\"http:\/\/dce2.au.dk\/pub\/SR99.pdf\" target=\"_blank\">Status of the breeding population of Great Comorants in Norway in 2012 with regard to the continental sub-species Phalacrocorax carbo sinensis. \u2013 In: Bregnballe, T., Lynch, J., Parz-Gollner, R., Marion, L., Volponi, S., Paquet, J.-Y., Carss, D.N. &amp; van Eerden, M.R. (eds.): Breeding numbers of Great Cormorants Phalacrocorax carbo in the Western Palearctic, 2012-2013.<\/a><em>IUCN-Wetlands International Cormorant Research Group Report. Scientific report from DCE \u2013 Danish Centre for Environment and Energy, Aarhus University. No. 99<\/em>:\u00a0151-154.<\/p>\n\n\n\n<p class=\"has-sizing-medium\">Lorentsen, S.-H.2014.<a rel=\"noreferrer noopener\" href=\"http:\/\/dce2.au.dk\/pub\/SR99.pdf\" target=\"_blank\">Trends and status of the breeding population of Great Cormorants in Norway with regard to the Atlantic sub-species Phalacrocorax carbo carbo. \u2013 In: Bregnballe, T., Lynch, J., Parz-Gollner, R., Marion, L., Volponi, S., Paquet, J.-Y., Carss, D.N. &amp; van Eerden, M.R. (eds.): Breeding numbers of Great Cormorants Phalacrocorax carbo in the Western Palearctic, 2012-2013.<\/a><em>IUCN-Wetlands International Cormorant Research Group Report. Scientific report from DCE \u2013 Danish Centre for Environment and Energy, Aarhus University. No. 99<\/em>:\u00a0155-160.<\/p>\n\n\n\n<p class=\"has-sizing-medium\">Lorentsen, S.-H., Follestad, A.2014.<a rel=\"noreferrer noopener\" href=\"http:\/\/www.nina.no\/archive\/nina\/PppBasePdf\/rapport%5C2014%5C1033.pdf\" target=\"_blank\">Effekter av forstyrrelse p\u00e5 kolonihekkende sj\u00f8fugl og effekter av avb\u00f8tende tiltak \u2013 en litteraturstudie.<\/a><em>NINA Rapport 1033<\/em>:\u00a037 ppLydersen, C., Assmy, P., Falk-Petersen, S., Kohler. J., Kovacs, K.M., Reigstad, M., Steen, H., Str\u00f8m, H., Sundfjord, A., Varpe, \u00d8., Walczowski, W., Weslawski, J.M., Zajaczkowski, M.2014.<a href=\"http:\/\/www.sciencedirect.com\/science\/article\/pii\/S0924796313002005\">The importance of tidewater glaciers for marine mammals and seabirds in Svalbard, Norway.<\/a><em>Journal of Marine Systems 129<\/em>:\u00a0p 452-471<\/p>\n\n\n\n<p class=\"has-sizing-medium\">Ponchon, A., Gr\u00e9millet, D., Christensen-Dalsgaard, S., Erikstad, K.E., Barrett, R.T., Reiertsen, T.K., McCoy, K.D., Tveraa, T., Boulinier, T.2014.<a href=\"http:\/\/www.esajournals.org\/doi\/abs\/10.1890\/ES13-00233.1\">When things go wrong: intra-season dynamics of breeding failure in a seabird.<\/a><em>Ecosphere 5(1):4<\/em>:\u00a019 pp.<\/p>\n\n\n\n<p class=\"has-sizing-medium\">Sagerup, K., \u00c5sbakk, K., Polder, A., Skaare, J.U., Gabrielsen, G.W., Barrett, R.T.2014.<a href=\"http:\/\/dx.doi.org\/10.1080\/15287394.2014.886543\">Relationships Between Persistent Organic Pollutants and Circulating Immunoglobulin-Y in Black-Legged Kittiwakes and Atlantic Puffins.<\/a><em>Journal of Toxicology and Environmental Health, Part A: Current Issues, 77:9-11<\/em>:\u00a0481-494.\u00a0DOI:\u00a0<a href=\"http:\/\/dx.doi.org\/10.1080\/15287394.2014.886543\">10.1080\/15287394.2014.886543<\/a><\/p>\n\n\n\n<p class=\"has-sizing-medium\">Schultner, J., Moe, B., Chastel, O., Bech, C., Kitaysky, A.S.2014.<a href=\"http:\/\/rsbl.royalsocietypublishing.org\/content\/10\/1\/20130889\">Migration and stress during reproduction govern telomere dynamics in a seabird.<\/a><em>Biology Letters 10<\/em>:\u00a04 pp<\/p>\n\n\n\n<p class=\"has-sizing-medium\">Schultner, J., Moe, B., Chastel, O., Tartu, S., Bech, C., Kitaysky, A.S.2014.<a href=\"http:\/\/www.int-res.com\/abstracts\/meps\/v496\/p125-133\/\">Corticosterone mediates carry-over effects between breeding and migration in the kittiwake Rissa tridactyla<\/a><em>Marine Ecology Progress Series 496<\/em>:\u00a0p 125-133<\/p>\n\n\n\n<p class=\"has-sizing-medium\">Wojczulanis-Jakubas, K., Kilikowska, A., Harding, A.M.A., Jakubas, D., Karnovsky, N.J., Steen, H., Str\u00f8m, H., Welcker, J., Gavrilo, M., Lifjeld, J.T., Johnsen, A.2014.<a href=\"http:\/\/link.springer.com\/article\/10.1007%2Fs00300-014-1462-5\">Weak population genetic differentiation in the most numerous Arctic seabird, the little auk.<\/a><em>Polar Biology 37<\/em>:\u00a0621\u2013630.<\/p>\n","protected":false},"excerpt":{"rendered":"<p>Barrett, R.T.2014Opp og ned med sj\u00f8fuglene.Ottar 301:&nbsp;46-47.Bourgeon, S., Leat, E.H.K., Magnusd\u00f3ttir, E., Furness, R.W., Str\u00f8m, &hellip; <\/p>\n<p class=\"read-more-link\"><a href=\"https:\/\/seapop.no\/en\/publications\/published-other\/published-2014\/\">Les videre<span class=\"screen-reader-text\"> \u00abPublished 2014\u00bb<\/span><\/a><\/p>\n","protected":false},"author":1,"featured_media":0,"parent":1610,"menu_order":123,"comment_status":"closed","ping_status":"closed","template":"","meta":{"_acf_changed":false,"_uag_custom_page_level_css":"","footnotes":""},"class_list":["post-3851","page","type-page","status-publish"],"acf":[],"uagb_featured_image_src":{"full":false,"thumbnail":false,"medium":false,"medium_large":false,"large":false,"1536x1536":false,"2048x2048":false,"default":false,"square":false},"uagb_author_info":{"display_name":"Gnist Design","author_link":"https:\/\/seapop.no\/en\/author\/gnist\/"},"uagb_comment_info":0,"uagb_excerpt":"Barrett, R.T.2014Opp og ned med sj\u00f8fuglene.Ottar 301:&nbsp;46-47.Bourgeon, S., Leat, E.H.K., Magnusd\u00f3ttir, E., Furness, R.W., Str\u00f8m, &hellip; Les videre \u00abPublished 2014\u00bb","_links":{"self":[{"href":"https:\/\/seapop.no\/en\/wp-json\/wp\/v2\/pages\/3851","targetHints":{"allow":["GET"]}}],"collection":[{"href":"https:\/\/seapop.no\/en\/wp-json\/wp\/v2\/pages"}],"about":[{"href":"https:\/\/seapop.no\/en\/wp-json\/wp\/v2\/types\/page"}],"author":[{"embeddable":true,"href":"https:\/\/seapop.no\/en\/wp-json\/wp\/v2\/users\/1"}],"replies":[{"embeddable":true,"href":"https:\/\/seapop.no\/en\/wp-json\/wp\/v2\/comments?post=3851"}],"version-history":[{"count":3,"href":"https:\/\/seapop.no\/en\/wp-json\/wp\/v2\/pages\/3851\/revisions"}],"predecessor-version":[{"id":5051,"href":"https:\/\/seapop.no\/en\/wp-json\/wp\/v2\/pages\/3851\/revisions\/5051"}],"up":[{"embeddable":true,"href":"https:\/\/seapop.no\/en\/wp-json\/wp\/v2\/pages\/1610"}],"wp:attachment":[{"href":"https:\/\/seapop.no\/en\/wp-json\/wp\/v2\/media?parent=3851"}],"curies":[{"name":"wp","href":"https:\/\/api.w.org\/{rel}","templated":true}]}}