{"id":3854,"date":"2021-02-01T20:44:53","date_gmt":"2021-02-01T20:44:53","guid":{"rendered":"https:\/\/seapop.no\/?page_id=3854"},"modified":"2021-02-28T19:14:51","modified_gmt":"2021-02-28T18:14:51","slug":"published-2013","status":"publish","type":"page","link":"https:\/\/seapop.no\/en\/publications\/published-other\/published-2013\/","title":{"rendered":"Published 2013"},"content":{"rendered":"\n<p class=\"has-sizing-medium\">Bourgeon, S., Leat, E.H.K., Furness, R.W., Borg\u00e5, K., Hanssen, S.A., Bustnes, J.O.2013.<a href=\"http:\/\/pubs.acs.org\/doi\/abs\/10.1021\/es400442q\">Dietary versus maternal sources of organochlorines in top predator seabird chicks: an experimental approach.<\/a><em>Environmental Science &amp; Technology 47(11)<\/em>:\u00a05963-5970.\u00a0DOI:\u00a0<a href=\"http:\/\/dx.doi.org\/10.1021\/es400442q\">10.1021\/es400442q<\/a><\/p>\n\n\n\n<p class=\"has-sizing-medium\">Bustnes, J.O, Systad, G.H., Ydenberg, R.C.2013.<a href=\"http:\/\/www.int-res.com\/abstracts\/meps\/v484\/p249-257\/\">Changing distribution of flocking sea ducks as non-regenerating food resources are depleted.<\/a><em>Marine Ecology Progress Series 484<\/em>:\u00a0249\u2013257.\u00a0DOI:\u00a0<a href=\"http:\/\/dx.doi.org\/10.3354\/meps10339\">10.3354\/meps10339<\/a><\/p>\n\n\n\n<p class=\"has-sizing-medium\">Bustnes, J.O.2013.<a href=\"http:\/\/www.ncbi.nlm.nih.gov\/pubmed\/23797697\">Reproductive recovery of a common eider Somateria mollissima population following a reduction in discharges of polycyclic aromatic hydrocarbons (PAHs).<\/a><em>Bulletin of Environmental Contamination and Toxicology 91<\/em>:\u00a0202\u2013207.<\/p>\n\n\n\n<p class=\"has-sizing-medium\">Bustnes, J.O., Anker-Nilssen, T., Erikstad, K.E., Lorentsen, S.-H., Systad, G.H.2013.<a href=\"http:\/\/www.int-res.com\/abstracts\/meps\/v489\/p235-244\/\">Changes in the Norwegian breeding population of European shag correlate with forage fish and climate.<\/a><em>Marine Ecology Progress Series 489<\/em>:\u00a0235-244.\u00a0DOI:\u00a0<a href=\"http:\/\/dx.doi.org\/10.3354\/meps10440\">10.3354\/meps10440<\/a><\/p>\n\n\n\n<p class=\"has-sizing-medium\">Bustnes, J.O., Moe, B., Helberg, M., Phillips, R.A.2013.<a href=\"http:\/\/onlinelibrary.wiley.com\/doi\/10.1111\/ibi.12022\/abstract\">Rapid long-distance migration in Norwegian Lesser Black-backed Gulls (Larus fuscus fuscus) along their eastern flyway.<\/a><em>Ibis 155<\/em>:\u00a0402\u2013406.\u00a0DOI:\u00a0<a href=\"http:\/\/dx.doi.org\/10.1111\/ibi.12022\">10.1111\/ibi.12022<\/a><\/p>\n\n\n\n<p class=\"has-sizing-medium\">Descamps, S., Str\u00f8m, H., Steen, H.2013.<a href=\"http:\/\/link.springer.com\/article\/10.1007\/s00442-013-2701-0\">Decline of an arctic top predator: synchrony in colony size fluctuations, risk of extinction and the subpolar gyre.<\/a><em>Oecologia 173(4)<\/em>:\u00a01271-1282.<\/p>\n\n\n\n<p class=\"has-sizing-medium\">Erikstad, K.E., Reiertsen, T.K., Barrett, R.T., Vikeb\u00f8, F., Sandvik, H.2013.<a href=\"http:\/\/www.int-res.com\/abstracts\/meps\/v475\/p267-276\/\">Seabird\u2013fish interactions: the fall and rise of a common guillemot Uria aalge population.<\/a><em>Marine Ecology Progress Series 475<\/em>:\u00a0267-276.\u00a0DOI:\u00a0<a href=\"http:\/\/dx.doi.org\/10.3354\/meps10084\">10.3354\/meps10084<\/a><\/p>\n\n\n\n<p class=\"has-sizing-medium\">Erikstad, K.E., Sandvik, H., Reiertsen, T.K., Bustnes, J.O., Str\u00f8m, H.2013.<a href=\"http:\/\/dx.doi.org\/10.1098\/rspb.2013.1483\">Persistent organic pollution in a high-Arctic top predator: sex-dependent thresholds in adult survival.<\/a><em>Proceedings of the Royal Society B 280<\/em>:\u00a020131483.<\/p>\n\n\n\n<p class=\"has-sizing-medium\">Frederiksen, M., Anker-Nilssen, T., Beaugrand, G., Wanless, S.2013.<a href=\"http:\/\/onlinelibrary.wiley.com\/doi\/10.1111\/gcb.12072\/abstract\">Climate, copepods and seabirds in the boreal Northeast Atlantic \u2013 current state and future outlook.<\/a><em>Global Change Biology 19<\/em>:\u00a0364-372.\u00a0DOI:\u00a0<a href=\"http:\/\/dx.doi.org\/10.1111\/gcb.12072\">10.1111\/gcb.12072<\/a><\/p>\n\n\n\n<p class=\"has-sizing-medium\">Gilg, O., Moe, B., Hanssen, S.A., Schmidt, N.M., Sittler, B., Hansen, J., Reneerkens, J., Sabard, B., Chastel, O., Moreau, J., Phillips, R.A., Oudman, T., Biersma, E.M., Fenstad, A.A., Lang, J., Bollache, L.2013.<a href=\"http:\/\/www.plosone.org\/article\/info%3Adoi%2F10.1371%2Fjournal.pone.0064614\">Trans-Equatorial Migration Routes, Staging Sites and Wintering Areas of a High-Arctic Avian Predator: The Long-tailed Skua (Stercorarius longicaudus).<\/a><em>PLoS ONE 8(5)<\/em>:\u00a0e64614.\u00a0DOI:\u00a0<a href=\"http:\/\/dx.doi.org\/10.1371\/journal.pone.0064614.\">10.1371\/journal.pone.0064614.<\/a><\/p>\n\n\n\n<p class=\"has-sizing-medium\">Leat, E.H.K., Bourgeon, S., Eze, J., Muir, D., Bustnes, J.O., Furness, R.W., Borg\u00e5, K.2013.<a href=\"http:\/\/www.ncbi.nlm.nih.gov\/pubmed\/23258709\">Perfluoroalkyl substances in eggs and plasma of an avian top predator, great skua Stercorarius skua, in the North Atlantic.<\/a><em>Environmental Toxicology and Chemistry 32(3)<\/em>:\u00a0569-576.\u00a0DOI:\u00a0<a href=\"http:\/\/dx.doi.org\/10.1002\/etc.2101\">10.1002\/etc.2101<\/a><\/p>\n\n\n\n<p class=\"has-sizing-medium\">Sonne, C., Rig\u00e9t, F.F., Leat, E.H.K., Bourgeon, S., Borg\u00e5, K., Str\u00f8m, H., Hanssen, S.A., Gabrielsen, G.W., Petersen, A., Olafsdottir, K., Magnusdottir, E., Bustnes, J.O., Furness, R.W., Kjelgaard-Hansen, M.2013.<a href=\"http:\/\/www.sciencedirect.com\/science\/article\/pii\/S0147651313000699\">Organohalogen contaminants and blood plasma clinical-chemical parameters in three colonies of North Atlantic Great skua (Stercorarius skua).<\/a><em>Ecotoxicology and Environmental Safety 92<\/em>:\u00a0245-251\u00a0DOI:\u00a0<a href=\"http:\/\/dx.doi.org\/10.1016\/j.ecoenv.2013.02.012\">10.1016\/j.ecoenv.2013.02.012<\/a><\/p>\n\n\n\n<p class=\"has-sizing-medium\">Steen, H., Lorentzen, E., Str\u00f8m, H.2013.<a rel=\"noreferrer noopener\" href=\"http:\/\/www.seapop.no\/no\/filer\/publikasjoner\/2013\/Steen_etal_2013_Winter_distr_of_guillemots_Barents_Sea_NP-rapp.pdf\" target=\"_blank\">Winter distribution of guillemots (Uria spp.) in the Barents Sea.<\/a><em>Rapportserie Norsk Polarinstitutt 141<\/em>:\u00a036 s.Tartu, S., Goutte, A., Angelier, F., Moe, B., Cl\u00e9ment-chastel, C., Bech, C., Gabrielsen, G.W., Bustnes, J.O., Bustanmante, P., Chastel, O.2013.<a href=\"http:\/\/rsbl.royalsocietypublishing.org\/content\/9\/4\/20130317.short\">To breed or not to breed: endocrine response to mercury contamination by an arctic seabird.<\/a><em>Biology Letters 9(4)<\/em>:\u00a020130317.\u00a0DOI:\u00a0<a href=\"http:\/\/dx.doi.org\/10.1098\/rsbl.2013.0317\">10.1098\/rsbl.2013.0317<\/a><\/p>\n","protected":false},"excerpt":{"rendered":"<p>Bourgeon, S., Leat, E.H.K., Furness, R.W., Borg\u00e5, K., Hanssen, S.A., Bustnes, J.O.2013.Dietary versus maternal sources &hellip; <\/p>\n<p class=\"read-more-link\"><a href=\"https:\/\/seapop.no\/en\/publications\/published-other\/published-2013\/\">Les videre<span class=\"screen-reader-text\"> \u00abPublished 2013\u00bb<\/span><\/a><\/p>\n","protected":false},"author":1,"featured_media":0,"parent":1610,"menu_order":126,"comment_status":"closed","ping_status":"closed","template":"","meta":{"_acf_changed":false,"_uag_custom_page_level_css":"","footnotes":""},"class_list":["post-3854","page","type-page","status-publish"],"acf":[],"uagb_featured_image_src":{"full":false,"thumbnail":false,"medium":false,"medium_large":false,"large":false,"1536x1536":false,"2048x2048":false,"default":false,"square":false},"uagb_author_info":{"display_name":"Gnist Design","author_link":"https:\/\/seapop.no\/en\/author\/gnist\/"},"uagb_comment_info":0,"uagb_excerpt":"Bourgeon, S., Leat, E.H.K., Furness, R.W., Borg\u00e5, K., Hanssen, S.A., Bustnes, J.O.2013.Dietary versus maternal sources &hellip; Les videre \u00abPublished 2013\u00bb","_links":{"self":[{"href":"https:\/\/seapop.no\/en\/wp-json\/wp\/v2\/pages\/3854","targetHints":{"allow":["GET"]}}],"collection":[{"href":"https:\/\/seapop.no\/en\/wp-json\/wp\/v2\/pages"}],"about":[{"href":"https:\/\/seapop.no\/en\/wp-json\/wp\/v2\/types\/page"}],"author":[{"embeddable":true,"href":"https:\/\/seapop.no\/en\/wp-json\/wp\/v2\/users\/1"}],"replies":[{"embeddable":true,"href":"https:\/\/seapop.no\/en\/wp-json\/wp\/v2\/comments?post=3854"}],"version-history":[{"count":2,"href":"https:\/\/seapop.no\/en\/wp-json\/wp\/v2\/pages\/3854\/revisions"}],"predecessor-version":[{"id":5053,"href":"https:\/\/seapop.no\/en\/wp-json\/wp\/v2\/pages\/3854\/revisions\/5053"}],"up":[{"embeddable":true,"href":"https:\/\/seapop.no\/en\/wp-json\/wp\/v2\/pages\/1610"}],"wp:attachment":[{"href":"https:\/\/seapop.no\/en\/wp-json\/wp\/v2\/media?parent=3854"}],"curies":[{"name":"wp","href":"https:\/\/api.w.org\/{rel}","templated":true}]}}