{"id":3857,"date":"2021-02-01T20:45:21","date_gmt":"2021-02-01T20:45:21","guid":{"rendered":"https:\/\/seapop.no\/?page_id=3857"},"modified":"2021-02-28T19:20:27","modified_gmt":"2021-02-28T18:20:27","slug":"published-2012","status":"publish","type":"page","link":"https:\/\/seapop.no\/en\/publications\/published-other\/published-2012\/","title":{"rendered":"Published 2012"},"content":{"rendered":"\n<p class=\"has-sizing-medium\">Barret, R.T., Nilsen, E.B., Anker-Nilssen, T.2012.<a href=\"http:\/\/www.int-res.com\/abstracts\/meps\/v457\/p1-10\/\">Long-term decline in egg size of Atlantic puffins\u00a0<em>Fratercula arctica<\/em>\u00a0is related to changes in forage fish stocks and climate conditions.<\/a><em>Marine Ecology Progress Series 457<\/em>:\u00a01-10.<\/p>\n\n\n\n<p class=\"has-sizing-medium\">Bourgeon, S., Leat, E.H.K., Str\u00f8m, H., Furness, R.W., Magnusdottir, E., Fisk, A.T., Ellis, S., Petersen, \u00c6., Olafsdottir, K., Borg\u00e5, K., Hanssen, S.A. , Gabrielsen, G.W., Bustnes, J.O.2012.<a href=\"http:\/\/www.sciencedirect.com\/science\/article\/pii\/S0013935112002356\">Individual variation in biomarkers of health: Influence of persistent organic pollutants in Great skuas (Stercorarius skua) breeding at different geographical locations.<\/a><em>Environmental Research 118<\/em>:\u00a031-39.<\/p>\n\n\n\n<p class=\"has-sizing-medium\">Brungot, A.L., van der Meeren, G.I. og Pettersen, C.F. (redakt\u00f8rer), Storeng, A.B., Havelin, T., Riisberg, I., M\u00e5ge, A., Koefoed, J.H., Fadnes, T.2012.<a href=\"http:\/\/www.klif.no\/no\/Publikasjoner\/Publikasjoner\/2012\/Mai\/Helhetlig-forvaltningsplan-for-Nordsjoen-og-Skagerrak-Indikatorer-for-overvaking\/\">Helhetlig forvaltningsplan for Nordsj\u00f8en og Skagerrak. Indikatorer for overv\u00e5king.<\/a><em>Klif rapport TA2906\/2012<\/em>:\u00a0193 s.<\/p>\n\n\n\n<p class=\"has-sizing-medium\">Bustnes, J.O., Moe, B., Herzke, D., Hanssen, S. A., Nordstad, T., Fenstad, A., Borg\u00e5, K., Gabrielsen, G. W.2012.Temporal dynamics of circulating persistent organic pollutant in a fasting seabird under different environmental conditions.<em>Environmental Science &amp; Technology 46(18)<\/em>:\u00a010287-94.\u00a0DOI:\u00a0<a href=\"http:\/\/dx.doi.org\/10.1021\/es301746j\">10.1021\/es301746j<\/a><\/p>\n\n\n\n<p class=\"has-sizing-medium\">Erikstad, K.E, Str\u00f8m, H.2012.<a href=\"http:\/\/brage.bibsys.no\/npolar\/handle\/URN:NBN:no-bibsys_brage_29290?locale=no\">Effekter av milj\u00f8gifter p\u00e5 bestanden av polarm\u00e5ke p\u00e5 Bj\u00f8rn\u00f8ya.<\/a><em>Norsk Polarinstitutt Kortrapport 25<\/em>:\u00a017 s.<\/p>\n\n\n\n<p class=\"has-sizing-medium\">Erikstad, K.E., Reiertsen, T.K., Barrett, R.T., Vikeb\u00f8, F., Sandvik, H.2012.<a href=\"http:\/\/www.int-res.com\/abstracts\/meps\/v475\/p267-276\/\">Seabirds and fish-interactions &#8211; The fall and rise of a Common guillemot population.<\/a><em>Marine Ecology Progress Series 475<\/em>:\u00a0267-276.\u00a0DOI:\u00a0<a href=\"http:\/\/dx.doi.org\/10.3354\/meps10084\">10.3354\/meps10084<\/a><\/p>\n\n\n\n<p class=\"has-sizing-medium\">Fauchald, P.2012.<a href=\"http:\/\/www.miljostatus.no\/Tema\/Hav-og-kyst\/Barentshavet\/Indikatorer-barentshavet\/Romlig-fordeling-av-sjofugl\/\">Overv\u00e5king av milj\u00f8tilstanden i Barentshavet: Romlig fordeling av sj\u00f8fuglsamfunn.<\/a><em>Milj\u00f8status i Norge<\/em>.\u00a0Webrapport.<\/p>\n\n\n\n<p class=\"has-sizing-medium\">Fort, J., Pettex, E., Tremblay, Y., Lorentsen, S.-H., Garthe, S., Votier, S., Pons, J. B., Siorat, F., Furness, R. W., Grecian, J. W., Bearhop, S., Montevecchi, W. A., Gr\u00e9millet, D.2012.<a href=\"http:\/\/www.esajournals.org\/doi\/abs\/10.1890\/110194\">Meta-population evidence of oriented chain-migration in Northern gannets.<\/a><em>Frontiers in Ecology and the Environment 10<\/em>:\u00a0237-242.\u00a0DOI:\u00a0<a href=\"http:\/\/dx.doi.org\/10.1890\/110194\">10.1890\/110194<\/a><\/p>\n\n\n\n<p class=\"has-sizing-medium\">Frederiksen, M., Moe, B., Daunt, F., Phillips, R.A., Barrett, R.T., Bogdanova, M.I., Boulinier, T., Chardine, J.W., Chastel, O., Chivers, L.S., Christensen-Dalsgaard, S., Cl\u00e9ment-Chastel, C., Colhoun, K., Freeman, R., Gaston, A.J., Gonz\u00e1lez-Sol\u00eds, J., Goutte, A., Gr\u00e9millet, D., Guilford, T., Jensen, G.H., Krasnov, Y., Lorentsen, S.-H., Mallory, M.L., Newell, M., Olsen, B., Shaw, D., Steen, H., Str\u00f8m, H., Systad, G.H., Th\u00f3rarinsson, T.L., Anker-Nilssen, T.2012.<a href=\"http:\/\/dx.doi.org\/10.1111\/j.1472-4642.2011.00864.x\">Multi-colony tracking reveals the winter distribution of a pelagic seabird on an ocean basin scale<\/a><em>Diversity and Distributions 18<\/em>:\u00a0530\u2013542.\u00a0DOI:\u00a0<a href=\"http:\/\/dx.doi.org\/10.1111\/j.1472-4642.2011.00864.x\">10.1111\/j.1472-4642.2011.00864.x<\/a><\/p>\n\n\n\n<p class=\"has-sizing-medium\">Gimenez, O., Anker-Nilssen, T., Grosbois, V.2012.<a href=\"http:\/\/onlinelibrary.wiley.com\/doi\/10.1111\/j.2041-210X.2011.00150.x\/abstract\">Exploring causal pathways in demographic parameter variation: path analysis of mark\u2013recapture data.<\/a><em>Methods in Ecology and Evolution 3<\/em>:\u00a0427-432.\u00a0DOI:\u00a0<a href=\"http:\/\/dx.doi.org\/10.1111\/j.2041-210X.2011.00150.x\">10.1111\/j.2041-210X.2011.00150.x<\/a><\/p>\n\n\n\n<p class=\"has-sizing-medium\">Hanssen, S.A., Erikstad, K.E.2012.<a href=\"http:\/\/beheco.oxfordjournals.org\/content\/early\/2012\/11\/20\/beheco.ars198\">Long-term consequences of egg predation.<\/a><em>Behavioral Ecology Advance Access<\/em>\u00a0DOI:\u00a0<a href=\"http:\/\/dx.doi.org\/10.1093\/beheco\/ars198\">10.1093\/beheco\/ars198<\/a><\/p>\n\n\n\n<p class=\"has-sizing-medium\">Hillers\u00f8y, G., Lorentsen, S.-H.2012.<a href=\"http:\/\/www.bioone.org\/doi\/full\/10.1675\/063.035.0306\">Annual Variation in the Diet of Breeding European Shag (Phalacrocorax aristotelis) in Central-Norway.<\/a><em>Waterbirds 35<\/em>:\u00a0420-429.<\/p>\n\n\n\n<p class=\"has-sizing-medium\">Hipfner, J.M., Blight, L.K., Lowe, R.W., Wilhelm, S.I., Robertson, G.J., Barrett, R.T., Anker-Nilssen, T., Good, T.P.2012.<a rel=\"noreferrer noopener\" href=\"http:\/\/www.seapop.no\/no\/filer\/publikasjoner\/2012\/Hipfner_etal_2012_Unintended_conseq_Sea_Eagles_and_seabirds.pdf\" target=\"_blank\">Unintended consequences: How the recovery of sea eagles Haliaeetus spp. populations in the northern hemisphere is affecting seabirds.<\/a><em>Marine Ornithology 40<\/em>:\u00a039-52.<\/p>\n\n\n\n<p class=\"has-sizing-medium\">Iversen, S.A. og van der Meeren, G.I. (redakt\u00f8rer), Brungot, A.L., Olsen, M., Fj\u00e6rbu, R.J., Hansen, G.H., Nilsen, B., Fadnes, T., Storeng, A.B., Walday, M., Overvik, M., Anker-Nilssen, T., Newton, A., R\u00f8sland, I.2012.<a href=\"http:\/\/www.klif.no\/no\/Publikasjoner\/Publikasjoner\/2012\/Mai\/Prioriterte-kunnskapsbehov\/\">Helhetlig forvaltningsplan for Nordsj\u00f8en og Skagerrak. Prioriterte kunnskapsbehov.<\/a><em>Klif rapport TA2909\/2012<\/em>:\u00a096 s.<\/p>\n\n\n\n<p class=\"has-sizing-medium\">J\u00f8rgensen, N.M. (red), Camus, L., Larsen, L-H., Voegele, B., Anker-Nilssen, T., van Dijk, J., Lorentsen, S.-H., Stabbetorp, O., Bj\u00f8rge, A., Boitsov, S., Klungs\u00f8yr, J.2012.<a href=\"http:\/\/www.klif.no\/Publikasjoner\/Publikasjoner\/2012\/Oktober\/Retningslinjer-for-miljoundersokelser-i-marint-miljo-etter-akutt-oljeforurensning\/\">Retningslinjer for milj\u00f8unders\u00f8kelser i marint milj\u00f8 etter akutt oljeforurensning.<\/a><em>Klif rapport TA2955\/2012<\/em>:\u00a070 s.<\/p>\n\n\n\n<p class=\"has-sizing-medium\">Kristensen, D.L., Erikstad, K.E., Reiertsen, T.K., Moum, T., Barrett, R.T., Jenni-Eiermann, J.2012.Are female offspring from a single-egg seabird more costly to raise?<em>Behavioral Ecology.\u00a0<\/em>DOI:\u00a0<a href=\"http:\/\/dx.doi.org\/10.1093\/beheco\/ars144\">10.1093\/beheco\/ars144<\/a><\/p>\n\n\n\n<p class=\"has-sizing-medium\">Kroglund, M. og Olsen, M. (redakt\u00f8rer), \u00d8stby, C., Thorvik, T., van der Meeren, G., Gjelsvik, L., Nilsen, B., Nybakke, K., Newton, A., Anker-Nilssen, T., Walday, M., Jarandsen, B., Stenl\u00f8kk, J., R\u00f8sland, I., Koefoed, J.H., Brungot, A.L.2012.<a href=\"http:\/\/www.klif.no\/no\/Publikasjoner\/Publikasjoner\/2012\/Mai\/Samlet-pavirkning-og-miljokonsekvenser\/\">Helhetlig forvaltningsplan for Nordsj\u00f8en og Skagerrak. Samlet p\u00e5virkning og milj\u00f8konsekvenser.<\/a><em>Klif rapport TA2907\/2012<\/em>:\u00a0187 s.<\/p>\n\n\n\n<p class=\"has-sizing-medium\">Lorentsen, S.-H., Anker-Nilssen, T.2012.<a href=\"http:\/\/www.miljostatus.no\/Tema\/Hav-og-kyst\/Barentshavet\/Indikatorer-barentshavet\/Indikator-Bestandsutvikling-hos-lunde\/\">Overv\u00e5king av milj\u00f8tilstanden i Barentshavet: Bestandsutvikling hos lunde.<\/a><em>Milj\u00f8status i Norge<\/em>.\u00a0Webrapport.Lorentsen, S.-H., Anker-Nilssen, T.2012.<a href=\"http:\/\/www.miljostatus.no\/Tema\/Hav-og-kyst\/Norskehavet\/Indikatorer-for-miljotilstanden-i-Norskehavet\/Bestandsutvikling-hos-arfugl\/\">Overv\u00e5king av milj\u00f8tilstanden i Norskehavet: Bestandsutvikling hos \u00e6rfugl.<\/a><em>Milj\u00f8status i Norge<\/em>.\u00a0Webrapport.<\/p>\n\n\n\n<p class=\"has-sizing-medium\">Lorentsen, S.-H., Anker-Nilssen, T.2012.<a href=\"http:\/\/www.miljostatus.no\/Tema\/Hav-og-kyst\/Norskehavet\/Indikatorer-for-miljotilstanden-i-Norskehavet\/Bestandsutvikling-hos-lomvi\/\">Overv\u00e5king av milj\u00f8tilstanden i Norskehavet: Bestandsutvikling hos lomvi.<\/a><em>Milj\u00f8status i Norge<\/em>.\u00a0Webrapport.<\/p>\n\n\n\n<p class=\"has-sizing-medium\">Lorentsen, S.-H., Anker-Nilssen, T.2012.<a href=\"http:\/\/www.miljostatus.no\/Tema\/Hav-og-kyst\/Norskehavet\/Indikatorer-for-miljotilstanden-i-Norskehavet\/Bestandsutvikling-hos-lunde\/\">Overv\u00e5king av milj\u00f8tilstanden i Norskehavet: Bestandsutvikling hos lunde.<\/a><em>Milj\u00f8status i Norge<\/em>.\u00a0Webrapport.<\/p>\n\n\n\n<p class=\"has-sizing-medium\">Lorentsen, S.-H., Anker-Nilssen, T.2012.<a href=\"http:\/\/www.miljostatus.no\/Tema\/Hav-og-kyst\/Norskehavet\/Indikatorer-for-miljotilstanden-i-Norskehavet\/Bestandsutvikling-hos-toppskarv\/\">Overv\u00e5king av milj\u00f8tilstanden i Norskehavet: Bestandsutvikling hos toppskarv.<\/a><em>Milj\u00f8status i Norge<\/em>.\u00a0Webrapport.<\/p>\n\n\n\n<p class=\"has-sizing-medium\">Lorentsen, S.-H., Anker-Nilssen, T., Str\u00f8m, H.2012.<a href=\"http:\/\/www.miljostatus.no\/Tema\/Hav-og-kyst\/Barentshavet\/Indikatorer-barentshavet\/Bestandsutvikling-hos-krykkje\/\">Overv\u00e5king av milj\u00f8tilstanden i Barentshavet: Bestandsutvikling hos krykkje.<\/a><em>Milj\u00f8status i Norge<\/em>.\u00a0Webrapport.<\/p>\n\n\n\n<p class=\"has-sizing-medium\">Lorentsen, S.-H., Anker-Nilssen, T., Str\u00f8m, H.2012.<a href=\"http:\/\/www.miljostatus.no\/Tema\/Hav-og-kyst\/Barentshavet\/Indikatorer-barentshavet\/Indikator-Bestandsutvikling-hos-lomvi\/\">Overv\u00e5king av milj\u00f8tilstanden i Barentshavet: Bestandsutvikling hos lomvi.<\/a><em>Milj\u00f8status i Norge<\/em>.\u00a0Webrapport.<\/p>\n\n\n\n<p class=\"has-sizing-medium\">Lorentsen, S.-H., Anker-Nilssen, T., Str\u00f8m, H.2012.<a href=\"http:\/\/www.miljostatus.no\/Tema\/Hav-og-kyst\/Barentshavet\/Indikatorer-barentshavet\/Indikator-Bestandsutvikling-hos-polarlomvi\/\">Overv\u00e5king av milj\u00f8tilstanden i Barentshavet: Bestandsutvikling hos polarlomvi.<\/a><em>Milj\u00f8status i Norge<\/em>.\u00a0Webrapport.<\/p>\n\n\n\n<p class=\"has-sizing-medium\">Lorentsen, S.-H., May, R.2012.<a href=\"http:\/\/link.springer.com\/article\/10.1007%2Fs00300-012-1215-2#\">Inter-breeding movements of common guillemots (Uria aalge) suggest the Barents Sea is an important staging and wintering area.<\/a><em>Polar Biology 35<\/em>:\u00a01713\u20131719.<\/p>\n\n\n\n<p class=\"has-sizing-medium\">Lorentzen, E., Choquet, R., Steen, H.2012.<a href=\"http:\/\/www.springerlink.com\/content\/18128nkm6gk2525w\/\">Modelling state uncertainty with photo series data for the estimation of breeding success in a cliff-nesting seabird.<\/a><em>Journal of Ornithology 152 (2)<\/em>:\u00a0477-483.\u00a0DOI:\u00a0<a href=\"http:\/\/dx.doi.org\/10.1007\/s10336-011-0723-0\">10.1007\/s10336-011-0723-0<\/a><\/p>\n\n\n\n<p class=\"has-sizing-medium\">Magnusdottir, E., Leat, E.H.K., Bourgeon, S., Str\u00f8m, H., Petersen, A., Phillips, R.A., Hanssen, S.A., Bustnes, J.O., Hersteinsson, P., Furness, R.W.2012.<a href=\"http:\/\/www.tandfonline.com\/doi\/abs\/10.1080\/00063657.2011.636798\">Wintering areas of Great Skuas\u00a0<em>Stercorarius skua<\/em>\u00a0breeding in Scotland, Iceland and Norway.<\/a><em>Bird Study 59<\/em>:\u00a01-9.\u00a0DOI:\u00a0<a href=\"http:\/\/dx.doi.org\/10.1080\/00063657.2011.636798\">10.1080\/00063657.2011.636798<\/a><\/p>\n\n\n\n<p class=\"has-sizing-medium\">Muller, M., Roelofs, Y., Erikstad, K.E., Groothius, T.G.G.2012.<a href=\"http:\/\/www.plosone.org\/article\/info%3Adoi%2F10.1371%2Fjournal.pone.0047763\">Maternal androgens increase sibling aggression, dominance and competitive ability, but not begging displays in the siblicidal black-legged kittiwake (Rissa tridactyla).<\/a><em>PlosOne 7(10)<\/em>\u00a0DOI:\u00a0<a href=\"http:\/\/dx.doi.org\/10.1371\/journal.pone.0047763\">10.1371\/journal.pone.0047763<\/a><\/p>\n\n\n\n<p class=\"has-sizing-medium\">Nordstad, T., Moe, B., Bustnes, J.O., Gabrielsen, G.W., Bech, C., Chastel, O., Herzke, D.\u00a02012.<a href=\"http:\/\/www.sciencedirect.com\/science\/article\/pii\/S0269749112000619\">Relationships between POPs and baseline corticosetrone levels in black-legged kittiwakes (Rissa tridactyla) across their breeding cycle.<\/a><em>Environmental Pollution 164<\/em>:\u00a0219-226.<\/p>\n\n\n\n<p class=\"has-sizing-medium\">Pettersen, E.D. (red.), Kroglund, M., Gjelsvik, L., Raustein, O., Lilleng, D., Koefoed, J.H., Skjerdal, H.K., Sydness, G.S., Foss\u00e5, J.H., Postmyr, E.2012.<a href=\"http:\/\/www.klif.no\/no\/Publikasjoner\/Publikasjoner\/2012\/Mai\/Interessekonflikter-og-samordningsbehov\/\">Helhetlig forvaltningsplan for Nordsj\u00f8en og Skagerrak. Interessekonflikter og samrodningsbehov.<\/a><em>Klif rapport TA2908\/2012<\/em>:\u00a094 s.<\/p>\n\n\n\n<p class=\"has-sizing-medium\">Pettex, E., Lorentsen, S.-H., Gr\u00e9millet, D., Gimenez, O., Barrett, R.T., Pons, J.-B., Le Bohec, C., Bonadonna, F.2012.Multi-scale foraging variability in northern gannet (Morus bassanus) fuels potential foraging plasticity.<em>Marine Biology.<\/em>\u00a0DOI:\u00a0<a href=\"http:\/\/dx.doi.org\/10.1007\/s00227-012-2035-1\">10.1007\/s00227-012-2035-1<\/a><\/p>\n\n\n\n<p class=\"has-sizing-medium\">Reiertsen, T.K., Erikstad, K.E., Barrett, R.T., Sandvik, H., Yoccoz, N.G.2012.<a href=\"http:\/\/www.esajournals.org\/doi\/abs\/10.1890\/ES12-00031R\">Climate fluctuations and differential survival of bridled and non-bridled common guillemots (Uria aalge).<\/a><em>Ecosphere 3(6)<\/em>:\u00a0art. 52.<\/p>\n\n\n\n<p class=\"has-sizing-medium\">Ringdal, I., Ringlund, G.B., Henriksen, B., S\u00f8renes, T., Veim, A.K., Kiland-Langeland, T., Kamstrup, C., Olsen-Sund, N., Kyrkjeb\u00f8, H., Hanson, B.A.2012.<a href=\"http:\/\/www.klif.no\/no\/Publikasjoner\/Publikasjoner\/2012\/Mai\/Verdiskaping-og-samfunnsmessige-forhold\/\">Helhetlig forvaltningsplan for Nordsj\u00f8en og Skagerrak. Verdiskaping og samfunnsmessige forhold.<\/a><em>Klif rapport TA2910\/2012<\/em>:\u00a0131 s.<\/p>\n\n\n\n<p class=\"has-sizing-medium\">Sandvik, H., Erikstad, K.E., S\u00e6ther, B.E.2012.Climate affects seabird population dynamics both via reproduction and adult survival.<em>Marine Ecology Progress Series 454<\/em>:\u00a0273\u2013284.\u00a0DOI:\u00a0<a href=\"http:\/\/dx.doi.org\/10.3354\/meps09558\">10.3354\/meps09558<\/a><\/p>\n\n\n\n<p class=\"has-sizing-medium\">Tombre, I.M., Erikstad, K.E., Bunes, V.2012.State-dependent incubation behaviour in the high arctic barnacle geese.<em><a href=\"http:\/\/link.springer.com\/article\/10.1007%2Fs00300-011-1145-4#\">Polar Biology 35<\/a><\/em>:\u00a0985\u2013992.\u00a0DOI:\u00a0<a href=\"http:\/\/dx.doi.org\/10.1007\/s00300-011-1145-4.\">10.1007\/s00300-011-1145-4.<\/a><\/p>\n","protected":false},"excerpt":{"rendered":"<p>Barret, R.T., Nilsen, E.B., Anker-Nilssen, T.2012.Long-term decline in egg size of Atlantic puffins\u00a0Fratercula arctica\u00a0is related &hellip; <\/p>\n<p class=\"read-more-link\"><a href=\"https:\/\/seapop.no\/en\/publications\/published-other\/published-2012\/\">Les videre<span class=\"screen-reader-text\"> \u00abPublished 2012\u00bb<\/span><\/a><\/p>\n","protected":false},"author":1,"featured_media":0,"parent":1610,"menu_order":128,"comment_status":"closed","ping_status":"closed","template":"","meta":{"_acf_changed":false,"_uag_custom_page_level_css":"","footnotes":""},"class_list":["post-3857","page","type-page","status-publish"],"acf":[],"uagb_featured_image_src":{"full":false,"thumbnail":false,"medium":false,"medium_large":false,"large":false,"1536x1536":false,"2048x2048":false,"default":false,"square":false},"uagb_author_info":{"display_name":"Gnist Design","author_link":"https:\/\/seapop.no\/en\/author\/gnist\/"},"uagb_comment_info":0,"uagb_excerpt":"Barret, R.T., Nilsen, E.B., Anker-Nilssen, T.2012.Long-term decline in egg size of Atlantic puffins\u00a0Fratercula arctica\u00a0is related &hellip; Les videre \u00abPublished 2012\u00bb","_links":{"self":[{"href":"https:\/\/seapop.no\/en\/wp-json\/wp\/v2\/pages\/3857","targetHints":{"allow":["GET"]}}],"collection":[{"href":"https:\/\/seapop.no\/en\/wp-json\/wp\/v2\/pages"}],"about":[{"href":"https:\/\/seapop.no\/en\/wp-json\/wp\/v2\/types\/page"}],"author":[{"embeddable":true,"href":"https:\/\/seapop.no\/en\/wp-json\/wp\/v2\/users\/1"}],"replies":[{"embeddable":true,"href":"https:\/\/seapop.no\/en\/wp-json\/wp\/v2\/comments?post=3857"}],"version-history":[{"count":2,"href":"https:\/\/seapop.no\/en\/wp-json\/wp\/v2\/pages\/3857\/revisions"}],"predecessor-version":[{"id":5056,"href":"https:\/\/seapop.no\/en\/wp-json\/wp\/v2\/pages\/3857\/revisions\/5056"}],"up":[{"embeddable":true,"href":"https:\/\/seapop.no\/en\/wp-json\/wp\/v2\/pages\/1610"}],"wp:attachment":[{"href":"https:\/\/seapop.no\/en\/wp-json\/wp\/v2\/media?parent=3857"}],"curies":[{"name":"wp","href":"https:\/\/api.w.org\/{rel}","templated":true}]}}