{"id":3860,"date":"2021-02-01T20:46:37","date_gmt":"2021-02-01T20:46:37","guid":{"rendered":"https:\/\/seapop.no\/?page_id=3860"},"modified":"2021-02-28T19:25:09","modified_gmt":"2021-02-28T18:25:09","slug":"published-2011","status":"publish","type":"page","link":"https:\/\/seapop.no\/en\/publications\/published-other\/published-2011\/","title":{"rendered":"Published 2011"},"content":{"rendered":"\n<p class=\"has-sizing-medium\">Anker-Nilssen, T.2011.Distribution and status in mainland Norway. In: Harris, M.P. &amp; Wanless, S. The Puffin.<em>T. &amp; A.D. Poyser<\/em>:\u00a062\u201364.\u00a0London, UK.Anker-Nilssen, T.2011.<a href=\"http:\/\/www.dirnat.no\/content\/500039880\/Natur-i-endring\">Lundens populasjons\u00f8kologi p\u00e5 R\u00f8st. I: Jones, K., R\u00f8nning, O., N\u00e6ss, C. (red.). Natur i endring &#8211; status for norsk naturoverv\u00e5king.<\/a><em>DN-rapport 3-2011<\/em>:\u00a075.<\/p>\n\n\n\n<p class=\"has-sizing-medium\">Anker-Nilssen, T.2012.<a href=\"http:\/\/www.dirnat.no\/content\/500039880\/Natur-i-endring\">SEAPOP. I: Jones, K., R\u00f8nning, O. &amp; N\u00e6ss, C. (red.). Natur i endring &#8211; status for norsk naturoverv\u00e5king.<\/a><em>DN-rapport 3-2011<\/em>:\u00a072-73.<\/p>\n\n\n\n<p class=\"has-sizing-medium\">Anker-Nilssen, T.2011.Video documentation of the catch and ringing of a Swinhoe\u2019s petrel on Hernyken, R\u00f8st, 13 August 2006. I: Flood, B. &amp; Fisher, A. 2011. Multimedia Identification Guide to North Atlantic seabirds. Storm-petrels &amp; Bulwer\u2019s Petrel.<em>Pelagic Birds and Birding Multimedia Identification Guides, R Booth Ltd, Penryn, Cornwall, UK.<\/em><\/p>\n\n\n\n<p class=\"has-sizing-medium\">Anker-Nilssen, T., Barrett, R.T., Erikstad, K.E., Fauchald, P., Fossum, P, Holte, B., Lindstr\u00f6m, U., Lorentsen, S.-H., Pedersen, T., Str\u00f8m, H., Systad, G.H., Vikeb\u00f8, F.2011.Perspektiver for nasjonalt samarbeid mellom sj\u00f8fugl\u00f8kologer, fiskeribiologer og oseanografer. Sammendrag og anbefalinger fra en tverrfaglig workshop p\u00e5 Polarmilj\u00f8senteret i Troms\u00f8, februar 2010.<em>NINA Minirapport 356<\/em>:\u00a010 s.<\/p>\n\n\n\n<p class=\"has-sizing-medium\">Barrett, R.T., Anker-Nilssen, T.2011.Long-term decrease in egg size shared by contrasting populations of Atlantic Puffins Fratercula arctica in North Norway.<em>Seabird Group 11th International Conference, Plymouth, UK, 2-4 Sept 2011<\/em>:\u00a023.<\/p>\n\n\n\n<p class=\"has-sizing-medium\">Bergstad, O.A., Johannessen, T., Anker-Nilssen, T., Barrett, R.T.2011.Faggrunnlag for tobis (Ammodytidae) p\u00e5 norskekysten.<em>Rapport til DN, Havforskningsinstituttet, Fl\u00f8devigen<\/em>:\u00a024 s.<\/p>\n\n\n\n<p class=\"has-sizing-medium\">Bregnballe, T., Volponi, S., van Eerden, M. R., van Rijn, S., Lorentsen, S.H.2011.Status of the breeding population of Great Cormorants\u00a0<em>Phalacrocorax carbo<\/em>\u00a0in the Western Palearctic in 2006.<em>Van Eerden, M.R., van Rijn, S. and Keller, V. (eds.) 2011. Proceedings 7th International Conference on Cormorants, Villeneuve, Switzerland 23-26 November 2005, Wetlands International-IUCN Cormorant Research Group, Lelystad.<\/em>:\u00a08\u201312.Bugge, <\/p>\n\n\n\n<p class=\"has-sizing-medium\">J., Barrett, R.T., Pedersen, T.2011.<a href=\"http:\/\/link.springer.com\/article\/10.1007%2Fs10336-010-0578-9\">Optimal foraging in chick-raising Common Guillemots\u00a0<em>Uria aalge<\/em>.<\/a><em>Journal of Ornithology 152<\/em>:\u00a0253\u2013259.<\/p>\n\n\n\n<p class=\"has-sizing-medium\">Cury, P.M., Boyd, I.L., Bonhommeau, S., Anker-Nilssen, T., Crawford, R.J.M., Furness, R.W., Mills, J.A., Murphy, E.J., \u00d6sterblom, H., Paleczny, M., Piatt, P.F., Roux, J.-P., Shannon, L., Sydeman, W.J.2011.<a href=\"http:\/\/www.sciencemag.org\/content\/334\/6063\/1703.full?sid=8911b799-558b-4754-a83d-120f8339973c\">Global seabird response to forage fish depletion \u2013 one-third for the birds.<\/a><em>Science 334<\/em>:\u00a01703\u20131706.<\/p>\n\n\n\n<p class=\"has-sizing-medium\">Erikstad, K.E., Moum, T., Bustnes, J.O., Reiertsen, T.K.2011.<a href=\"http:\/\/onlinelibrary.wiley.com\/doi\/10.1111\/j.1365-2435.2010.01771.x\/abstract\">High levels of organochlorines may affect hatching sex ratio and hatchling body mass in arctic glaucous gulls.<\/a><em>Functional Ecology 25<\/em>:\u00a0289\u2013296.Faggruppen for Nordsj\u00f8en og Skagerrak.2011.Helhetlig forvaltningsplan for Nordsj\u00f8en og Skagerrak. S\u00e5rbarhet for s\u00e6rlig verdifulle omr\u00e5der.<em>Klif rapport TA2858\/2011<\/em>:\u00a0143 s.<\/p>\n\n\n\n<p class=\"has-sizing-medium\">Fangel, K., Wold, L.C., Aas, \u00d8., Christensen-Dalsgaard, S., Qvenild, M., Anker-Nilssen, T.2011.<a rel=\"noreferrer noopener\" href=\"http:\/\/www.nina.no\/archive\/nina\/PppBasePdf\/rapport\/2011\/719.pdf\" target=\"_blank\">Bifangst av sj\u00f8fugl i norske kystfiskerier. Et kartleggings- og metodeutpr\u00f8vingsprosjekt med fokus p\u00e5 fiske med garn og line.<\/a><em>NINA Rapport 719<\/em>:\u00a072 s.<\/p>\n\n\n\n<p class=\"has-sizing-medium\">Fauchald, P.2011.<a rel=\"noreferrer noopener\" href=\"http:\/\/www.nina.no\/archive\/nina\/PppBasePdf\/rapport\/2011\/786.pdf\" target=\"_blank\">Sj\u00f8fugl i \u00e5pent hav. Utbredelsen av sj\u00f8fugl i norske og tilgrensende havomr\u00e5der.<\/a><em>NINA Rapport 786<\/em>:\u00a033 s.<\/p>\n\n\n\n<p class=\"has-sizing-medium\">Fauchald, P., Skov, H., Skern-Mauritzen, M., Hausner, V.H., Johns, D., Tveraa, T.2011.<a href=\"http:\/\/www.esajournals.org\/doi\/full\/10.1890\/10-0818.1\">Scale-dependent response diversity of seabirds to prey in the North Sea.<\/a><em>Ecology 92(1).<\/em>:\u00a0228\u2013239.<\/p>\n\n\n\n<p class=\"has-sizing-medium\">Fauchald, P., Skov, H., Skern-Mauritzen, M., Johns, D., Tveraa, T.2011.<a href=\"http:\/\/www.plosone.org\/article\/info:doi\/10.1371\/journal.pone.0022729\">Wasp-Waist Interactions in the North Sea Ecosystem.<\/a><em>PLoS ONE 6(7).<\/em>:\u00a0e22729\u00a0DOI:\u00a0<a href=\"http:\/\/dx.doi.org\/10.1371\/journal.pone.0022729\">10.1371\/journal.pone.0022729<\/a><\/p>\n\n\n\n<p class=\"has-sizing-medium\">Fauchald, P., Ziryanov, S.V., Borkin, I.V., Str\u00f8m, H., Barrett, R.T.2011.Seabirds of the Barents Sea. I: Jakobsen, T., Ozhigin, V.K. (red). 2011. The Barents Sea. Ecosystem, resources, management. Half a century of Russian-Norwegian cooperation.<em>Tapir Academic Press, Trondheim.<\/em>:\u00a0373\u2013394.<\/p>\n\n\n\n<p class=\"has-sizing-medium\">Frederiksen, M., Moe, B., Daunt, F., Phillips, R.A., Barrett, R.T., Bogdanova, M.I., Boulinier, T., Chardine, J.W., Chastel, O., Chivers, L.S., Christensen-Dalsgaard, S., Cl\u00e9ment-Chastel, C., Colhoun, K., Freeman, R., Gaston, A.J., Gonz\u00e1lez-Sol\u00eds, J., Goutte, A., Gr\u00e9millet, D., Guilford, T., Jensen, G.H., Krasnov, Y., Lorentsen, S.-H., Mallory, M.L., Newell, M., Olsen, B., Shaw, D., Steen, H., Str\u00f8m, H., Systad, G.H., Th\u00f3rarinsson, T.L., Anker-Nilssen, T.2011.Where do kittiwakes winter in the Atlantic? Simultaneous tracking of breeders from 18 colonies.<em>Seabird Group 11th International Conference, Plymouth, UK, 2-4 Sept 2011<\/em>:\u00a0s. 35.<\/p>\n\n\n\n<p class=\"has-sizing-medium\">Gasbjerg, G., Christensen-Dalsgaard, S., Lorentsen, S-H., Systad, G.H., Anker-Nilssen, T.2011.<a rel=\"noreferrer noopener\" href=\"http:\/\/www.nina.no\/archive\/nina\/PppBasePdf\/rapport\/2011\/733.pdf\" target=\"_blank\">Tverrsektoriell vurdering av konsekvenser for sj\u00f8fugl. Grunnlagsrapport til en helhetlig forvaltningsplan for Nordsj\u00f8en og Skagerrak.<\/a><em>NINA Report 733<\/em>:\u00a0139 s.<\/p>\n\n\n\n<p class=\"has-sizing-medium\">Heubeck, M., Aarvak, T., Isaksen, K., Johnsen, A., Petersen, I.K., Anker-Nilssen, T.2011.<a rel=\"noreferrer noopener\" href=\"https:\/\/www.nina.no\/Portals\/0\/Nyhetssaker\/Dokumenter\/Heubeck%20et%20al%202011%20Seabird.pdf\" target=\"_blank\">Mass mortality of adult Razorbills\u00a0<em>Alca torda<\/em>\u00a0in the Skagerrak and North Sea area, autumn 2007.<\/a><em>Seabird 24<\/em>:\u00a011\u201332.<\/p>\n\n\n\n<p class=\"has-sizing-medium\">Leat, E.H.K., Bourgeon, S., Borg\u00e5, K., Str\u00f8m, H., Hanssen, S.A., Gabrielsen, G.W., Petersen, \u00c6., Olafsdottir, K., Magnusdottir, E., Fisk, A.T., Ellis, S., Bustnes, J.O., Furness, R.W.2011.<a href=\"http:\/\/www.sciencedirect.com\/science\/article\/pii\/S0269749111000583\">Effects of environmental exposure and diet on levels of persistent organic pollutants (POPs) in eggs of a top predator in the North Atlantic in 1980 and 2008.<\/a><em>Environmental Pollution 159<\/em>:\u00a01222-1228.<\/p>\n\n\n\n<p class=\"has-sizing-medium\">Str\u00f8m, H.2011.Distribution and status in Russia, Svalbard and Jan Mayen. In: Harris, M.P. &amp; Wanless, S. The Puffin.<em>T. &amp; A.D. Poyser<\/em>:\u00a064\u201365.\u00a0London, UK.T\u00f8nnesen, R., Germundsson, A., Jonassen, C.M., Haugen, I., Berg, K., Barrett, R.T., Rimstad, E.2011.<a href=\"http:\/\/www.virologyj.com\/content\/8\/1\/21\">Virological and serological surveillance for type A influenza in the black-legged kittiwake (<em>Rissa tridactyla<\/em>).<\/a><em>Virology Journal 8.<\/em>:\u00a021<\/p>\n\n\n\n<p class=\"has-sizing-medium\">Veit, R., Anker-Nilssen, T., Barrett, R.T., Reid, J.B., Camphuysen, C.J., Ramirez, I., Paiva, V.H., Shield, G., Daunt, F., Frederiksen, M.2011.ICES WGSE Report 2011. Report of the Working Group on Seabird Ecology (WGSE) 1-4 November 2011 Madeira, Portugal.<em>ICES CM 2011\/SSGEF:07, REF. SCICOM, ACOM, Copenhagen<\/em>:\u00a073 s.<\/p>\n\n\n\n<p class=\"has-sizing-medium\">Yannic, G., Sermier, R., Aebischer, A., Gavrilo, M.V., Gilg, O., Miljeteig, C., Sabard, B., Str\u00f8m, H., Pouive, E., Broquet, T.2011.<a href=\"http:\/\/onlinelibrary.wiley.com\/doi\/10.1111\/j.1755-0998.2011.03015.x\/full\">Description of microsatellite markers and genotyping performances using feathers and buccal swabs for the Ivory gull (<em>Pagophila eburnea<\/em>).<\/a><em>Molecular Ecology Resources 11<\/em>:\u00a0877\u2013889.<\/p>\n","protected":false},"excerpt":{"rendered":"<p>Anker-Nilssen, T.2011.Distribution and status in mainland Norway. In: Harris, M.P. &amp; Wanless, S. The Puffin.T. &hellip; <\/p>\n<p class=\"read-more-link\"><a href=\"https:\/\/seapop.no\/en\/publications\/published-other\/published-2011\/\">Les videre<span class=\"screen-reader-text\"> \u00abPublished 2011\u00bb<\/span><\/a><\/p>\n","protected":false},"author":1,"featured_media":0,"parent":1610,"menu_order":128,"comment_status":"closed","ping_status":"closed","template":"","meta":{"_acf_changed":false,"_uag_custom_page_level_css":"","footnotes":""},"class_list":["post-3860","page","type-page","status-publish"],"acf":[],"uagb_featured_image_src":{"full":false,"thumbnail":false,"medium":false,"medium_large":false,"large":false,"1536x1536":false,"2048x2048":false,"default":false,"square":false},"uagb_author_info":{"display_name":"Gnist Design","author_link":"https:\/\/seapop.no\/en\/author\/gnist\/"},"uagb_comment_info":0,"uagb_excerpt":"Anker-Nilssen, T.2011.Distribution and status in mainland Norway. In: Harris, M.P. &amp; Wanless, S. The Puffin.T. &hellip; Les videre \u00abPublished 2011\u00bb","_links":{"self":[{"href":"https:\/\/seapop.no\/en\/wp-json\/wp\/v2\/pages\/3860","targetHints":{"allow":["GET"]}}],"collection":[{"href":"https:\/\/seapop.no\/en\/wp-json\/wp\/v2\/pages"}],"about":[{"href":"https:\/\/seapop.no\/en\/wp-json\/wp\/v2\/types\/page"}],"author":[{"embeddable":true,"href":"https:\/\/seapop.no\/en\/wp-json\/wp\/v2\/users\/1"}],"replies":[{"embeddable":true,"href":"https:\/\/seapop.no\/en\/wp-json\/wp\/v2\/comments?post=3860"}],"version-history":[{"count":2,"href":"https:\/\/seapop.no\/en\/wp-json\/wp\/v2\/pages\/3860\/revisions"}],"predecessor-version":[{"id":5059,"href":"https:\/\/seapop.no\/en\/wp-json\/wp\/v2\/pages\/3860\/revisions\/5059"}],"up":[{"embeddable":true,"href":"https:\/\/seapop.no\/en\/wp-json\/wp\/v2\/pages\/1610"}],"wp:attachment":[{"href":"https:\/\/seapop.no\/en\/wp-json\/wp\/v2\/media?parent=3860"}],"curies":[{"name":"wp","href":"https:\/\/api.w.org\/{rel}","templated":true}]}}