{"id":3863,"date":"2021-02-01T20:47:55","date_gmt":"2021-02-01T20:47:55","guid":{"rendered":"https:\/\/seapop.no\/?page_id=3863"},"modified":"2021-02-28T19:28:49","modified_gmt":"2021-02-28T18:28:49","slug":"published-2010","status":"publish","type":"page","link":"https:\/\/seapop.no\/en\/publications\/published-other\/published-2010\/","title":{"rendered":"Published 2010"},"content":{"rendered":"\n<p class=\"has-sizing-medium\">Anker-Nilssen, T.2010.Lundens populasjons\u00f8kologi p\u00e5 R\u00f8st. I: N\u00e6ss, C., R\u00f8nning, O. (red.). Natur i endring &#8211; status for norsk naturoverv\u00e5king.<em>DN-rapport 2-2010<\/em>:\u00a062.<\/p>\n\n\n\n<p class=\"has-sizing-medium\">Anker-Nilssen, T.2010.SEAPOP. I: N\u00e6ss, C.. R\u00f8nning, O. (red.). Natur i endring &#8211; status for norsk naturoverv\u00e5king.<em>DN-rapport 2-2010<\/em>:\u00a060-61.Anker-Nilssen, T., Kleven, O., Aarvak, T., Lifjeld, J.T.2010.<a href=\"http:\/\/www.springerlink.com\/content\/96w6g30j55h6468p\/\">Low or no occurrence of extra-pair paternity in the Black Guillemot\u00a0<em>Cepphus grylle<\/em>.<\/a><em>Journal of Ornithology 151<\/em>:\u00a0247\u2013250.<\/p>\n\n\n\n<p class=\"has-sizing-medium\">Barrett, R.T, Bugge, J., Pedersen, T.2010.<a rel=\"noreferrer noopener\" href=\"http:\/\/www.seapop.no\/no\/filer\/publikasjoner\/2010\/Barrett_etal_2010_Sex_differences_guillemot_Seabird_23.pdf\" target=\"_blank\">No evidence of sex-specific differences in choice or size of fish caught for chicks or self-feeding among Common Guillemots\u00a0<em>Uria aalge<\/em>.<\/a><em>Seabird 23<\/em>:\u00a07\u201313.<\/p>\n\n\n\n<p class=\"has-sizing-medium\">Barrett, R.T.2010.Kittiwake longevity record for Norway.<em>Seabird Group Newsletter 113<\/em>:\u00a06.Barrett, R.T.2010.Recent decline in body condition of departing Common Guillemots Uria aalge at Horn\u00f8ya, North Norway.<em>Fauna norvegica 33<\/em>:\u00a049\u201355.<\/p>\n\n\n\n<p class=\"has-sizing-medium\">Barrett, R.T., Anker-Nilssen, T., Str\u00f8m, H., Systad, G.H.2010.<a rel=\"noreferrer noopener\" href=\"http:\/\/www.seapop.no\/no\/filer\/pdf\/Poster_SEAPOP_IWC_Barrett_et_al_2010.pdf\" target=\"_blank\">Mapping and monitoring SEAbird POPulations the Norway.<\/a><em>Poster presented at the First World Seabird Conference 7\u201311 Sep. 2010 in Victoria, Canada<\/em><\/p>\n\n\n\n<p class=\"has-sizing-medium\">Bustnes, J.-O., Barrett, R.T., Helberg, M.2010.<a href=\"http:\/\/www.bioone.org\/doi\/full\/10.1675\/063.033.0413\">Northern Lesser Black-backed Gulls: what do they eat?<\/a><em>Waterbirds 33<\/em>:\u00a0534\u2013540.<\/p>\n\n\n\n<p class=\"has-sizing-medium\">Bustnes, J.O., Anker-Nilssen, T., Lorentsen, S.H.2010.<a href=\"http:\/\/link.springer.com\/article\/10.1007\/s10336-009-0416-0\">Local and large scale climatic variables as predictors of the breeding numbers of endangered Lesser Black-backed Gulls on the Norwegian Coast.<\/a><em>Journal of Ornithology 151<\/em>:\u00a019\u201326.<\/p>\n\n\n\n<p class=\"has-sizing-medium\">Bustnes, J.O., Gabrielsen, G.W., Verreault, J.2010<a href=\"http:\/\/pubs.acs.org\/doi\/abs\/10.1021\/es9032919?ai=54taf=R\">Climate variability and temporal trends of persistent organic pollutants in the Arctic: a study of glaucous gulls<\/a><em>Environmental Science and Technology 44<\/em>:\u00a03155\u20133161.<\/p>\n\n\n\n<p class=\"has-sizing-medium\">Bustnes, J.O., Moe, B., Herzke, D., Hanssen, S.A., Nordstad, T., Sagerup, K., Gabrielsen, G.W., Borg\u00e5, K.2010.<a href=\"http:\/\/www.sciencedirect.com\/science\/article\/pii\/S0045653510000524\">Strongly increasing blood concentrations of lipid-soluble organchlorines in high arctic common eiders during incubation fast.<\/a><em>Chemosphere 79<\/em>:\u00a0320\u2013325.<\/p>\n\n\n\n<p class=\"has-sizing-medium\">Bustnes, J.O., Mosbech, A., Sonne, C., Systad, G.H.2010.<a href=\"http:\/\/link.springer.com\/article\/10.1007%2Fs00300-010-0827-7\">Migration patterns, breeding and moulting locations of king eiders wintering in north-eastern Norway.<\/a><em>Polar Biology 33(10)<\/em>:\u00a01379\u20131385.<\/p>\n\n\n\n<p class=\"has-sizing-medium\">Descamps, S., Yoccoz, N., Gaillard, J.-M., Gilchrist, H.G., Erikstad, K.E., Hanssen, S.A., Cazelles, B., Forbes, M.R., B\u00eaty, J.2010.<a href=\"http:\/\/onlinelibrary.wiley.com\/doi\/10.1111\/j.1600-0706.2010.18508.x\/abstract\">Detecting population heterogeneity in effects of North Atlantic Oscillations on seabird body condition: get into the rhythm.<\/a><em>Oikos 119<\/em>:\u00a01526\u20131536.<\/p>\n\n\n\n<p class=\"has-sizing-medium\">Fauchald, P.2010.<a href=\"http:\/\/www.esajournals.org\/doi\/abs\/10.1890\/09-1500.1\">Predator\u2013prey reversal: A possible mechanism for ecosystem hysteresis in the North Sea?<\/a><em>Ecology 91<\/em>:\u00a02191\u20132197.<\/p>\n\n\n\n<p class=\"has-sizing-medium\">Fort, J., Cherel, Y., Harding, A.M.A., Egevang, C., Steen. H., Kuntz, G., Porter, W.P., Gremillet, D.2010.<a href=\"http:\/\/rsbl.royalsocietypublishing.org\/content\/6\/5\/682.short\">The feeding ecology of little auks raises questions about winter zooplankton stocks in North Atlantic surface waters.<\/a><em>Biology Letters 6(5)<\/em>:\u00a0682\u2013284.<\/p>\n\n\n\n<p class=\"has-sizing-medium\">Fort, J., Cherel, Y., Harding, A.M.A., Welcker, J., Jakubas, D., Steen, H., Karnovsky, N.J., Gremillet, D.2010.<a href=\"http:\/\/www.int-res.com\/abstracts\/meps\/v414\/p293-302\/\">Geographic and seasonal variability in the isotopic niche of little auks.<\/a><em>Marine Ecology-Progress Series 414<\/em>:\u00a0293\u2013302.<\/p>\n\n\n\n<p class=\"has-sizing-medium\">Gilg, O., Strom, H., Aebischer, A., Gavrilo M.V., Volkov A, E., Miljeteig, C., Sabard, B.2010.<a href=\"http:\/\/onlinelibrary.wiley.com\/doi\/10.1111\/j.1600-048X.2010.05125.x\/abstract\">Post-breeding movements of northeast Atlantic ivory gull (<em>Pagophila eburnea<\/em>) populations.<\/a><em>Journal of Avian Biology 41 (5)<\/em>:\u00a0532\u2013542.<\/p>\n\n\n\n<p class=\"has-sizing-medium\">Letcher, R.J., Bustnes, J.O., Dietz, R., Jenssen, B.M., J\u00f8rgensen, E.H., Sonne, C., Verreault, J., Vijayan, M.M., Gabrielsen, G.W.2010.<a href=\"http:\/\/www.sciencedirect.com\/science\/article\/pii\/S0048969709010195\">Exposure and effects assessment of persistent organohalogen contaminants in arctic wildlife and fish.<\/a><em>Science of the Total Environment 408<\/em>:\u00a02995\u20133043.<\/p>\n\n\n\n<p class=\"has-sizing-medium\">Lorentsen, S.-H., Anker-Nilssen, T., Str\u00f8m, H.2010.<a href=\"http:\/\/www.imr.no\/filarkiv\/2010\/02\/alt7.pdf\/nb-no\">Bestandsutvikling hos sj\u00f8fugl. I: Sunnan\u00e5 K., Fossheim M. og Olseng C.D. (red.) Forvaltningsplan Barentshavet \u2013 rapport fra overvakingsgruppen 2010.<\/a><em>Fisken og havet, s\u00e6rnummer 1b-2010<\/em>:\u00a041-47..\u00a0Havforskningsinstituttet, Bergen.<\/p>\n\n\n\n<p class=\"has-sizing-medium\">Lorentsen, S.-H., Sj\u00f8tun, K., Gr\u00e9millet, D.2010.<a href=\"http:\/\/www.sciencedirect.com\/science\/article\/pii\/S0006320710002363\">Multi-trophic consequences of kelp harvest.<\/a><em>Biological Conservation 143<\/em>:\u00a02054\u20132062.<\/p>\n\n\n\n<p class=\"has-sizing-medium\">Nielsen, R.D., Petersen, I.K.2010.<a rel=\"noreferrer noopener\" href=\"http:\/\/www.seapop.no\/no\/filer\/pdf\/NERI_Rapport_Lofoten.pdf\" target=\"_blank\">Moulting birds in Lofoten and Vester\u00e5len, August 2009. Report commissioned by the Norwegian Institute for Nature Research (NINA).<\/a><em>National Environmental Research Institute, Aarhus University, Denmark<\/em>:\u00a024 pp.<\/p>\n\n\n\n<p class=\"has-sizing-medium\">Verreault, J., Bustnes, J.O., Gabrielsen, G.W.2010.<a href=\"http:\/\/link.springer.com\/chapter\/10.1007%2F978-1-4419-5623-1_2\">The Svalbard glaucous gull (<em>Larus hyperboreus<\/em>) as bioindicator species in the Norwegian Arctic: Insight from 35 years of contaminants research.<\/a><em>Review in Environmental Contamination and Toxixology 205<\/em>:\u00a077\u2013116.<\/p>\n","protected":false},"excerpt":{"rendered":"<p>Anker-Nilssen, T.2010.Lundens populasjons\u00f8kologi p\u00e5 R\u00f8st. I: N\u00e6ss, C., R\u00f8nning, O. (red.). Natur i endring &#8211; &hellip; <\/p>\n<p class=\"read-more-link\"><a href=\"https:\/\/seapop.no\/en\/publications\/published-other\/published-2010\/\">Les videre<span class=\"screen-reader-text\"> \u00abPublished 2010\u00bb<\/span><\/a><\/p>\n","protected":false},"author":1,"featured_media":0,"parent":1610,"menu_order":130,"comment_status":"closed","ping_status":"closed","template":"","meta":{"_acf_changed":false,"_uag_custom_page_level_css":"","footnotes":""},"class_list":["post-3863","page","type-page","status-publish"],"acf":[],"uagb_featured_image_src":{"full":false,"thumbnail":false,"medium":false,"medium_large":false,"large":false,"1536x1536":false,"2048x2048":false,"default":false,"square":false},"uagb_author_info":{"display_name":"Gnist Design","author_link":"https:\/\/seapop.no\/en\/author\/gnist\/"},"uagb_comment_info":0,"uagb_excerpt":"Anker-Nilssen, T.2010.Lundens populasjons\u00f8kologi p\u00e5 R\u00f8st. I: N\u00e6ss, C., R\u00f8nning, O. (red.). Natur i endring &#8211; &hellip; Les videre \u00abPublished 2010\u00bb","_links":{"self":[{"href":"https:\/\/seapop.no\/en\/wp-json\/wp\/v2\/pages\/3863","targetHints":{"allow":["GET"]}}],"collection":[{"href":"https:\/\/seapop.no\/en\/wp-json\/wp\/v2\/pages"}],"about":[{"href":"https:\/\/seapop.no\/en\/wp-json\/wp\/v2\/types\/page"}],"author":[{"embeddable":true,"href":"https:\/\/seapop.no\/en\/wp-json\/wp\/v2\/users\/1"}],"replies":[{"embeddable":true,"href":"https:\/\/seapop.no\/en\/wp-json\/wp\/v2\/comments?post=3863"}],"version-history":[{"count":2,"href":"https:\/\/seapop.no\/en\/wp-json\/wp\/v2\/pages\/3863\/revisions"}],"predecessor-version":[{"id":5061,"href":"https:\/\/seapop.no\/en\/wp-json\/wp\/v2\/pages\/3863\/revisions\/5061"}],"up":[{"embeddable":true,"href":"https:\/\/seapop.no\/en\/wp-json\/wp\/v2\/pages\/1610"}],"wp:attachment":[{"href":"https:\/\/seapop.no\/en\/wp-json\/wp\/v2\/media?parent=3863"}],"curies":[{"name":"wp","href":"https:\/\/api.w.org\/{rel}","templated":true}]}}