{"id":3866,"date":"2021-02-01T20:48:31","date_gmt":"2021-02-01T20:48:31","guid":{"rendered":"https:\/\/seapop.no\/?page_id=3866"},"modified":"2021-02-28T19:31:31","modified_gmt":"2021-02-28T18:31:31","slug":"published-2009","status":"publish","type":"page","link":"https:\/\/seapop.no\/en\/publications\/published-other\/published-2009\/","title":{"rendered":"Published 2009"},"content":{"rendered":"\n<p class=\"has-sizing-medium\">Anker-Nilssen, T., Aarvak, T.2009.<a href=\"http:\/\/www.springerlink.com\/content\/a285461153461l54\/\">Satellite telemetry reveals post-breeding movements of Atlantic puffins Fratercula arctica from R\u00f8st, North Norway.<\/a><em>Polar Biology 32<\/em>:\u00a01657-1664.<\/p>\n\n\n\n<p class=\"has-sizing-medium\">Arneberg P., van der Meeren, G.I., Lorentsen S-H, Fossheim M.2009.<a rel=\"noreferrer noopener\" href=\"http:\/\/www.seapop.no\/no\/filer\/pdf\/Abstract_Arneberg_et_al_2009.pdf\" target=\"_blank\">Dominoeffekter i Barentshavet; prosessene rundt svingningene i loddebestanden.<\/a><em>Naturen 5<\/em>:\u00a0252-258.<\/p>\n\n\n\n<p class=\"has-sizing-medium\">Coulson, S.J., Lorentzen, E., Str\u00f8m, H., Gabrielsen, G.W.2009.<a rel=\"noreferrer noopener\" href=\"http:\/\/www.seapop.no\/no\/filer\/abstracts\/2009\/Coulsen_et_al._2009._Polar_Research.pdf\" target=\"_blank\">The parasitic tick Ixodes uriae (Acari: Ixodidae) on seabirds from Spitsbergen, Svalbard.<\/a><em>Polar Research 28(3)<\/em>:\u00a0399\u2013402.<\/p>\n\n\n\n<p class=\"has-sizing-medium\">Erikstad, K.E., Bustnes, J.O., Lorentsen. S.H., Reiertsen, T.K.2009.<a rel=\"noreferrer noopener\" href=\"http:\/\/www.seapop.no\/no\/filer\/publikasjoner\/2009\/Erikstad_et_al_2009x_bb_gull.pdf\" target=\"_blank\">Sex ratio in lesser black-backed gull in relation to environmental pollutants.<\/a><em>Behavioral Ecology and sociobiology 63<\/em>:\u00a0931\u2013938.<\/p>\n\n\n\n<p class=\"has-sizing-medium\">Erikstad, K.E., Sandvik, H., Fauchald, P., Tveraa, T.2009.<a rel=\"noreferrer noopener\" href=\"http:\/\/www.seapop.no\/no\/filer\/publikasjoner\/2009\/Erikstad_et_al_2009.pdf\" target=\"_blank\">Short- and long-term consequences of reproductive decisions: an experimental study in the puffin.<\/a><em>Ecology 90 (11)<\/em>:\u00a03197\u20133208.<\/p>\n\n\n\n<p class=\"has-sizing-medium\">Fauchald, P.2009.Spatial interaction between seabirds and prey: review and synthesis.<em>Marine Ecology Progress Series 391<\/em>:\u00a0139\u2013151.Grosbois, V., Harris, M.P., Anker-Nilssen, T., McCleery, R.H., Shaw, D.N., Morgan, B.J.T., Gimenez, O.2009.<a href=\"http:\/\/www.esajournals.org\/doi\/pdf\/10.1890\/08-1657.1\">Modeling survival at multi-population scales using mark-recapture data.<\/a><em>Ecology 90<\/em>:\u00a02922\u20132932.<\/p>\n\n\n\n<p class=\"has-sizing-medium\">Hanssen, S.A., Bustnes, J.O., Tveraa, T., Hasselquist, D., Varpe, \u00d8., Henden, J.A.2009.<a rel=\"noreferrer noopener\" href=\"http:\/\/www.seapop.no\/no\/filer\/abstracts\/Hannssen_et_al_2009x_behav_eco.pdf\" target=\"_blank\">Individual quality and reproductive effort mirrored in white wing plumage in both sexes of south polar skuas.<\/a><em>Behavioural Ecology 20<\/em>:\u00a0961\u2013966.<\/p>\n\n\n\n<p class=\"has-sizing-medium\">Helberg, M., Systad, G.H., Birkeland, I., Lorentzen, N.H., Bustnes, J.O.2009.<a rel=\"noreferrer noopener\" href=\"http:\/\/www.seapop.no\/no\/filer\/abstracts\/Helberg_et_al_2009x_Ardea.pdf\" target=\"_blank\">Migration patterns of adult and juvenile lesser black-backed gulls breeding in northern Norway.<\/a><em>Ardea 97<\/em>:\u00a0281\u2013286.<\/p>\n\n\n\n<p class=\"has-sizing-medium\">Helgason, L.B., F\u00f8reid, S., B\u00e6k, K., Polder, A., Gabrielsen, G.W., Barrett, R., Sk\u00e5re, J.U.2009.Levels and temporal trends (1983-2003) of polybrominated diphenylethers (PMDEs) and hexabromocyclododecane (HBCD) in seabird eggs from Northern Norway.<em>Environmental Toxicology and Chemistry 28<\/em>:\u00a01096\u20131103.<\/p>\n\n\n\n<p class=\"has-sizing-medium\">Lorentsen, S.-H., Anker-Nilssen, T., Str\u00f8m, H.2009.<a href=\"http:\/\/www.imr.no\/publikasjoner\/andre_publikasjoner\/fisken_og_havet\/2009\/Sernr_1b.pdf\/nb-no\">Sj\u00f8fugl. I: Sunnan\u00e5, K., Fossheim, M. og van der Meeren, G.I. (red.). Forvaltningsplan Barentshavet \u2013 rapport fra overv\u00e5kingsgruppen 2009.<\/a><em>Fisken og havet, s\u00e6rnummer 1b-2009<\/em>:\u00a057-63.\u00a0Havforskningsinstituttet, Bergen.Lorentsen, S.-H., Christensen-Dalsgaard, S.2009.<a rel=\"noreferrer noopener\" href=\"http:\/\/www.seapop.no\/no\/filer\/publikasjoner\/2009\/Lorentsen_and_Chr-Dalsgaard_2009_Det_nasj_overvakn-prog_sjofugl_NINA-rapp439.pdf\" target=\"_blank\">Det nasjonale overv\u00e5kingsprogrammet for sj\u00f8fugl. Resultater til og med hekkesesongen 2008.<\/a><em><a href=\"http:\/\/juan.npolar.no\/links\/nina-report-439\">NINA Rapport 439<\/a><\/em>:\u00a053 s.<\/p>\n\n\n\n<p class=\"has-sizing-medium\">Miljeteig, C., Str\u00f8m, H., Gavrilo M.V., Volkov, A., Jenssen, B.M., Gabrielsen, G.W.2009.<a rel=\"noreferrer noopener\" href=\"http:\/\/www.seapop.no\/no\/filer\/abstracts\/2009\/Miljeteig_et_al._2009._Envir_scie_x_tech.pdf\" target=\"_blank\">High Levels of Contaminants in Ivory Gull Pagophila eburnea Eggs from the Russian and Norwegian Arctic.<\/a><em>Environmental Science &amp; Technology 43(14)<\/em>:\u00a05521\u20135528.<\/p>\n\n\n\n<p class=\"has-sizing-medium\">Sagerup, K., Helgason, L. B., Polder, A., Str\u00f8m, H., Josefsen, T. D., Sk\u00e5re, J. U., Gabrielsen, G. W.2009.<a rel=\"noreferrer noopener\" href=\"http:\/\/www.seapop.no\/no\/filer\/publikasjoner\/2009\/Sagerup_etal_2009_POPs_and_mercury_in_dead_and_dying_glaucous_gulls.pdf\" target=\"_blank\">Persistent organic pollutants and mercury in dead and dying glaucous gulls (Larus hyperboreus) at Bj\u00f8rn\u00f8ya (Svalbard).<\/a><em>Science of the Total Environment 407<\/em>:\u00a06009-6016.<\/p>\n\n\n\n<p class=\"has-sizing-medium\">Welcker, J., Harding A.M.A., Karnovsky, N.J., Steen, H., Str\u00f8m, H., Gabrielsen G.W.2009.<a rel=\"noreferrer noopener\" href=\"http:\/\/www.seapop.no\/no\/filer\/abstracts\/2009\/Welcker_et_al_2009_Jour_avain_bio.pdf\" target=\"_blank\">Flexibility in the bimodal foraging strategy of a high Arctic alcid, the little auk\u00a0<em>Alle alle<\/em>.<\/a><em>Journal of Avian Biology 40 (4)<\/em>:\u00a0388\u2013399.<\/p>\n","protected":false},"excerpt":{"rendered":"<p>Anker-Nilssen, T., Aarvak, T.2009.Satellite telemetry reveals post-breeding movements of Atlantic puffins Fratercula arctica from R\u00f8st, &hellip; <\/p>\n<p class=\"read-more-link\"><a href=\"https:\/\/seapop.no\/en\/publications\/published-other\/published-2009\/\">Les videre<span class=\"screen-reader-text\"> \u00abPublished 2009\u00bb<\/span><\/a><\/p>\n","protected":false},"author":1,"featured_media":0,"parent":1610,"menu_order":132,"comment_status":"closed","ping_status":"closed","template":"","meta":{"_acf_changed":false,"_uag_custom_page_level_css":"","footnotes":""},"class_list":["post-3866","page","type-page","status-publish"],"acf":[],"uagb_featured_image_src":{"full":false,"thumbnail":false,"medium":false,"medium_large":false,"large":false,"1536x1536":false,"2048x2048":false,"default":false,"square":false},"uagb_author_info":{"display_name":"Gnist Design","author_link":"https:\/\/seapop.no\/en\/author\/gnist\/"},"uagb_comment_info":0,"uagb_excerpt":"Anker-Nilssen, T., Aarvak, T.2009.Satellite telemetry reveals post-breeding movements of Atlantic puffins Fratercula arctica from R\u00f8st, &hellip; Les videre \u00abPublished 2009\u00bb","_links":{"self":[{"href":"https:\/\/seapop.no\/en\/wp-json\/wp\/v2\/pages\/3866","targetHints":{"allow":["GET"]}}],"collection":[{"href":"https:\/\/seapop.no\/en\/wp-json\/wp\/v2\/pages"}],"about":[{"href":"https:\/\/seapop.no\/en\/wp-json\/wp\/v2\/types\/page"}],"author":[{"embeddable":true,"href":"https:\/\/seapop.no\/en\/wp-json\/wp\/v2\/users\/1"}],"replies":[{"embeddable":true,"href":"https:\/\/seapop.no\/en\/wp-json\/wp\/v2\/comments?post=3866"}],"version-history":[{"count":2,"href":"https:\/\/seapop.no\/en\/wp-json\/wp\/v2\/pages\/3866\/revisions"}],"predecessor-version":[{"id":5063,"href":"https:\/\/seapop.no\/en\/wp-json\/wp\/v2\/pages\/3866\/revisions\/5063"}],"up":[{"embeddable":true,"href":"https:\/\/seapop.no\/en\/wp-json\/wp\/v2\/pages\/1610"}],"wp:attachment":[{"href":"https:\/\/seapop.no\/en\/wp-json\/wp\/v2\/media?parent=3866"}],"curies":[{"name":"wp","href":"https:\/\/api.w.org\/{rel}","templated":true}]}}