{"id":3869,"date":"2021-02-01T20:49:13","date_gmt":"2021-02-01T20:49:13","guid":{"rendered":"https:\/\/seapop.no\/?page_id=3869"},"modified":"2021-02-01T20:49:15","modified_gmt":"2021-02-01T20:49:15","slug":"published-2008","status":"publish","type":"page","link":"https:\/\/seapop.no\/en\/publications\/published-other\/published-2008\/","title":{"rendered":"Published 2008"},"content":{"rendered":"\n<p class=\"has-sizing-medium\">Anker-Nilssen, T., Kleven, O., Aarvak, T. &amp; Lifjeld, J. 2008<em>.<\/em>&nbsp;<a target=\"_blank\" href=\"http:\/\/www.seapop.no\/opencms\/export\/sites\/SEAPOP\/no\/filer\/publikasjoner\/2008\/Anker-Nilssen_etal_2008_No_evidence_of_extra-pair_paternity_Atl_Puffin.pdf\" rel=\"noreferrer noopener\">No evidence of extra-pair paternity in the Atlantic puffin&nbsp;<em>Fratercula arctica<\/em><\/a>.&nbsp;<em>Ibis 150<\/em>: 619-622.<\/p>\n\n\n\n<p class=\"has-sizing-medium\">Barrett, R.T. 2008.&nbsp;<a href=\"http:\/\/www.seapop.no\/opencms\/export\/sites\/SEAPOP\/no\/filer\/publikasjoner\/2008\/Barrett_2008_Recent_establ_and_ext_North_Gannet_N-NOR_1995-2008.pdf\" target=\"_blank\" rel=\"noreferrer noopener\">Recent establishments and extinctions of Northern Gannet&nbsp;<em>Morus bassanus<\/em>&nbsp;colonies in North Norway, 1995-2008<\/a>.&nbsp;<em>Ornis Norvegica 31<\/em>: 171-181.<\/p>\n\n\n\n<p class=\"has-sizing-medium\">Barrett, R. 2008. Krykkjed\u00f8den v\u00e5ren 2003. I:&nbsp;\u00c5kra, K. &amp; Granheim, J.-O. Natur i Troms 2008.&nbsp;<em>Norsk Ornitologisk Forening, Avdeling Troms<\/em>, s. 112-115.<\/p>\n\n\n\n<p class=\"has-sizing-medium\">Barrett, R.T., Anker-Nilssen, T., Bakken, V., Str\u00f8m, H., Krasnov, Y. &amp; Aarvak, T. 2008.&nbsp;<a href=\"http:\/\/journals.cambridge.org\/action\/displayAbstract?fromPage=online&amp;aid=2053940&amp;fulltextType=RA&amp;fileId=S0959270908000233\">Biometrics as a determinant of the origins of seabirds killed in oil spills and other incidents<\/a>.&nbsp;<em>Bird Conservation International 18:&nbsp;<\/em>229-241.<\/p>\n\n\n\n<p class=\"has-sizing-medium\">Boulinier, T., McCoy, K.D., Yoccoz, N.G., Gasparini, J. &amp; Tveraa, T. 2008. Public information affects breeding dispersal in a colonial bird: kittiwakes cue on neighbours.&nbsp;<em>Biology Letters 4:<\/em>&nbsp;538-540.<\/p>\n\n\n\n<p class=\"has-sizing-medium\">Bustnes, J.O., Borg\u00e5, K., Erikstad, K.E., Lorentsen, S.-H. &amp; Herzke, D. 2008. Perfluorinated, brominated, and chlorinated contaminants in a population of lesser black-backed gulls (<em>Larus fuscus<\/em>).&nbsp;<em>Environmental Toxicology and Chemistry 27:<\/em>&nbsp;1383-1392.<\/p>\n\n\n\n<p class=\"has-sizing-medium\">Bustnes, J.O., Erikstad, K.E., Lorentsen, S.-H. &amp; Herzke, D. 2008. Perfluorinated and chlorinated contaminants as predictors of demographic parameters in an endangered seabird.&nbsp;<em>Environmental Pollution 156:<\/em>&nbsp;417-424.<\/p>\n\n\n\n<p class=\"has-sizing-medium\">Bustnes, J.O., Tveraa, T., Fauchald, P., Helberg, M. &amp; Skaare, J.U. 2008. The potential impact of environmental variation on the concentrations and ecological effects of pollutants in a marine avian top predator.&nbsp;<em>Environment International 34:<\/em>&nbsp;193-201.<\/p>\n\n\n\n<p class=\"has-sizing-medium\">Christensen-Dalsgaard, S., Bustnes, J.O., Follestad, A., Systad, G.H., Eriksen, J.M., Lorentsen, S.-H. &amp; Anker-Nilssen, T. 2008 . Tverrsektoriell vurdering av konsekvenser for sj\u00f8fugl. Grunnlagsrapport til en helhetlig forvaltningsplan for Norskehavet. \u2013&nbsp;<a target=\"_blank\" href=\"http:\/\/www.seapop.no\/links\/nina-report-338\" rel=\"noreferrer noopener\">NINA Rapport 338<\/a>, 161 s.<\/p>\n\n\n\n<p class=\"has-sizing-medium\">Christensen-Dalsgaard, S., Fangel, K., Dervo, B.K, &amp; Anker-Nilssen, T. 2008. Bifangst av sj\u00f8fugl i norske fiskerier &#8211; eksisterende kunnskap og forslag til kartleggingsprosjekt. &#8211;&nbsp;<a target=\"_blank\" href=\"http:\/\/www.seapop.no\/links\/nina-report-382\" rel=\"noreferrer noopener\">NINA Rapport 382<\/a>, 62 s.<\/p>\n\n\n\n<p class=\"has-sizing-medium\">Ciannelli, L., Fauchald, P., Chan, K.-S., Agostini, V.N. &amp; Dings\u00f8r, G.E. 2008. Spatial fisheries ecology: Recent progress and future prospects.&nbsp;<em>Journal of Marine Systems 71:<\/em>&nbsp;223-236<\/p>\n\n\n\n<p class=\"has-sizing-medium\">Duneau, D., Boulinier, T., G\u00f3mez-D\u00edaz, E., Petersen, \u00c6., Tveraa, T., Barrett, R.T. &amp; McCoy, K.D.&nbsp;2008. Prevalence and diversity of Lyme borreliosis bacteria in marine birds.&nbsp;<em>Infection, Genetics and Evolution 8:<\/em>&nbsp;352-359.<\/p>\n\n\n\n<p class=\"has-sizing-medium\">Eilertsen, K, Barrett, R.T. &amp; Pedersen, T. 2008. Diet, growth and early survival of Atlantic Puffin chicks (<em>Fratercula arctica<\/em>) in North Norway.&nbsp;<em>Waterbirds 31:<\/em>&nbsp;107-114.<\/p>\n\n\n\n<p class=\"has-sizing-medium\">Gilchrist, G.,&nbsp;Str\u00f8m, H.,&nbsp;Gavrilo, M.V.&nbsp;&amp; Mosbech, A. 2008. International Ivory Gull conservation strategy and action plan.&nbsp;<a target=\"_blank\" href=\"http:\/\/www.seapop.no\/links\/caff-tech-report-18\" rel=\"noreferrer noopener\">CAFF Technical Report No. 18<\/a>.&nbsp;<em>Circumpolar Seabird Group (CBird)<\/em>, CAFF International Secretariat, Akureyri, Iceland, 20 pp.<\/p>\n\n\n\n<p class=\"has-sizing-medium\">Gjershaug, J.O., Anker-Nilssen, T., Fauchald, P. &amp;&nbsp; Lorentsen, S.-H. 2008. Biologiske akseptkriterier for olje-p\u00e5-vann-\u00f8velser.&nbsp;<em>NINA Minirapport 226<\/em>, 29 s.<\/p>\n\n\n\n<p class=\"has-sizing-medium\">Hanssen, S.A., Hasselquist, D., Folstad, I.&nbsp;&amp; Erikstad, K.E. 2008<em>.&nbsp;<\/em>A label of health: a previous immune challenge is reflected in the&nbsp;expression of a female plumage trait.&nbsp;<em>Biology Letters 4:<\/em>&nbsp;379-381.<\/p>\n\n\n\n<p class=\"has-sizing-medium\">Helgason, L.B., Barrett, R., Lie, E., Polder, A., Skaare, J.U. &amp;&nbsp;Gabrielsen, G.W. 2008. Levels and temporal trends (1983-2003) of persistant organic pollutants (POPs) and mercury (Hg) in seabird eggs from Northern Norway.&nbsp;<em>Environmental Pollution 155:<\/em>&nbsp;190-198.<\/p>\n\n\n\n<p class=\"has-sizing-medium\">ICES 2008. Report of the Working Group on Seabird Ecology (WGSE) 9-14 March 2008 Lisboa, Portugal.&nbsp;<a target=\"_blank\" href=\"http:\/\/www.seapop.no\/links\/ices-cm-2008-lrc-05\" rel=\"noreferrer noopener\">ICES CM 2008\/LRC:05<\/a>, Ref. ACOM, WGECO. ICES, Copenhagen, 93 pp.<\/p>\n\n\n\n<p class=\"has-sizing-medium\">ICES 2008. Report of the Workshop on Seabird Ecological Quality Indicator (WKSEQUIN).&nbsp;<a target=\"_blank\" href=\"http:\/\/www.seapop.no\/links\/ices-cm-2008-lrc-06\" rel=\"noreferrer noopener\">ICES CM 2008\/LRC:06<\/a>, Ref. ACOM, WGSE. ICES, Copenhagen,&nbsp;56 pp.<\/p>\n\n\n\n<p class=\"has-sizing-medium\">Irons, D., Anker-Nilssen, T., Gaston, A.J., Byrd, G.V., Falk, K., Gilchrist, G., Hario, M., Hjernquist, M., Krasnov, Y.V., Mosbech, A., Olsen, B., Petersen, A., Reid, J., Robertson, G., Str\u00f8m, H. &amp; Wohl, K.D. 2008. Fluctuations in circumpolar seabird populations linked to climate oscillations.&nbsp;<em>Global Change Biology 14:<\/em>&nbsp;1455-1463.<\/p>\n\n\n\n<p class=\"has-sizing-medium\">Lorentsen, S.-H. (ed.), Byrkjeland, S., Flagstad, \u00d8., Heggberget, T.M., Larsen, T., R\u00f8v, N., Balstad, T., Haugland,&nbsp;T. &amp; \u00d8stborg, G.M. 2008.&nbsp; Etterkantunders\u00f8kelser sj\u00f8fugl og oter etter MS Server-forliset januar 2007.&nbsp;<a target=\"_blank\" href=\"http:\/\/www.seapop.no\/links\/nina-report-336\" rel=\"noreferrer noopener\">NINA Rapport 336<\/a>, 64 pp.<\/p>\n\n\n\n<p class=\"has-sizing-medium\">Lorentsen, S.-H., Anker-Nilssen, T. &amp; Str\u00f8m, H. 2008.&nbsp;<a href=\"http:\/\/www.imr.no\/filarkiv\/2003\/12\/Saernummer_1b_08.pdf\/nb-no\">Sj\u00f8fugl.&nbsp;I: Sunnan\u00e5, K. &amp; Fossheim, M. (red.) Forvaltningsplan Barentshavet &#8211; rapport fra overv\u00e5kingsgruppen 2008<\/a>.&nbsp;<em>Fisken og Havet. s\u00e6rnr. 1b-2008<\/em>. Havforskningsinstituttet, Bergen. 95 s.<\/p>\n\n\n\n<p class=\"has-sizing-medium\">Nordisk Ministerr\u00e5d 2008. Vest-Nordiske sj\u00f8fugler i et presset havmilj\u00f8. Hva er status for sj\u00f8fuglbestandene i Norden? Hvilke p\u00e5virkningsfaktorer truer? Hvilke tiltak kan settes inn? Rapport fra en nordisk workshop T\u00f3rshavn, F\u00e6r\u00f8yene 26.\u201329. september 2007.&nbsp;<a target=\"_blank\" href=\"http:\/\/norden.org\/pub\/miljo\/miljo\/uk\/TN2008573.pdf\" rel=\"noreferrer noopener\">TemaNord 2008:573<\/a>. Nordisk Ministerr\u00e5d, Copenhagen,&nbsp;100 pp.<\/p>\n\n\n\n<p class=\"has-sizing-medium\">Petersen, A., Irons, D., Anker-Nilssen, T., Artukhin, Y., Barrett, R.T., Boertmann, D., Egevang, C., Gavrilo, M.V., Gilchrist, G., Hario, M., Mallory, M., Mosbech, A., Olsen, B., \u00d6sterblom, H., Robertson, G. &amp; Str\u00f8m, H. 2008. Framework for a Circumpolar Arctic Seabird Monitoring Network.&nbsp;<a target=\"_blank\" href=\"http:\/\/www.seapop.no\/links\/caff-cbmp-report-15\" rel=\"noreferrer noopener\">CAFF CBMP Report No.15<\/a>.&nbsp;<em>CAFF International Secretariat<\/em>, Akureyri, Iceland, 67 pp.<\/p>\n\n\n\n<p class=\"has-sizing-medium\">Reid, J., Anker-Nilssen, T., Arcos, J., Barrett, R., Chardine, J., Dunn, E., Fric, J., Furness, R., H\u00fcppop, O., Nunes, M., Olsen, B., Ramirez, I., Veit, R. 2008. Bycatch of seabirds on longlines in the north-east Atlantic and Mediterranean Sea.&nbsp;<em>Poster, ICES 2008 Annual Science Conference<\/em>, Halifax, Canada, 22-26 Sept 2008.<\/p>\n\n\n\n<p class=\"has-sizing-medium\">Sandvik, H., Erikstad, K.E., Fauchald, P. &amp; Tveraa, T. 2008<em>.&nbsp;<\/em><a target=\"_blank\" href=\"http:\/\/www.seapop.no\/opencms\/export\/sites\/SEAPOP\/no\/filer\/publikasjoner\/2008\/Sandvik_etal_2008_High_survival_of_immatures_Atl_Puffin.pdf\" rel=\"noreferrer noopener\">High survival of immatures in a long-lived seabird: insights from a long-term study in the Atlantic Puffin (<em>Fratercula arctica)<\/em>.<\/a>&nbsp;<em>Auk 125:<\/em>&nbsp;723-730.<\/p>\n\n\n\n<p class=\"has-sizing-medium\">Sandvik, H. &amp; Erikstad, K.E. 2008<em>.<\/em>&nbsp;<a target=\"_blank\" href=\"http:\/\/www.seapop.no\/opencms\/export\/sites\/SEAPOP\/no\/filer\/publikasjoner\/2008\/Sandvik_and_Erikstad_2008_Seabird_life_histories_and_climatic_fluctuations_North_Atlantic.pdf\" rel=\"noreferrer noopener\">Seabird life histories and climatic fluctuations: a phylogenetic-comparative time series analysis of North Atlantic seabirds.<\/a>&nbsp;<em>Ecogeography 31:<\/em>&nbsp;73-83.<\/p>\n\n\n\n<p class=\"has-sizing-medium\">Str\u00f8m, H.&nbsp;2008. Sj\u00f8fugl.&nbsp;I: Loeng, H. (red.).&nbsp;<a target=\"_blank\" href=\"http:\/\/brage.bibsys.no\/npolar\/bitstream\/URN:NBN:no-bibsys_brage_6625\/1\/Rapportserie%20126.pdf\" rel=\"noreferrer noopener\">Klimaendringer i Barentshavet \u2013 Konsekvenser av \u00f8kte CO2-niv\u00e5er i atmosf\u00e6ren og havet<\/a>.&nbsp;<em>Norsk Polarinstitutt Rapportserie Nr. 126:<\/em>&nbsp;s 21.<\/p>\n\n\n\n<p class=\"has-sizing-medium\">Str\u00f8m, H., Anker-Nilssen, T., Barrett, R. &amp; Ekker, M. 2008. Seabird Harvest in Norway and Svalbard.&nbsp;In: Merkel, F. &amp; Barry, T. (eds.). Seabird harvest in the Arctic.&nbsp;<a target=\"_blank\" href=\"http:\/\/www.seapop.no\/links\/caff-tech-report-16\" rel=\"noreferrer noopener\">CAFF Technical Report No. 16<\/a>.&nbsp;<em>CAFF International Secretariat<\/em>, Akureyri, Iceland,&nbsp;pp. 59-63.<\/p>\n\n\n\n<p class=\"has-sizing-medium\">Toresen, R. &amp; Anker-Nilssen, T. 2008. Ja til b\u00e5de fugl og fisk. Chronicle,&nbsp;<a target=\"_blank\" href=\"http:\/\/www.seapop.no\/links\/aftenposten-11-jan-2008-s4\" rel=\"noreferrer noopener\">Aftenposten, 11 Jan 2008, p. 4 (kulturbilaget)<\/a>. Aftenposten, Oslo.<\/p>\n","protected":false},"excerpt":{"rendered":"<p>Anker-Nilssen, T., Kleven, O., Aarvak, T. &amp; Lifjeld, J. 2008.&nbsp;No evidence of extra-pair paternity in &hellip; <\/p>\n<p class=\"read-more-link\"><a href=\"https:\/\/seapop.no\/en\/publications\/published-other\/published-2008\/\">Les videre<span class=\"screen-reader-text\"> \u00abPublished 2008\u00bb<\/span><\/a><\/p>\n","protected":false},"author":1,"featured_media":0,"parent":1610,"menu_order":135,"comment_status":"closed","ping_status":"closed","template":"","meta":{"_acf_changed":false,"_uag_custom_page_level_css":"","footnotes":""},"class_list":["post-3869","page","type-page","status-publish"],"acf":[],"uagb_featured_image_src":{"full":false,"thumbnail":false,"medium":false,"medium_large":false,"large":false,"1536x1536":false,"2048x2048":false,"default":false,"square":false},"uagb_author_info":{"display_name":"Gnist Design","author_link":"https:\/\/seapop.no\/en\/author\/gnist\/"},"uagb_comment_info":0,"uagb_excerpt":"Anker-Nilssen, T., Kleven, O., Aarvak, T. &amp; Lifjeld, J. 2008.&nbsp;No evidence of extra-pair paternity in &hellip; Les videre \u00abPublished 2008\u00bb","_links":{"self":[{"href":"https:\/\/seapop.no\/en\/wp-json\/wp\/v2\/pages\/3869","targetHints":{"allow":["GET"]}}],"collection":[{"href":"https:\/\/seapop.no\/en\/wp-json\/wp\/v2\/pages"}],"about":[{"href":"https:\/\/seapop.no\/en\/wp-json\/wp\/v2\/types\/page"}],"author":[{"embeddable":true,"href":"https:\/\/seapop.no\/en\/wp-json\/wp\/v2\/users\/1"}],"replies":[{"embeddable":true,"href":"https:\/\/seapop.no\/en\/wp-json\/wp\/v2\/comments?post=3869"}],"version-history":[{"count":1,"href":"https:\/\/seapop.no\/en\/wp-json\/wp\/v2\/pages\/3869\/revisions"}],"predecessor-version":[{"id":3871,"href":"https:\/\/seapop.no\/en\/wp-json\/wp\/v2\/pages\/3869\/revisions\/3871"}],"up":[{"embeddable":true,"href":"https:\/\/seapop.no\/en\/wp-json\/wp\/v2\/pages\/1610"}],"wp:attachment":[{"href":"https:\/\/seapop.no\/en\/wp-json\/wp\/v2\/media?parent=3869"}],"curies":[{"name":"wp","href":"https:\/\/api.w.org\/{rel}","templated":true}]}}