{"id":3872,"date":"2021-02-01T20:50:16","date_gmt":"2021-02-01T20:50:16","guid":{"rendered":"https:\/\/seapop.no\/?page_id=3872"},"modified":"2021-02-01T20:50:18","modified_gmt":"2021-02-01T20:50:18","slug":"published-2007","status":"publish","type":"page","link":"https:\/\/seapop.no\/en\/publications\/published-other\/published-2007\/","title":{"rendered":"Published 2007"},"content":{"rendered":"\n<p class=\"has-sizing-medium\">Anker-Nilssen, T. 2007.&nbsp;<a href=\"http:\/\/www.seapop.no\/links\/fisken-havet-2-2007-51-53\">Er tidsserier for sj\u00f8fugl nyttige indikatorer for rekruttering hos fisk?<\/a>&nbsp;I: Dahl, E., Hansen, P.K., Haug, T. &amp; Karlsen, \u00d8. (red.). Kyst og havbruk 2007.<em>&nbsp;Fisken og havet, s\u00e6rnummer 2-2007:<\/em>&nbsp;51-53. (Also published in NINA 2007: NINA \u00c5rsmelding 2006: 20-23.)<\/p>\n\n\n\n<p class=\"has-sizing-medium\">Anker-Nilssen, T., H\u00f8yland, T., Barrett, R., Lorentsen, S.-H. &amp; Str\u00f8m, H. 2007. Dramatic breeding failures among Norwegian seabirds.&nbsp;<em>Seabird Group Newsletter 106:<\/em>&nbsp;7-8.<\/p>\n\n\n\n<p class=\"has-sizing-medium\">Barrett, R.T. 2007. Food web interactions in the&nbsp;southwestern Barents Sea: black-legged kittiwakes<em>&nbsp;Rissa tridactyla<\/em>&nbsp;respond negatively to an increase in herring&nbsp;<em>Clupea harengus<\/em>.&nbsp;<em>Marine Ecology Progress Serie 349:<\/em>&nbsp;269-276.<\/p>\n\n\n\n<p class=\"has-sizing-medium\">Barrett, R.T., Camphuysen, C.J., Anker-Nilssen, T., Furness, R.W., Garthe, S., H\u00fcppop, O., Leopold, M.F., Montevecchi, W.A. &amp; Veit, R.R. 2007. Diet studies of seabirds: a review and&nbsp; recommendations.&nbsp;<em>ICES Journal of Marine Science 64:<\/em>&nbsp;1675-1691.<\/p>\n\n\n\n<p class=\"has-sizing-medium\">Bustnes, J.O., Kristiansen, K.O. &amp; Helberg, M. 2007. Immune status, carotenoid colouration and wing feather growth in relation to organochlorine contaminants in great black-backed gulls.&nbsp;<em>Archives of Environmental Contamination and Toxicology 53:<\/em>&nbsp;96-102.<\/p>\n\n\n\n<p class=\"has-sizing-medium\">Bustnes, J.O., Tveraa, T., Henden, J.A., Varpe, \u00d8. &amp; Skaare, J.U. 2007. Reproductive performance and organochlorine pollutants in an Antarctic marine top predator: the south polar skua.&nbsp;<em>Environment International 33:<\/em>&nbsp;911-918.<\/p>\n\n\n\n<p class=\"has-sizing-medium\">Enstipp, M.R., Jones, D.R., Lorentsen, S.-H. &amp; Gr\u00e9millet, D. 2007. Energetic costs of diving and prey-capture capabilities in cormorants and shags (Phalacrocoracidae) underline their unique adaptation to the aquatic environment.&nbsp;<em>Journal of Ornithology 148:<\/em>&nbsp;593-600.<\/p>\n\n\n\n<p class=\"has-sizing-medium\">Erikstad, K.E. &amp; Reiertsen, T.K. 2007.&nbsp; Effekter av forurensning p\u00e5 bestandsutviklingen til m\u00e5ser.&nbsp;<a target=\"_blank\" href=\"http:\/\/www.seapop.no\/links\/nina-report-274\" rel=\"noreferrer noopener\">NINA Rapport 274<\/a>, 24 s.<\/p>\n\n\n\n<p class=\"has-sizing-medium\">Erikstad, K.E, Reiertsen, T.K., Anker-Nilssen, T., Barrett, R.T., Lorentsen, S.-H., Str\u00f8m, H. &amp; Systad, G.H. 2007. Levedyktighetsanalyser for norske lomvibestander.&nbsp;<a target=\"_blank\" href=\"http:\/\/www.seapop.no\/links\/nina-report-240\" rel=\"noreferrer noopener\">NINA Rapport 240<\/a>, 25 s.<\/p>\n\n\n\n<p class=\"has-sizing-medium\">Gerland, S., Aars, J., Bracegirdle, T., Carmack, E., Hop, H., Hovelsrud, G.K., Kovacs, K.M., Lydersen, C., Perovich, D.K., Richter-Menge, J., Rybr\u00e5ten, S., Str\u00f8m, H., &amp; Turner, J. 2007. Ice in the Sea. &#8211; Chapter 5 of Global Outlook for Ice and Snow.&nbsp;<em>UN Environment Program (UNEP)<\/em>, pp. 63-96.<\/p>\n\n\n\n<p class=\"has-sizing-medium\">Hanssen, S. A., Erikstad, K.E. &amp;&nbsp; Johnsen, T.V. 2007. Kan hav\u00f8rn begrense konflikter mellom \u00e6rfugl og bl\u00e5skjelldyrking? &#8211;&nbsp;<a target=\"_blank\" href=\"http:\/\/www.seapop.no\/links\/nina-report-279\" rel=\"noreferrer noopener\">NINA Rapport 279<\/a>, 18 s.<\/p>\n\n\n\n<p class=\"has-sizing-medium\">ICES 2007. Report of the Working Group on Seabird Ecology (WGSE) 19-23 March 2007 Barcelona, Spain &#8211;&nbsp;<a target=\"_blank\" href=\"http:\/\/www.seapop.no\/links\/ices-cm-2007-lrc-05\" rel=\"noreferrer noopener\">ICES CM 2007\/LRC:05<\/a>, Ref. ACE. ICES, Copenhagen,&nbsp;117 pp.<\/p>\n\n\n\n<p class=\"has-sizing-medium\">Krasnov, Y.V., Barrett, R.T. &amp; Nikolaeva, N.G. 2007. Status of&nbsp; black-legged kittiwakes (<em>Rissa tridactyla<\/em>), common guillemots (<em>Uria aalge<\/em>) and Br\u00fcnnich\u2019s guillemots (<em>U. lomvia<\/em>) in Murman, noth-west Russia, and Varanger, north-east Norway.&nbsp;<em>Polar Research 26:<\/em>&nbsp;113-117.<\/p>\n\n\n\n<p class=\"has-sizing-medium\">Lorentsen, S.-H., Anker-Nilssen, T. &amp; Str\u00f8m, H. 2007. Sj\u00f8fugl og sj\u00f8pattedyr. I: Sunnan\u00e5, K. (red.). Forvaltningsplan Barentshavet &#8211; 1. rapport fra overv\u00e5kingsgruppen.&nbsp;<em><a target=\"_blank\" href=\"http:\/\/www.seapop.no\/opencms\/export\/sites\/SEAPOP\/no\/filer\/pdf\/fisken-og-havet-ser-nr-1-2007.pdf\" rel=\"noreferrer noopener\">Fisken og havet, s\u00e6rnr. 1b-2007<\/a>:&nbsp;<\/em>23-27. Havforskningsinstituttet, Bergen.<\/p>\n\n\n\n<p class=\"has-sizing-medium\">Lorentsen, S.-H., Anker-Nilssen, T., Str\u00f8m, H., M\u00e5ge. H., Julshamn, K. &amp; Braathen, O.-A. 2007. Revisjon av indikatorer. I: Sunnan\u00e5, K. (ed). Forvaltningsplan Barentshavet &#8211; rapport fra overv\u00e5kingsgruppen.&nbsp;<em><a href=\"http:\/\/www.imr.no\/publikasjoner\/andre_publikasjoner\/fisken_og_havet\/74727\/overvaking_ferdig.pdf\/nb-no\">Fisken og Havet s\u00e6rnr. 1b-2007<\/a>:<\/em>&nbsp;40-43. Havforskningsinstituttet, Bergen.<\/p>\n\n\n\n<p class=\"has-sizing-medium\">Lorentsen, S.-H. 2007. Evaluering av sj\u00f8fugloverv\u00e5king utf\u00f8rt i regi av fylkesmannsetaten, samt forslag til overv\u00e5king i verneomr\u00e5dene for sj\u00f8fugl.&nbsp;<a target=\"_blank\" href=\"http:\/\/www.seapop.no\/links\/nina-report-247\" rel=\"noreferrer noopener\">NINA Rapport 247<\/a>, 22 pp.<\/p>\n\n\n\n<p class=\"has-sizing-medium\">Staszewski, V., Gasparini, J., McCoy, K.D., Tveraa, T. &amp; Boulinier, T. 2007. Evidence of an interannual effect of maternal immunization on the immune response of juveniles in a long-lived colonial bird.&nbsp;<em>Journal of Animal Ecology 76:<\/em>&nbsp;1215-1223.<\/p>\n\n\n\n<p class=\"has-sizing-medium\">Staszewski, V., McCoy, K.D., Tveraa, T. &amp; Boulinier, T. 2007. Interannual dynamics of antibody levels in naturally infected individuals of a long-lived colonial bird.&nbsp;<em>Ecology 88:<\/em>&nbsp;3183-3191.<\/p>\n\n\n\n<p class=\"has-sizing-medium\">Steen, H., Vogedes, D., Broms, F., Falk-Petersen, S. &amp; Berge, J. 2007.&nbsp;<a target=\"_blank\" href=\"http:\/\/www.seapop.no\/opencms\/export\/sites\/SEAPOP\/no\/filer\/publikasjoner\/2007\/Steen_etal_2007_Little_auks_bimodal_foraging_strategies.pdf\" rel=\"noreferrer noopener\">Little auks (<em>Alle alle<\/em>) breeding in a High Arctic fjord system: bimodal foraging strategies as a response to poor food quality?<\/a>&nbsp;<em>Polar Research 26:<\/em>&nbsp;118-125.<\/p>\n\n\n\n<p class=\"has-sizing-medium\">Steen, H., Str\u00f8m, H. &amp; Harding, A. 2007. Geographical variations in little auk (<em>Alle alle<\/em>) survival.&nbsp;<em>Poster. EURING technical meeting<\/em>, 14-21 January 2007, Dunedin, New Zealand.<\/p>\n\n\n\n<p class=\"has-sizing-medium\">Str\u00f8m, H. 2007. Ism\u00e5ka &#8211; en arktisk klimaflyktning.&nbsp;<em>V\u00e5r Fuglefauna 30:<\/em>&nbsp;108-114.<\/p>\n\n\n\n<p class=\"has-sizing-medium\">Systad, G., Hanssen, S.A., Anker-Nilssen, T. &amp; Lorentsen, S.-H. 2007. S\u00e6rlig Verdifulle Omr\u00e5der (SVO) for sj\u00f8fugl i Nordsj\u00f8en og Norskehavet.&nbsp;<em>NINA Rapport 230<\/em>, 54 s.<\/p>\n","protected":false},"excerpt":{"rendered":"<p>Anker-Nilssen, T. 2007.&nbsp;Er tidsserier for sj\u00f8fugl nyttige indikatorer for rekruttering hos fisk?&nbsp;I: Dahl, E., Hansen, &hellip; <\/p>\n<p class=\"read-more-link\"><a href=\"https:\/\/seapop.no\/en\/publications\/published-other\/published-2007\/\">Les videre<span class=\"screen-reader-text\"> \u00abPublished 2007\u00bb<\/span><\/a><\/p>\n","protected":false},"author":1,"featured_media":0,"parent":1610,"menu_order":144,"comment_status":"closed","ping_status":"closed","template":"","meta":{"_acf_changed":false,"_uag_custom_page_level_css":"","footnotes":""},"class_list":["post-3872","page","type-page","status-publish"],"acf":[],"uagb_featured_image_src":{"full":false,"thumbnail":false,"medium":false,"medium_large":false,"large":false,"1536x1536":false,"2048x2048":false,"default":false,"square":false},"uagb_author_info":{"display_name":"Gnist Design","author_link":"https:\/\/seapop.no\/en\/author\/gnist\/"},"uagb_comment_info":0,"uagb_excerpt":"Anker-Nilssen, T. 2007.&nbsp;Er tidsserier for sj\u00f8fugl nyttige indikatorer for rekruttering hos fisk?&nbsp;I: Dahl, E., Hansen, &hellip; Les videre \u00abPublished 2007\u00bb","_links":{"self":[{"href":"https:\/\/seapop.no\/en\/wp-json\/wp\/v2\/pages\/3872","targetHints":{"allow":["GET"]}}],"collection":[{"href":"https:\/\/seapop.no\/en\/wp-json\/wp\/v2\/pages"}],"about":[{"href":"https:\/\/seapop.no\/en\/wp-json\/wp\/v2\/types\/page"}],"author":[{"embeddable":true,"href":"https:\/\/seapop.no\/en\/wp-json\/wp\/v2\/users\/1"}],"replies":[{"embeddable":true,"href":"https:\/\/seapop.no\/en\/wp-json\/wp\/v2\/comments?post=3872"}],"version-history":[{"count":1,"href":"https:\/\/seapop.no\/en\/wp-json\/wp\/v2\/pages\/3872\/revisions"}],"predecessor-version":[{"id":3874,"href":"https:\/\/seapop.no\/en\/wp-json\/wp\/v2\/pages\/3872\/revisions\/3874"}],"up":[{"embeddable":true,"href":"https:\/\/seapop.no\/en\/wp-json\/wp\/v2\/pages\/1610"}],"wp:attachment":[{"href":"https:\/\/seapop.no\/en\/wp-json\/wp\/v2\/media?parent=3872"}],"curies":[{"name":"wp","href":"https:\/\/api.w.org\/{rel}","templated":true}]}}