{"id":3875,"date":"2021-02-01T20:51:15","date_gmt":"2021-02-01T20:51:15","guid":{"rendered":"https:\/\/seapop.no\/?page_id=3875"},"modified":"2021-02-01T20:51:17","modified_gmt":"2021-02-01T20:51:17","slug":"published-2006","status":"publish","type":"page","link":"https:\/\/seapop.no\/en\/publications\/published-other\/published-2006\/","title":{"rendered":"Published 2006"},"content":{"rendered":"\n<p class=\"has-sizing-medium\">Anker-Nilssen, T. 2006. Lunde&nbsp;<em>Fratercula arctica<\/em>. &#8211; In: Svorkmo-Lundberg, T., Bakken, V., Helberg, M., Mork, K., R\u00f8er, J.E. &amp; S\u00e6b\u00f8, S. (eds.). Norsk vinterfuglatlas. Fuglenes utbredelse, bestandsst\u00f8rrelse og \u00f8kologi vinterstid. Norsk Ornitologisk Forening, Trondheim, pp 246-247.<\/p>\n\n\n\n<p class=\"has-sizing-medium\">Anker-Nilssen, T. 2006. Teist&nbsp;<em>Cepphus grylle<\/em>. &#8211; In: Svorkmo-Lundberg, T., Bakken, V., Helberg, M., Mork, K., R\u00f8er, J.E. &amp; S\u00e6b\u00f8, S. (eds.). Norsk vinterfuglatlas. Fuglenes utbredelse, bestandsst\u00f8rrelse og \u00f8kologi vinterstid. Norsk Ornitologisk Forening, Trondheim, pp 242-243.<\/p>\n\n\n\n<p class=\"has-sizing-medium\">Anker-Nilssen, T. 2006. The avifaunal value of the Lofoten Islands in a World Heritage perspective. &#8211;&nbsp;<a target=\"_blank\" href=\"http:\/\/www.seapop.no\/links\/nina-report-201\" rel=\"noreferrer noopener\">NINA Report 201<\/a>: 1-18.<\/p>\n\n\n\n<p class=\"has-sizing-medium\">Anker-Nilssen, T., Barrett, R.T., Bustnes, J.O., Erikstad, K.E., Fauchald, P., Lorentsen, S.-H., Steen, H., Str\u00f8m, H., Systad, G.H. &amp; Tveraa, T. 2006. The SEAPOP programme &#8211; a milestone for the mapping and monitoring of seabirds in Norway. &#8211;\u00a0<a rel=\"noreferrer noopener\" target=\"_blank\" href=\"http:\/\/www.seapop.no\/opencms\/export\/sites\/SEAPOP\/no\/filer\/pdf\/SEAPOP-poster-2006.pdf\">Poster.<\/a>\u00a09th International Conference of the Seabird Group, Aberdeen, UK, 1-3 Sept 2006.<\/p>\n\n\n\n<p class=\"has-sizing-medium\">Anker-Nilssen, T., Barrett, R.T., Bustnes, J.O., Erikstad, K.E., Fauchald, P., Lorentsen, S.-H., Steen, H., Str\u00f8m, H., Systad, G.H. &amp; Tveraa, T. 2006. The SEAPOP programme &#8211; a milestone for the mapping and monitoring of seabirds in Norway. &#8211;&nbsp;<strong>Seabird Group Newsletter<\/strong>&nbsp;103: 11-12.<\/p>\n\n\n\n<p class=\"has-sizing-medium\">Barrett, R. 2006. Alke&nbsp;<em>Alca torda<\/em>. In: Svorko-Lundberg, T., Bakken, V., Helberg, M., Mork, K., R\u00f8er, J.E. &amp; S\u00e6b\u00f8, S. (eds.). Norsk Vinterfuglatlas. Fuglenes utbredelse, bestandsst\u00f8rrelse og \u00f8kologi vinterstid. Norsk Ornitologisk Forening, Trondheim. pp. 240-241.<\/p>\n\n\n\n<p class=\"has-sizing-medium\">Barrett, R. 2006. Krykkje&nbsp;<em>Rissa tridactyla<\/em>. In: Svorko-Lundberg, T., Bakken, V., Helberg, M., Mork, K., R\u00f8er, J.E. &amp; S\u00e6b\u00f8, S. (eds.). Norsk Vinterfuglatlas. Fuglenes utbredelse, bestandsst\u00f8rrelse og \u00f8kologi vinterstid. Norsk Ornitologisk Forening, Trondheim. pp. 234-235.<\/p>\n\n\n\n<p class=\"has-sizing-medium\">Barrett, R. 2006. Lomvi&nbsp;<em>Uria aalge<\/em>. In: Svorko-Lundberg, T., Bakken, V., Helberg, M., Mork, K., R\u00f8er, J.E. &amp; S\u00e6b\u00f8, S. (eds.). Norsk Vinterfuglatlas. Fuglenes utbredelse, bestandsst\u00f8rrelse og \u00f8kologi vinterstid. Norsk Ornitologisk Forening, Trondheim. pp. 236-237.<\/p>\n\n\n\n<p class=\"has-sizing-medium\">Barrett, R.T., Chapdelaine, G., Anker-Nilssen, T., Mosbech, A., Montevecchi, W.A., Reid, J.R. &amp; Veit, R.R. 2006. Seabirds in the North Atlantic. How many are there, and how much do they eat? &#8211;\u00a0<a rel=\"noreferrer noopener\" target=\"_blank\" href=\"http:\/\/www.seapop.no\/opencms\/export\/sites\/SEAPOP\/no\/filer\/pdf\/poster-barrett-et-al-2006.pdf\">Poster.<\/a>\u00a09th International Conference of the Seabird Group, Aberdeen, UK, 1-3 Sept 2006.<\/p>\n\n\n\n<p class=\"has-sizing-medium\">Barrett, R.T., Chapdelaine, G., Anker-Nilssen, T., Mosbech, A., Montevecchi, W.A., Reid, J.R. &amp; Veit, R.R. 2006. Seabird numbers and prey consumption in the North Atlantic. &#8211;&nbsp;<strong>ICES Journal of Marine Science&nbsp;<\/strong>63: 1145-1158.<\/p>\n\n\n\n<p class=\"has-sizing-medium\">Barrett, R.T., Lorentsen, S.-H. &amp; Anker-Nilssen, T. 2006.&nbsp;<a target=\"_blank\" href=\"http:\/\/www.seapop.no\/opencms\/export\/sites\/SEAPOP\/no\/filer\/publikasjoner\/2006\/Barrett_etal_2006_Stat_of_br_seabirds_mainland_Norway_Atl_Seabirds.pdf\" rel=\"noreferrer noopener\">The status of breeding seabirds&nbsp;in mainland Norway<\/a>. &#8211;&nbsp;<strong>Atlantic Seabirds&nbsp;<\/strong>8: 97-126<em>.<\/em><\/p>\n\n\n\n<p class=\"has-sizing-medium\">Bustnes, J.O. 2006. Pinpointing potential causative agents in mixtures of persistent organic pollutants in observational field studies: a review of glaucous gull studies. &#8211;&nbsp;<strong>Journal of Toxicology and Environmental Health, Part A&nbsp;<\/strong>69: 97-108.<\/p>\n\n\n\n<p class=\"has-sizing-medium\">Bustnes, J. O., Helberg, M., Strann, K. B. &amp; Skaare, J. U. 2006. Environmental pollutants in endangered vs. increasing subspecies of lesser black-backed gulls along the Norwegian Coast. &#8211;&nbsp;<strong>Environmental Pollution<\/strong>&nbsp;144: 893-901.<\/p>\n\n\n\n<p class=\"has-sizing-medium\">Bustnes, J. O., Erikstad, K. E., Hanssen, S. A., Tveraa, T., Folstad, I. &amp; Skaare, J. U. 2006. Anti-parasite treatment removes negative effects of environmental pollutants on reproduction in an arctic seabird. &#8211;&nbsp;<strong>Proceedings of the Royal Society London Series B<\/strong>&nbsp;273: 3117-3122.<\/p>\n\n\n\n<p class=\"has-sizing-medium\">Bustnes, J.O., Tveraa, T., Henden, J.A., Varpe, \u00d8. &amp; Skaare, J.U. 2006. Organochlorines in antarctic and arctic avian top predators: a comparison between the south polar skua and two species of northern Hemisphere gulls. &#8211;&nbsp;<strong>Environmental Science and Technology<\/strong>&nbsp;40: 2826-2831.<\/p>\n\n\n\n<p class=\"has-sizing-medium\">Durant, J.M., Anker-Nilssen, T. &amp; Stenseth, N.C. 2006. Ocean climate prior to breeding affects the duration of the nestling period in the Atlantic puffin. &#8211;&nbsp;<strong>Biology Letters<\/strong>&nbsp;2: 628-631.<\/p>\n\n\n\n<p class=\"has-sizing-medium\">Erikstad, K.E., Bustnes, J.O., Rikardsen, A., Jacobsen, K.-O., Strann, K.-B., Johnsen, T.V. &amp; Reiertsen, T.K. 2006. Konflikter mellom \u00e6rfugl og bl\u00e5skjelldyrking. &#8211;&nbsp;<a target=\"_blank\" href=\"http:\/\/www.seapop.no\/links\/nina-report-110\" rel=\"noreferrer noopener\">NINA Rapport 110<\/a>, 24 pp vedlegg.<\/p>\n\n\n\n<p class=\"has-sizing-medium\">Erikstad, K.E., Fauchald, P., Sandvik, H. &amp; Tveraa, T. 2006. Parental effort and recruitment to the breeding colony in the Atlantic Puffins: inferences based on a manipulation experiment. &#8211;&nbsp;<strong>Journal of Ornithology<\/strong>&nbsp;147(Supplement 1): 37.<\/p>\n\n\n\n<p class=\"has-sizing-medium\">Fauchald, P., Lorentsen, S.-H., Systad, G.H. &amp; Tveraa, T. 2006. Utbredelsen av sj\u00f8fugl i Skagerrak, Kattegat og Nordsj\u00f8en. &#8211;&nbsp;<a target=\"_blank\" href=\"http:\/\/www.seapop.no\/links\/nina-report-171\" rel=\"noreferrer noopener\">NINA Rapport 171<\/a>, 54 pp.<\/p>\n\n\n\n<p class=\"has-sizing-medium\">Fauchald, P., Mauritzen, M. &amp; Gj\u00f8s\u00e6ter, H. 2006. Density-dependent migratory waves in the marine pelagic ecosystem. &#8211;&nbsp;<strong>Ecology<\/strong>&nbsp;87: 2915-2924.<\/p>\n\n\n\n<p class=\"has-sizing-medium\">Fauchald, P. &amp; Tveraa, T. 2006. Hierarchical patch dynamics and animal movement pattern. &#8211;&nbsp;<strong>Oecologia<\/strong>&nbsp;149: 383-395.<\/p>\n\n\n\n<p class=\"has-sizing-medium\">F\u00f8reid, S., Knudsen, L.B., Gabrielsen, G.W., Barrett, R., Polder, A., Lie, E. &amp; Sk\u00e5re, J.U. 2006. Temporal trends in pollution patterns&nbsp; (chlorinated hydrocarbons and brominated flame retardents) in eggs of seabirds from Northern Norway. &#8211;&nbsp;<strong>Poster.<\/strong>&nbsp;26<sup>th<\/sup>&nbsp;International Symposium on Halogenated Persistent Organic Pollutants &#8211; DIOXIN2006, Oslo, 21-25 August.<\/p>\n\n\n\n<p class=\"has-sizing-medium\">Gjershaug, J.O., K\u00e5l\u00e5as, J.A., Lifjeld, J., Strann, K.-B., Str\u00f8m, H. &amp; Thingstad, P.G. Fugler Aves. In: K\u00e5l\u00e5s, J.A., Viken, \u00c5. og Bakken, T. (eds.). Norsk R\u00f8dliste 2006 &#8211; 2006 Norwegian Red List. Artsdatabanken, Norway.<\/p>\n\n\n\n<p class=\"has-sizing-medium\">Hanssen S.A. Folstad I. &amp; Erikstad K.E. 2006. White plumage reflects individual quality in female eiders. &#8211;&nbsp;<strong>Animal Behaviour<\/strong>&nbsp;71: 337-343.<\/p>\n\n\n\n<p class=\"has-sizing-medium\">ICES 2006. Report of the Working Group on Seabird Ecology (WGSE) 3-7 April 2006 Texel, The Netherlands &#8211;&nbsp;<a target=\"_blank\" href=\"http:\/\/www.seapop.no\/links\/ices-cm-2006-lrc-08\" rel=\"noreferrer noopener\">ICES CM 2006\/LRC:08<\/a>, Ref. ACE, ACME. ICES, Copenhagen, 80 pp.<\/p>\n\n\n\n<p class=\"has-sizing-medium\">Janssen, K., Erikstad, K.E. &amp; Bensch, S. 2006. Differences in life history strategies among plumage colour morphs in the arctic skua (<em>Stercorarius parasiticus<\/em>): selection for pale female and melanic male offspring? &#8211;&nbsp;<strong>Behavioural Ecology<\/strong>&nbsp;17: 236-245.<\/p>\n\n\n\n<p class=\"has-sizing-medium\">Knudsen, L.B., Polder, A., F\u00f8reid, S., Lie, E., Gabrielsen, G.W., Barrett, R.T. &amp; Sk\u00e5re, J.U. 2006. Nona- and deca-brominated diphenylethers in seabird eggs from Northern Norway and Svalbard. &#8211;&nbsp;<a target=\"_blank\" href=\"http:\/\/www.seapop.no\/links\/spfo-report-952-2006\" rel=\"noreferrer noopener\">SPFO-Report 952\/2006<\/a>, 30 pp.<\/p>\n\n\n\n<p class=\"has-sizing-medium\">Knudsen, L.B., Verrault, J., Polder, A., Lie, E., Barrett, R., Sk\u00e5re, J.U. &amp; Gabrielsen, G.W. 2006. Temporal trends (1983-2003) of bromated flame retardants, cyclododeca-1,5,9-triene and mercury in eggs of four seabird species from Northern Norway and Svalbard. &#8211;&nbsp;<strong>Poster.<\/strong>&nbsp;Society of Environmental Toxicology and Chemistry (SETAC), Europe 16<sup>th<\/sup>&nbsp;Annual Meeting, The Hague, The Netherlands, 7-11 May.<\/p>\n\n\n\n<p class=\"has-sizing-medium\">Kristiansen, K. O., Bustnes, J. O., Folstad, I. and Helberg, M. 2006. Carotenoid coloration in great black-backed gull reflects individual quality. &#8211;&nbsp;<strong>Journal of Avian Biology<\/strong>&nbsp;37: 6-12.<\/p>\n\n\n\n<p class=\"has-sizing-medium\">Lorentsen, S.-H. 2006. Hvordan er utviklingen i de norske ternebestandene? &#8211; V\u00e5r Fuglefauna 29: 22-26.<\/p>\n\n\n\n<p class=\"has-sizing-medium\">Lorentsen, S-H. 2006. Gulnebblom&nbsp;<em>Gavia adamsii<\/em>. &#8211; In: Svorkmo-Lundberg, T., Bakken, V., Helberg, M., Mork, K., R\u00f8er, J.E. &amp; S\u00e6b\u00f8, S. (eds.). Norsk vinterfuglatlas. Fuglenes utbredelse, bestandsst\u00f8rrelse og \u00f8kologi vinterstid. Norsk Ornitologisk Forening, Trondheim, pp 126-127.<\/p>\n\n\n\n<p class=\"has-sizing-medium\">Lorentsen, S-H. 2006. Islom&nbsp;<em>Gavia Immer<\/em>. &#8211; In: Svorkmo-Lundberg, T., Bakken, V., Helberg, M., Mork, K., R\u00f8er, J.E. &amp; S\u00e6b\u00f8, S. (eds.). Norsk vinterfuglatlas. Fuglenes utbredelse, bestandsst\u00f8rrelse og \u00f8kologi vinterstid. Norsk Ornitologisk Forening, Trondheim, pp 124-125.<\/p>\n\n\n\n<p class=\"has-sizing-medium\">Lorentsen, S-H. 2006. Sm\u00e5lom&nbsp;<em>Gavia stellata<\/em>. &#8211; In: Svorkmo-Lundberg, T., Bakken, V., Helberg, M., Mork, K., R\u00f8er, J.E. &amp; S\u00e6b\u00f8, S. (eds.). Norsk vinterfuglatlas. Fuglenes utbredelse, bestandsst\u00f8rrelse og \u00f8kologi vinterstid. Norsk Ornitologisk Forening, Trondheim, pp 120-121.<\/p>\n\n\n\n<p class=\"has-sizing-medium\">Lorentsen, S-H. 2006. Storlom&nbsp;<em>Gavia arctica<\/em>. &#8211; In: Svorkmo-Lundberg, T., Bakken, V., Helberg, M., Mork, K., R\u00f8er, J.E. &amp; S\u00e6b\u00f8, S. (eds.). Norsk vinterfuglatlas. Fuglenes utbredelse, bestandsst\u00f8rrelse og \u00f8kologi vinterstid. Norsk Ornitologisk Forening, Trondheim, pp 122-123.<\/p>\n\n\n\n<p class=\"has-sizing-medium\">NINA 2006. Seabird research in NINA. &#8211;&nbsp;<a target=\"_blank\" href=\"http:\/\/www.seapop.no\/links\/nina-english\" rel=\"noreferrer noopener\">Pamphlet<\/a>, 2 pp.<\/p>\n\n\n\n<p class=\"has-sizing-medium\">OED 2006. Sameksistens mellom fiskerin\u00e6ringen og oljevirksomheten i omr\u00e5det Lofoten-Barentshavet innenfor rammen av en b\u00e6rekraftig utvikling.&nbsp;<a target=\"_blank\" href=\"http:\/\/www.seapop.no\/links\/regjeringen-rapport-sameksistens-fiskeri-olje\" rel=\"noreferrer noopener\">Rapport fra arbeidsgruppe April 2006<\/a>. &#8211; Olje- og energidepartementet, Oslo, 90 pp.<\/p>\n\n\n\n<p class=\"has-sizing-medium\">Petersen, A., Bakken, V., Boertmann, D., Goodwin, H. Mosbech, A., Olsen, Str\u00f8m, H. 2006. Nordic Seabird Colony Databases: Results of a Nordic project on seabird breeding colonies in Faroes, Greenland, Iceland, Jan Mayen and Svalbard. &#8211; TemaNord 2006, Nordic Council of Ministers, Copenhagen.<\/p>\n\n\n\n<p class=\"has-sizing-medium\">Petersen, M., Bustnes, J.O. &amp; Systad, G.H. 2006. Distribution patterns of Steller\u2019s eiders wintering in northern Norway and northwest Russia. &#8211;&nbsp;<strong>Journal of Avian Biology<\/strong>&nbsp;37: 58-68.<\/p>\n\n\n\n<p class=\"has-sizing-medium\">R\u00f8v, N. 2006. Mapping and monitoring of seabirds and coastal seals at the Froan archipelago, Central Norway. Final report. &#8211;&nbsp;<a target=\"_blank\" href=\"http:\/\/www.seapop.no\/links\/nina-report-202\" rel=\"noreferrer noopener\">NINA Rapport 202<\/a>, 36 pp.<\/p>\n\n\n\n<p class=\"has-sizing-medium\">Steffen, L. C., Borg\u00e5, K., Skaare, J. U. &amp; Bustnes, J. O. 2006. The occurrence of organochlorine pollutants in marine avian top predators along a latitudinal gradient. &#8211;&nbsp;<strong>Environmental Science and Technology<\/strong>&nbsp;40: 5139-5146.<\/p>\n\n\n\n<p class=\"has-sizing-medium\">Str\u00f8m, H. 2006. Birds of Svalbard. &#8211; In: Kovacs, K.M. &amp; Lydersen, C. (eds.). Birds and Mammals of Svalbard. Polarh\u00e5ndbok No. 13, Norwegian Polar Institute, pp 86-191.<\/p>\n\n\n\n<p class=\"has-sizing-medium\">Str\u00f8m, H. 2006. Ism\u00e5ke&nbsp;<em>Pagophila eburnea<\/em>. &#8211; Faktaark, Artsdatabanken, Trondheim, 2 pp.<\/p>\n\n\n\n<p class=\"has-sizing-medium\">Str\u00f8m, H. 2006. Sabinem\u00e5ke&nbsp;<em>Larus sabini<\/em>. &#8211; Faktaark, Artsdatabanken, Trondheim, 2 pp.<\/p>\n\n\n\n<p class=\"has-sizing-medium\">Zydelis, R., Lorentsen, S.-H., Fox, A.D., Kuresoo, A., Krasnov, Y., Goryaev, Y, Bustnes, J.O., Hario, M., Nilsson, L. &amp; Stipniece, A.&nbsp; 2006. Recent changes in the status of Steller\u2019s eider wintering in Europe. &#8211;&nbsp;<strong>Bird Conservation International<\/strong>&nbsp;16: 217-236.<\/p>\n\n\n\n<p class=\"has-sizing-medium\">Aarvak, T. &amp; \u00d8ien, I.J. 2006. Kartlegging av hekkende havsvaler og stormsvaler p\u00e5 Hernyken, R\u00f8st, september 2006. &#8211; Norsk ornitologisk Forening, NOF rapport nr . 7-2006, 20 pp.<\/p>\n","protected":false},"excerpt":{"rendered":"<p>Anker-Nilssen, T. 2006. Lunde&nbsp;Fratercula arctica. &#8211; In: Svorkmo-Lundberg, T., Bakken, V., Helberg, M., Mork, K., &hellip; <\/p>\n<p class=\"read-more-link\"><a href=\"https:\/\/seapop.no\/en\/publications\/published-other\/published-2006\/\">Les videre<span class=\"screen-reader-text\"> \u00abPublished 2006\u00bb<\/span><\/a><\/p>\n","protected":false},"author":1,"featured_media":0,"parent":1610,"menu_order":136,"comment_status":"closed","ping_status":"closed","template":"","meta":{"_acf_changed":false,"_uag_custom_page_level_css":"","footnotes":""},"class_list":["post-3875","page","type-page","status-publish"],"acf":[],"uagb_featured_image_src":{"full":false,"thumbnail":false,"medium":false,"medium_large":false,"large":false,"1536x1536":false,"2048x2048":false,"default":false,"square":false},"uagb_author_info":{"display_name":"Gnist Design","author_link":"https:\/\/seapop.no\/en\/author\/gnist\/"},"uagb_comment_info":0,"uagb_excerpt":"Anker-Nilssen, T. 2006. Lunde&nbsp;Fratercula arctica. &#8211; In: Svorkmo-Lundberg, T., Bakken, V., Helberg, M., Mork, K., &hellip; Les videre \u00abPublished 2006\u00bb","_links":{"self":[{"href":"https:\/\/seapop.no\/en\/wp-json\/wp\/v2\/pages\/3875","targetHints":{"allow":["GET"]}}],"collection":[{"href":"https:\/\/seapop.no\/en\/wp-json\/wp\/v2\/pages"}],"about":[{"href":"https:\/\/seapop.no\/en\/wp-json\/wp\/v2\/types\/page"}],"author":[{"embeddable":true,"href":"https:\/\/seapop.no\/en\/wp-json\/wp\/v2\/users\/1"}],"replies":[{"embeddable":true,"href":"https:\/\/seapop.no\/en\/wp-json\/wp\/v2\/comments?post=3875"}],"version-history":[{"count":1,"href":"https:\/\/seapop.no\/en\/wp-json\/wp\/v2\/pages\/3875\/revisions"}],"predecessor-version":[{"id":3877,"href":"https:\/\/seapop.no\/en\/wp-json\/wp\/v2\/pages\/3875\/revisions\/3877"}],"up":[{"embeddable":true,"href":"https:\/\/seapop.no\/en\/wp-json\/wp\/v2\/pages\/1610"}],"wp:attachment":[{"href":"https:\/\/seapop.no\/en\/wp-json\/wp\/v2\/media?parent=3875"}],"curies":[{"name":"wp","href":"https:\/\/api.w.org\/{rel}","templated":true}]}}