{"id":3878,"date":"2021-02-01T20:52:02","date_gmt":"2021-02-01T20:52:02","guid":{"rendered":"https:\/\/seapop.no\/?page_id=3878"},"modified":"2021-02-01T20:52:04","modified_gmt":"2021-02-01T20:52:04","slug":"published-2005","status":"publish","type":"page","link":"https:\/\/seapop.no\/en\/publications\/published-other\/published-2005\/","title":{"rendered":"Published 2005"},"content":{"rendered":"\n<p class=\"has-sizing-medium\">Anker-Nilssen, T. 2005. Impacts of climate on puffins and shags in Norway and on&nbsp;<em>Uria<\/em>&nbsp;guillemots throughout their ranges. &#8211; UK PopNet workshop on Climate change and multi-trophic interactions in marine ecosystems, 18-19 April 2005, University of York, UK.<\/p>\n\n\n\n<p class=\"has-sizing-medium\">Anker-Nilssen, T. 2005. Sj\u00f8fugl og sei: predatorer og indikatorer i et klimaperspektiv. &#8211; In Svenning, M.-A. &amp; Jonsson, B. (eds.). Kyst\u00f8kologi: \u00d8kosystemprosesser og menneskelig aktivitet. NINAs strategiske instituttprogrammer 2001-2005.&nbsp;<a target=\"_blank\" href=\"http:\/\/www.seapop.no\/links\/nina-topic-pamphlet-31\" rel=\"noreferrer noopener\">NINA Temahefte 31: 33-37<\/a>.<\/p>\n\n\n\n<p class=\"has-sizing-medium\">Bj\u00f8rge, A., Mauritzen, M. og Str\u00f8m, H. 2005. Milj\u00f8overv\u00e5king av Svalbard og Jan Mayen &#8211; MOSJ. Del 3: Vurdering av milj\u00f8status: Hav. &#8211; In: Sander, G., Hanssen-Bauer, I., Bj\u00f8rge, A. &amp; Prestrud, P. (eds.). Milj\u00f8overv\u00e5king av Svalbard og Jan Mayen &#8211; MOSJ. En dokumentasjon av systemet og den f\u00f8rste vurderingen av milj\u00f8status. Norsk Polarinstitutt Rapportserie nr. 123, 70 pp.<\/p>\n\n\n\n<p class=\"has-sizing-medium\">Bustnes, J.O., Miland, \u00d8.O., Fjeld, M. &amp; Erikstad, K.E. 2005. Relationships between ecological variables and four organochlorine pollutants in an arctic glaucous gull (<em>Larus hyperboreus<\/em>) population. &#8211;&nbsp;<strong>Environmental Pollution<\/strong>&nbsp;136: 175-185.<\/p>\n\n\n\n<p class=\"has-sizing-medium\">Bustnes, J.O., Skaare, J.U., Berg, V. &amp; Tveraa, T. 2005. Interseasonal variation in blood concentrations of organochlorines in great black-backed gulls (<em>Larus marinus<\/em>). &#8211;&nbsp;<strong>Environmental Toxicology and Chemistry<\/strong>&nbsp;24: 1801-1806.<\/p>\n\n\n\n<p class=\"has-sizing-medium\">Dahl, H.K., Barrett, R.T. &amp; Ims, R.A. 2005. Effects of supplementary feeding on provisioning and growth rates of Atlantic Puffin&nbsp;<em>Fratercula arctica<\/em>&nbsp;chicks in North Norway. &#8211;&nbsp;<strong>Atlantic Seabirds<\/strong>&nbsp;7: 133-143.<\/p>\n\n\n\n<p class=\"has-sizing-medium\">Durant, J.M., Hjermann, D.\u00d8., Anker-Nilssen, T., Beaugrand, G., Mysterud, A., Pettorelli, N. &amp; Stenseth, N.C. 2005. Timing and abundance as key mechanisms affecting trophic interactions in variable environments. &#8211;&nbsp;<strong>Ecology Letters&nbsp;<\/strong>8: 952-958.<\/p>\n\n\n\n<p class=\"has-sizing-medium\">Enstipp, M.R, Gr\u00e9millet, D. &amp; Lorentsen, S.-H. 2005. Energetic costs of diving and thermal status in European shags (<em>Phalacrocorax aristotelis<\/em>). &#8211;&nbsp;<strong>Journal of Experimental Biology<\/strong>&nbsp;208: 3451-3461<\/p>\n\n\n\n<p class=\"has-sizing-medium\">Fauchald, P. &amp; Brude, O.W. 2005. Simulering av fordelingsm\u00f8nstret til sj\u00f8fugl som en komponent i MIRA. &#8211;&nbsp;<a target=\"_blank\" href=\"http:\/\/www.seapop.no\/links\/nina-report-15\" rel=\"noreferrer noopener\">NINA Rapport 15<\/a>, 36 pp.<\/p>\n\n\n\n<p class=\"has-sizing-medium\">Fauchald, P., Tveraa, T., B\u00e5rdsen, B.J. &amp; Langeland, K. 2005. Utbredelsen av sj\u00f8fugl i Norskehavet og Barentshavet. &#8211;&nbsp;<a target=\"_blank\" href=\"http:\/\/www.seapop.no\/links\/nina-report-64\" rel=\"noreferrer noopener\">NINA Rapport 64<\/a>, 35 pp.<\/p>\n\n\n\n<p class=\"has-sizing-medium\">Hanssen S.A., Hasselquist D., Folstad I. &amp; Erikstad K.E. 2005. A trade-off between costs of incubation, immune function and future reproduction in a long-lived bird. &#8211;&nbsp;<strong>Proceedings of the Royal Society London<\/strong>&nbsp;<strong>Series B<\/strong>&nbsp;272: 1039-1046.<\/p>\n\n\n\n<p class=\"has-sizing-medium\">Helberg, M., Bustnes, J. O., Erikstad, K. E., Kristiansen K.O. &amp; Skaare, J.U. 2005. Relationships between reproductive performance and organochlorine pollutants in great-black backed gulls (<em>Larus marinus<\/em>). &#8211;&nbsp;<strong>Environmental Pollution<\/strong>&nbsp;134: 475-483.<\/p>\n\n\n\n<p class=\"has-sizing-medium\">Helberg, M., Johnsen, T. &amp; Fauchald, P. 2005. Registrering av sj\u00f8fugl fra flytokt. Barentshavet \u00f8st, 8. februar 2005. &#8211;&nbsp;<a target=\"_blank\" href=\"http:\/\/www.seapop.no\/links\/nina-report-40\" rel=\"noreferrer noopener\">NINA Rapport 40<\/a>, 13 pp.<\/p>\n\n\n\n<p class=\"has-sizing-medium\">ICES 2005. Report of the Working Group on Seabird Ecology (WGSE), 29 March &#8211; 1 April 2005, Texel, The Netherlands. &#8211;&nbsp;<a target=\"_blank\" href=\"http:\/\/www.seapop.no\/links\/ices-cm-2005-g-07\" rel=\"noreferrer noopener\">ICES CM 2005\/G:07<\/a>, Ref. ACME, ACE. ICES, Copenhagen, 45 pp.<\/p>\n\n\n\n<p class=\"has-sizing-medium\">Irons, D.B., Anker-Nilssen, T., Gaston, A.J., Byrd, G.V., Falk, K., Gilchrist, G., Hario, M., Hjernquist, M., Krasnov, Y.V., Mosbech, A., Robertson, G., Olsen, B., Petersen, A., Strom, H. &amp; Wohl, K.D. 2005. Climate change and murres: a circumpolar seesaw. \u2013 In: Abstracts of oral and poster presentations, 32nd Annual Meeting of the Pacific Seabird Group &amp; 27th Annual Meeting of the Waterbird Society, 19-22 January 2005, Portland, Oregon, USA, p 42. (also presented on Symposium on Climate Variability and Sub-Arctic Marine Ecosystems, May 16-20, 2005, Victoria Conference Centre, Victoria, British Columbia, Canada.)<\/p>\n\n\n\n<p class=\"has-sizing-medium\">Knudsen, L.B., Gabrielsen, G.W., Verreault, J., Barrett, R., Utne Sk\u00e5re, J., Polder, A. &amp; Lie, E. 2005. Temporal trends of brominated flame retardants, cyclododeca-1,5,9-triene and mercury in eggs of four seabird species from Northern Norway and Svalbard. &#8211;&nbsp;<a target=\"_blank\" href=\"http:\/\/www.seapop.no\/links\/spfo-report-942-2005\" rel=\"noreferrer noopener\">SPFO-Report: 942\/2005<\/a>, 41 pp.<\/p>\n\n\n\n<p class=\"has-sizing-medium\">Lorentsen, S.-H. 2005. Taretr\u00e5ling p\u00e5virker forekomsten av fisk, men hva skjer med storskarvene?&nbsp;<a target=\"_blank\" href=\"http:\/\/www.seapop.no\/links\/nina-topic-pamphlet-31\" rel=\"noreferrer noopener\">NINA Temahefte 31: 18-23<\/a>.<\/p>\n\n\n\n<p class=\"has-sizing-medium\">Lorentsen, S.-H. &amp; Auran, J.A. 2005. Forel\u00f8pige resultater fra prosjekt \u00abRestaurering av \u00e6rfuglbestanden p\u00e5 Tautra\u00bb 2005. &#8211;&nbsp;<a target=\"_blank\" href=\"http:\/\/www.seapop.no\/opencms\/export\/sites\/SEAPOP\/no\/filer\/pdf\/nina-minirapport-120.pdf\" rel=\"noreferrer noopener\">NINA Minirapport 120<\/a>, 9 pp.<\/p>\n\n\n\n<p class=\"has-sizing-medium\">Sandvik, H., Erikstad, K.E., Barrett, R.T. &amp; Yoccoz, N.G. 2005. The effect of climate on adult survival in five species of North Atlantic seabirds. &#8211;&nbsp;<strong>Journal of Animal Ecology<\/strong>&nbsp;74: 817-831.<\/p>\n\n\n\n<p class=\"has-sizing-medium\">Aarvak, T. &amp; Anker-Nilssen, T. 2005. D\u00f8ds\u00e5rsak og opprinnelse for alkefugler som strandet p\u00e5 Rogalandskysten i februar 2003 &#8211;&nbsp;<a target=\"_blank\" href=\"http:\/\/www.seapop.no\/links\/nina-report-95\" rel=\"noreferrer noopener\">NINA Rapport 95<\/a>, 24 pp.<\/p>\n\n\n\n<p class=\"has-sizing-medium\">Aarvak, T. &amp; \u00d8ien, I.J. 2005. Kartlegging av hekkende havsvaler og stormsvaler p\u00e5 Hernyken, R\u00f8st, oktober 2005. &#8211; Norsk ornitologisk Forening, NOF rapport nr . 2-2005, 14 pp.<\/p>\n\n\n\n<p class=\"has-sizing-medium\">Aarvak, T., \u00d8ien, I.J. &amp; Anker-Nilssen, T. 2005. Full fart i stummende m\u00f8rke. Har sj\u00f8svalene sonar eller bare godt syn? &#8211;&nbsp;<a target=\"_blank\" href=\"http:\/\/www.seapop.no\/links\/birdlife-report-2005-02-hydrobatidae\" rel=\"noreferrer noopener\">V\u00e5r Fuglefauna 28: 154-157<\/a>.<\/p>\n","protected":false},"excerpt":{"rendered":"<p>Anker-Nilssen, T. 2005. Impacts of climate on puffins and shags in Norway and on&nbsp;Uria&nbsp;guillemots throughout &hellip; <\/p>\n<p class=\"read-more-link\"><a href=\"https:\/\/seapop.no\/en\/publications\/published-other\/published-2005\/\">Les videre<span class=\"screen-reader-text\"> \u00abPublished 2005\u00bb<\/span><\/a><\/p>\n","protected":false},"author":1,"featured_media":0,"parent":1610,"menu_order":140,"comment_status":"closed","ping_status":"closed","template":"","meta":{"_acf_changed":false,"_uag_custom_page_level_css":"","footnotes":""},"class_list":["post-3878","page","type-page","status-publish"],"acf":[],"uagb_featured_image_src":{"full":false,"thumbnail":false,"medium":false,"medium_large":false,"large":false,"1536x1536":false,"2048x2048":false,"default":false,"square":false},"uagb_author_info":{"display_name":"Gnist Design","author_link":"https:\/\/seapop.no\/en\/author\/gnist\/"},"uagb_comment_info":0,"uagb_excerpt":"Anker-Nilssen, T. 2005. Impacts of climate on puffins and shags in Norway and on&nbsp;Uria&nbsp;guillemots throughout &hellip; Les videre \u00abPublished 2005\u00bb","_links":{"self":[{"href":"https:\/\/seapop.no\/en\/wp-json\/wp\/v2\/pages\/3878","targetHints":{"allow":["GET"]}}],"collection":[{"href":"https:\/\/seapop.no\/en\/wp-json\/wp\/v2\/pages"}],"about":[{"href":"https:\/\/seapop.no\/en\/wp-json\/wp\/v2\/types\/page"}],"author":[{"embeddable":true,"href":"https:\/\/seapop.no\/en\/wp-json\/wp\/v2\/users\/1"}],"replies":[{"embeddable":true,"href":"https:\/\/seapop.no\/en\/wp-json\/wp\/v2\/comments?post=3878"}],"version-history":[{"count":1,"href":"https:\/\/seapop.no\/en\/wp-json\/wp\/v2\/pages\/3878\/revisions"}],"predecessor-version":[{"id":3880,"href":"https:\/\/seapop.no\/en\/wp-json\/wp\/v2\/pages\/3878\/revisions\/3880"}],"up":[{"embeddable":true,"href":"https:\/\/seapop.no\/en\/wp-json\/wp\/v2\/pages\/1610"}],"wp:attachment":[{"href":"https:\/\/seapop.no\/en\/wp-json\/wp\/v2\/media?parent=3878"}],"curies":[{"name":"wp","href":"https:\/\/api.w.org\/{rel}","templated":true}]}}