{"id":3881,"date":"2021-02-01T20:52:48","date_gmt":"2021-02-01T20:52:48","guid":{"rendered":"https:\/\/seapop.no\/?page_id=3881"},"modified":"2021-02-01T20:52:50","modified_gmt":"2021-02-01T20:52:50","slug":"published-2004","status":"publish","type":"page","link":"https:\/\/seapop.no\/en\/publications\/published-other\/published-2004\/","title":{"rendered":"Published 2004"},"content":{"rendered":"\n<p class=\"has-sizing-medium\">Anker-Nilssen, T. &amp; Lorentsen, S.-H. 2004. Seabirds in the Norwegian Sea. &#8211; In Skjoldal, H.R., S\u00e6tre, R., F\u00e6rn\u00f6, A., Misund, O.A. &amp; R\u00f8ttingen, I. (eds.). The Norwegian Sea Ecosystem.&nbsp;<strong>Tapir Academic Press<\/strong>, Trondheim, pp 435-446.<\/p>\n\n\n\n<p class=\"has-sizing-medium\">Anker-Nilssen, T. &amp; Aarvak, T. 2004. Lundens populasjons\u00f8kologi p\u00e5 R\u00f8st. Status etter hekkesesongen 2003. &#8211;&nbsp;<a href=\"http:\/\/www.seapop.no\/links\/nina-oppdragsmld-809\" target=\"_blank\" rel=\"noreferrer noopener\">NINA Oppdragsmelding 809<\/a>, 44 pp.<\/p>\n\n\n\n<p class=\"has-sizing-medium\">Anker-Nilssen, T. &amp; Aarvak, T. 2004. Lundens populasjons\u00f8kologi p\u00e5 R\u00f8st. Fremdriftsrapport november 2004. &#8211;&nbsp;<a href=\"http:\/\/www.seapop.no\/opencms\/export\/sites\/SEAPOP\/no\/filer\/pdf\/nina-minirapport-79.pdf\" target=\"_blank\" rel=\"noreferrer noopener\">NINA Minirapport 79<\/a>, 8 pp.<\/p>\n\n\n\n<p class=\"has-sizing-medium\">Barrett, R.T., Anker-Nilssen, T. &amp; Lorentsen, S.-H. 2004. The status of seabirds breeding in mainland Norway. &#8211; In: Anon. (ed.). North Atlantic Seabird Populations. 8th International Conference of the Seabird Group, 2-4 April 2004, Aberdeen, Scotland, p 12.<\/p>\n\n\n\n<p class=\"has-sizing-medium\">Barrett, R.T., Josefsen, T.D. &amp; Polder, A. 2004. Early spring wreck of Black-legged Kittiwakes&nbsp;<em>Rissa tridactyla<\/em>&nbsp;in North Norway, April 2003. &#8211;&nbsp;<strong>Atlantic Seabirds<\/strong>&nbsp;6: 33-45.<\/p>\n\n\n\n<p class=\"has-sizing-medium\">Bustnes, J.O., Hanssen, S.A., Folstad, I., Erikstad, K.E., Hasselquist, D., &amp; Skaare, J.U. 2004. Immune function and organochlorine pollutants in arctic breeding glaucous gull. &#8211;&nbsp;<strong>Archives of Environmental Contamination and Toxicology<\/strong>&nbsp;47: 530-541.<\/p>\n\n\n\n<p class=\"has-sizing-medium\">Bustnes, J.O., &amp; Galaktionov, K. 2004. Evidence of a state dependent trade-off between energy intake and parasite avoidance in the Steller\u2019s Eider.&nbsp;<strong>Canadian Journal of Zoology<\/strong>&nbsp;82: 1566-1571.<\/p>\n\n\n\n<p class=\"has-sizing-medium\">Durant, J.M., Anker-Nilssen, T., Hjermann, D.\u00d8. &amp; Stenseth, N.C. 2004. Regime shifts in the breeding of an Atlantic puffin population. &#8211;&nbsp;<strong>Ecology Letters<\/strong>&nbsp;7: 388-394.<\/p>\n\n\n\n<p class=\"has-sizing-medium\">Durant, J.M., Stenseth, N.C., Anker-Nilssen, T., Harris, M.P., Thompson, P.M. &amp; Wanless, S. 2004.&nbsp; Marine birds and climate fluctuation in the North Atlantic. &#8211; In: Stenseth, N.C., Ottersen, G., Hurrell, J.W. and Belgrano, A. (eds.). Marine Ecosystems and Climate Variation &#8211; The North Atlantic. A Comparative Perspective.&nbsp;<strong>Oxford<\/strong><strong>&nbsp;University Press<\/strong>, New York, pp 95-105 209-213.<\/p>\n\n\n\n<p class=\"has-sizing-medium\">Fauchald, P., Langeland, K., og Erikstad, K.E. 2004. Utbredelse av sj\u00f8fugl i Barentshavet. Grunnlagsrapport for inngangsdata til Milj\u00f8rettet Risikoanalyse for omr\u00e5de C, Barentshavet. &#8211;&nbsp;<a href=\"http:\/\/www.seapop.no\/links\/nina-oppdragsmld-815\" target=\"_blank\" rel=\"noreferrer noopener\">NINA Oppdragsmelding 815<\/a>, 52 pp.<\/p>\n\n\n\n<p class=\"has-sizing-medium\">Gr\u00e9millet, D., Kuntz, G., Delbart, F., Mellet, M., Kato, A., Robin, J.-P., Chaillon, P.-E., Gendner, J.-P., Lorentsen, S.-H. &amp; Le Maho, Y. 2004. Linking the foraging performance of a marine predator with local prey abundance. &#8211;&nbsp;<strong>Functional Ecology<\/strong>&nbsp;18: 793-801.<\/p>\n\n\n\n<p class=\"has-sizing-medium\">Hanssen, S.A., Hasselquist, D., Folstad, I. &amp; Erikstad, K.E. 2004. Cost of immunity: immune responsivness reduces survival in a vertebrate. &#8211;&nbsp;<strong>Proceedings of the Royal Society London Series B<\/strong>&nbsp;270: 925-930.<\/p>\n\n\n\n<p class=\"has-sizing-medium\">Hofgaard, A., Anker-Nilssen, T., Bruteig, I.E., Framstad, E., K\u00e5l\u00e5s, J.A. &amp; Solberg, E.J. 2004. Overv\u00e5king avdekker klimarelaterte forandringer i Norsk natur. Eksempler med utgangspunkt i DN finansierte overv\u00e5kingsdata. &#8211;&nbsp;<a href=\"http:\/\/www.seapop.no\/opencms\/export\/sites\/SEAPOP\/no\/filer\/pdf\/nina-minirapport-70.pdf\" target=\"_blank\" rel=\"noreferrer noopener\">NINA Minirapport 70<\/a>, 19 pp.<\/p>\n\n\n\n<p class=\"has-sizing-medium\">ICES 2004. Report of the Working Group on Seabird Ecology (WGSE), 29 March &#8211; 2 April 2004, Aberdeen, UK. &#8211;&nbsp;<a href=\"http:\/\/www.seapop.no\/links\/ices-cm-2004-c-05\" target=\"_blank\" rel=\"noreferrer noopener\">ICES CM 2004\/C:05<\/a>, Ref. ACME, ACE. ICES, Copenhagen, 53 pp.<\/p>\n\n\n\n<p class=\"has-sizing-medium\">Lorentsen, S.-H. 2004. Det nasjonale overv\u00e5kingsprogrammet for sj\u00f8fugl. Resultater til og med hekkesesongen 2004. &#8211;&nbsp;<a href=\"http:\/\/www.seapop.no\/links\/nina-oppdragsmld-852\" target=\"_blank\" rel=\"noreferrer noopener\">NINA Oppdragsmelding 852<\/a>, 44 pp.<\/p>\n\n\n\n<p class=\"has-sizing-medium\">Lorentsen, S.-H. &amp; Auran, J.A. 2004. Forel\u00f8pige resultater fra prosjekt \u00abRestaurering av \u00e6rfuglbestanden p\u00e5 Tautra\u00bb 2004. &#8211;&nbsp;<a href=\"http:\/\/www.seapop.no\/opencms\/export\/sites\/SEAPOP\/no\/filer\/pdf\/nina-minirapport-83.pdf\" target=\"_blank\" rel=\"noreferrer noopener\">NINA Minirapport 83<\/a>, 8 pp.<\/p>\n\n\n\n<p class=\"has-sizing-medium\">Lorentsen, S.-H., Gr\u00e9millet, D. &amp; G.H. Nymoen. 2004. Annual variation in diet of breeding Great Cormorants: Does it reflect varying stock recruitment of Gadoids? &#8211;&nbsp;<strong>Waterbirds<\/strong>&nbsp;27: 161-169.<\/p>\n","protected":false},"excerpt":{"rendered":"<p>Anker-Nilssen, T. &amp; Lorentsen, S.-H. 2004. Seabirds in the Norwegian Sea. &#8211; In Skjoldal, H.R., &hellip; <\/p>\n<p class=\"read-more-link\"><a href=\"https:\/\/seapop.no\/en\/publications\/published-other\/published-2004\/\">Les videre<span class=\"screen-reader-text\"> \u00abPublished 2004\u00bb<\/span><\/a><\/p>\n","protected":false},"author":1,"featured_media":0,"parent":1610,"menu_order":142,"comment_status":"closed","ping_status":"closed","template":"","meta":{"_acf_changed":false,"_uag_custom_page_level_css":"","footnotes":""},"class_list":["post-3881","page","type-page","status-publish"],"acf":[],"uagb_featured_image_src":{"full":false,"thumbnail":false,"medium":false,"medium_large":false,"large":false,"1536x1536":false,"2048x2048":false,"default":false,"square":false},"uagb_author_info":{"display_name":"Gnist Design","author_link":"https:\/\/seapop.no\/en\/author\/gnist\/"},"uagb_comment_info":0,"uagb_excerpt":"Anker-Nilssen, T. &amp; Lorentsen, S.-H. 2004. Seabirds in the Norwegian Sea. &#8211; In Skjoldal, H.R., &hellip; Les videre \u00abPublished 2004\u00bb","_links":{"self":[{"href":"https:\/\/seapop.no\/en\/wp-json\/wp\/v2\/pages\/3881","targetHints":{"allow":["GET"]}}],"collection":[{"href":"https:\/\/seapop.no\/en\/wp-json\/wp\/v2\/pages"}],"about":[{"href":"https:\/\/seapop.no\/en\/wp-json\/wp\/v2\/types\/page"}],"author":[{"embeddable":true,"href":"https:\/\/seapop.no\/en\/wp-json\/wp\/v2\/users\/1"}],"replies":[{"embeddable":true,"href":"https:\/\/seapop.no\/en\/wp-json\/wp\/v2\/comments?post=3881"}],"version-history":[{"count":1,"href":"https:\/\/seapop.no\/en\/wp-json\/wp\/v2\/pages\/3881\/revisions"}],"predecessor-version":[{"id":3883,"href":"https:\/\/seapop.no\/en\/wp-json\/wp\/v2\/pages\/3881\/revisions\/3883"}],"up":[{"embeddable":true,"href":"https:\/\/seapop.no\/en\/wp-json\/wp\/v2\/pages\/1610"}],"wp:attachment":[{"href":"https:\/\/seapop.no\/en\/wp-json\/wp\/v2\/media?parent=3881"}],"curies":[{"name":"wp","href":"https:\/\/api.w.org\/{rel}","templated":true}]}}