{"id":5763,"date":"2021-03-09T14:26:38","date_gmt":"2021-03-09T13:26:38","guid":{"rendered":"https:\/\/seapop.no\/?page_id=5763"},"modified":"2021-10-19T16:50:29","modified_gmt":"2021-10-19T14:50:29","slug":"published-2021","status":"publish","type":"page","link":"https:\/\/seapop.no\/en\/seatrack\/seatrack-publications-2\/published-2021\/","title":{"rendered":"Published 2021"},"content":{"rendered":"\n<p class=\"has-sizing-medium\">Albert C., Br\u00e5then V.S., Descamps S., Anker-Nilssen T., Cherenkov A., Christensen-Dalsgaard S., Danielsen J., Erikstad K.E., Gavrilo M., Hanssen S.A., Helgason H.H., J\u00f3nsson J.E., Kolbeinsson Y., Krasnov Y., Langset M., Lorentzen E., Olsen B., Reiertsen T.K., Str\u00f8m H., Systad G.H., Tertitski G., Thompson P.M., Th\u00f3rarinsson T.L., Bustamante P., Moe B., Fort J. 2021 <a rel=\"noreferrer noopener\" href=\"https:\/\/www.int-res.com\/user-login\/?file=%2Farticles%2Fmeps2021%2FSEA%2FM%2013793%20Albert_AdvView.pdf\" target=\"_blank\">Inter-annual variation in winter distribution affects individual seabird contamination with mercury.<\/a> Mar Ecol Prog Ser :SEAav6. DOI:&nbsp;<a href=\"https:\/\/doi.org\/10.3354\/meps13793\">https:\/\/doi.org\/10.3354\/meps13793<\/a><\/p>\n\n\n\n<p class=\"has-sizing-medium\">Albert C., Helgasson H.H., Brault-Favrou, M. et al. 2021 <a rel=\"noreferrer noopener\" href=\"https:\/\/reader.elsevier.com\/reader\/sd\/pii\/S0048969720357302?token=0175E27FB3BD3585D50D208E97D2631FF78F6CB88AC90EA9F41A3C3B5ED9976EF39CBA15952EDFEA8A6CCC0AA1717C5C\" target=\"_blank\">Seasonal variation of mercury contamination in Arctic seabirds: A pan-Arctic assessment.<\/a> Science of The Total Environment 750:142201 DOI: <a rel=\"noreferrer noopener\" href=\"https:\/\/doi.org\/10.1016\/j.scitotenv.2020.142201\" target=\"_blank\">https:\/\/doi.org\/10.1016\/j.scitotenv.2020.142201<\/a><\/p>\n\n\n\n<p class=\"has-sizing-medium\">Am\u00e9lineau F, Merkel B, Tarroux A, Descamps S and others. 2021 <a rel=\"noreferrer noopener\" href=\"https:\/\/www.int-res.com\/articles\/meps_oa\/m676p127.pdf\" target=\"_blank\">Six pelagic seabird species of the North Atlantic engage in a fly-and-forage strategy during their migratory movements.<\/a> Mar Ecol Prog Ser 676:127-144.\u00a0DOI: <a href=\"https:\/\/doi.org\/10.3354\/meps13872\">https:\/\/doi.org\/10.3354\/meps13872<\/a><\/p>\n\n\n\n<p class=\"has-sizing-medium\">Clairbaux M., Mathewson P., Porter W., Fort J., Str\u00f8m H., Moe B., Fauchald P., Descamps S., Helgason H.H., Br\u00e5then V.S., Merkel B., Anker-Nilssen T., Bringsvor I.S., Chastel O., Christensen-Dalsgaard S., Danielsen J., Daunt F., Dehnhard N.,\u2026Gr\u00e9millet D. 2021 <a rel=\"noreferrer noopener\" href=\"https:\/\/www.sciencedirect.com\/science\/article\/abs\/pii\/S0960982221008885?via%3Dihub\" target=\"_blank\">North Atlantic winter cyclones starve seabirds<\/a>. Current Biology 31:3964-3971.e3963 DOI: <a rel=\"noreferrer noopener\" href=\"https:\/\/doi.org\/10.1016\/j.cub.2021.06.059\" target=\"_blank\">https:\/\/doi.org\/10.1016\/j.cub.2021.06.059<\/a><\/p>\n\n\n\n<p class=\"has-sizing-medium\">Clairbaux, M., Cheung, W.W.L., Mathewson, P., Porter, W., Courbin, N., Fort, J., Str\u00f8m, H., Moe, B., Fauchald, P., Descamps, S., Helgason, H., Br\u00e5then, V.S., Merkel, B., Anker-Nilssen, T., Bringsvor, I.S., Chastel, O., Christensen-Dalsgaard, S., Danielsen, J., Daunt, F., Dehnhard, N., Erikstad, K.-E., Ezhov, A., Gavrilo, M., Krasnov, Y., Langset, M., Lorentsen, S.-H., Newell, M., Olsen, B., Reiertsen, T.K., Systad, G., \u00de\u00f3rarinsson, \u00de.L., Baran, M., Diamond, T., Fayet, A.L., Fitzsimmons, M.G., Frederiksen, M., Gilchrist, G.H., Guilford, T., Huffeldt, N.P., Jessopp, M., Johansen, K.L., Kouwenberg, A.L., Linnebjerg, J.F., McFarlane Tranquilla, L., Mallory, M., Merkel, F.R., Montevecchi, W., Mosbech, A., Petersen, A. and Gr\u00e9millet, D. 2021 <a rel=\"noreferrer noopener\" href=\"https:\/\/onlinelibrary.wiley.com\/doi\/epdf\/10.1111\/gcb.15497\" target=\"_blank\">Meeting Paris agreement objectives will temper seabird winter distribution shifts in the North Atlantic Ocean.<\/a> Glob. Change Biol., 27: 1457-1469.\u00a0DOI: <a rel=\"noreferrer noopener\" href=\"https:\/\/doi.org\/10.1111\/gcb.15497\" target=\"_blank\">https:\/\/doi.org\/10.1111\/gcb.15497<\/a><\/p>\n\n\n\n<p class=\"has-sizing-medium\">Ezhov A.V., Gavrilo M.V., Krasnov Y.V., Br\u00e5then V.S., Moe B., Baranskaya A.V., Str\u00f8m H. 2021 <a href=\"https:\/\/www.int-res.com\/user-login\/?file=%2Farticles%2Fmeps2021%2F676%2Fm676p189.pdf\" target=\"_blank\" rel=\"noreferrer noopener\">Transpolar and bi-directional migration strategies of black-legged kittiwakes\u00a0<em>Rissa tridactyla<\/em>\u00a0from a colony in Novaya Zemlya, Barents Sea, Russia.<\/a> Mar Ecol Prog Ser 676:189-203.\u00a0DOI: <a href=\"https:\/\/doi.org\/10.3354\/meps13889\">https:\/\/doi.org\/10.3354\/meps13889<\/a><\/p>\n\n\n\n<p class=\"has-sizing-medium\">Davies, TE., Carneiro, APB., Tarzia, M., et al. 2021 <a href=\"https:\/\/conbio.onlinelibrary.wiley.com\/doi\/epdf\/10.1111\/conl.12824\" target=\"_blank\" rel=\"noreferrer noopener\">Multispecies tracking reveals a major seabird hotspot in the North Atlantic.<\/a> Conservation Letters.;e12824. DOI: <a href=\"https:\/\/doi.org\/10.1111\/conl.12824\" target=\"_blank\" rel=\"noreferrer noopener\">https:\/\/doi.org\/10.1111\/conl.12824<\/a><\/p>\n\n\n\n<p class=\"has-sizing-medium\">Descamps S., Merkel B., Str\u00f8m H., Choquet R., Steen H., Fort J., Gavrilo M., Gr\u00e9millet D., Jakubas D., Jerstad K., Karnovsky N.J., Krasnov Y.V., Moe B., Welcker J., Wojczulanis-Jakubas K. 2021 <br><a rel=\"noreferrer noopener\" href=\"https:\/\/www.int-res.com\/user-login\/?file=%2Farticles%2Fmeps2020%2FSEA%2FM%2013400%20Descamps_AdvView.pdf\" data-type=\"URL\" data-id=\"https:\/\/www.int-res.com\/user-login\/?file=%2Farticles%2Fmeps2020%2FSEA%2FM%2013400%20Descamps_AdvView.pdf\" target=\"_blank\">Sharing wintering grounds does not synchronize annual survival in a high Arctic seabird, the little auk<\/a>.  Mar Ecol Prog Ser :SEAav1. DOI: <a href=\"https:\/\/doi.org\/10.3354\/meps13400\" target=\"_blank\" rel=\"noreferrer noopener\">https:\/\/doi.org\/10.3354\/meps13400<\/a><\/p>\n\n\n\n<p class=\"has-sizing-medium\">Dufour P., Wojczulanis-Jakubas K., Lavergne S., Renaud J., Jakubas D., Descamps S. 2021 <a rel=\"noreferrer noopener\" href=\"https:\/\/www.int-res.com\/user-login\/?file=%2Farticles%2Fmeps2020%2FSEA%2FM%2013535%20Dufour_AdvView.pdf\" target=\"_blank\">A two-fold increase in migration distance does not have breeding consequences in a long-distance migratory seabird with high flight costs.<\/a><em> <\/em>Mar Ecol Prog Ser :SEAav2. DOI: <a rel=\"noreferrer noopener\" href=\"https:\/\/doi.org\/10.3354\/meps13535\" target=\"_blank\">https:\/\/doi.org\/10.3354\/meps13535<\/a><\/p>\n\n\n\n<p class=\"has-sizing-medium\">Dupuis B., Am\u00e9lineau F., Tarroux A., Bj\u00f8rnstad O., Br\u00e5then V.S., Danielsen J., Descamps S., Fauchald P., Hallgrimsson G.T., Hansen E.S., Helberg M., Helgason H.H., J\u00f3nsson J.E., Kolbeinsson Y., Lorentzen E., Thompson P., Th\u00f3rarinsson T.L., Str\u00f8m H. 2021 <a rel=\"noreferrer noopener\" href=\"https:\/\/www.int-res.com\/articles\/meps_oa\/M%2013673%20Dupuis_AdvView.pdf\" target=\"_blank\">Light-level geolocators reveal spatial variations in interactions between northern fulmars and fisheries.<\/a> Mar Ecol Prog Ser :SEAav4.\u00a0DOI: <a rel=\"noreferrer noopener\" href=\"https:\/\/doi.org\/10.3354\/meps13673\" target=\"_blank\">https:\/\/doi.org\/10.3354\/meps13673<\/a><\/p>\n\n\n\n<p class=\"has-sizing-medium\">Fauchald P, Tarroux A, Am\u00e9lineau F, Br\u00e5then VS and others 2021 <a rel=\"noreferrer noopener\" href=\"https:\/\/www.int-res.com\/articles\/meps_oa\/m676p255.pdf\" target=\"_blank\">Year-round distribution of Northeast Atlantic seabird populations: applications for population management and marine spatial planning.<\/a> Mar Ecol Prog Ser 676:255-276.\u00a0DOI: <a href=\"https:\/\/doi.org\/10.3354\/meps13854\">https:\/\/doi.org\/10.3354\/meps13854<\/a><\/p>\n\n\n\n<p class=\"has-sizing-medium\">L\u00e9andri-Breton DJ, Tarroux A, Elliott KH, Legagneux P and others 2021 <a rel=\"noreferrer noopener\" href=\"https:\/\/www.int-res.com\/articles\/meps_oa\/m676p205.pdf\" target=\"_blank\">Long-term tracking of an Arctic-breeding seabird indicates high fidelity to pelagic wintering areas.<\/a> Mar Ecol Prog Ser 676:205-218.\u00a0DOI: <a href=\"https:\/\/doi.org\/10.3354\/meps13798\">https:\/\/doi.org\/10.3354\/meps13798<\/a><\/p>\n\n\n\n<p class=\"has-sizing-medium\">Merkel B., Descamps S., Yoccoz N.G., Gr\u00e9millet D., Fauchald P., Danielsen J., Daunt F., Erikstad K.E., Ezhov A.V., Harris M.P., Gavrilo M., Lorentsen S.H., Reiertsen T.K., Systad G.H., Lindberg Th\u00f3rarinsson T., Wanless S., Str\u00f8m H. 2021 <a rel=\"noreferrer noopener\" href=\"https:\/\/www.int-res.com\/articles\/meps_oa\/M%2013580%20Merkel_AdView.pdf\" target=\"_blank\">Strong migratory connectivity across meta-populations of sympatric North Atlantic seabirds.<\/a> <em>Mar Ecol Prog Ser :SEAav3.<\/em>&nbsp;DOI: <a rel=\"noreferrer noopener\" href=\"https:\/\/doi.org\/10.3354\/meps13580\" target=\"_blank\">https:\/\/doi.org\/10.3354\/meps13580<\/a><\/p>\n\n\n\n<p class=\"has-sizing-medium\">Moe B., Daunt F., Br\u00e5then V.S., Barrett R.T., Ballesteros M., Bj\u00f8rnstad O., Bogdanova M.I., Dehnhard N., Erikstad K.E., Follestad A., G\u00edslason S., Hallgrimsson G.T., Lorentsen S.H., Newell M., Petersen A., Phillips R.A., Ragnarsd\u00f3ttir S.B., Reiertsen T.K., \u00c5str\u00f6m J., Wanless S., Anker-Nilssen T. 2021 <a rel=\"noreferrer noopener\" href=\"https:\/\/www.int-res.com\/articles\/meps_oa\/M%2013697%20Moe_AdvView.pdf\" target=\"_blank\">Twilight foraging enables European shags to survive the winter across their latitudinal range.<\/a> Mar Ecol Prog Ser :SEAav5. DOI:&nbsp;<a rel=\"noreferrer noopener\" href=\"https:\/\/doi.org\/10.3354\/meps13697\" target=\"_blank\">https:\/\/doi.org\/10.3354\/meps13697<\/a><\/p>\n\n\n\n<p class=\"has-sizing-medium\">Reiertsen T.K., Layton-Matthews K., Erikstad K.E., Hodges K., Ballesteros M., Anker-Nilssen T., Barrett R.T., Benjaminsen S., Bogdanova M., Christensen-Dalsgaard S., Daunt F., Dehnhard N., Harris M.P., Langset M., Lorentsen S.H., Newell M., Br\u00e5then V.S., St\u00f8yle-Bringsvor I., Systad G.H., Wanless S. 2021 <a rel=\"noreferrer noopener\" href=\"https:\/\/www.int-res.com\/articles\/meps_oa\/M%2013809%20Reiertsen_AdvView.pdf\" target=\"_blank\">Inter-population synchrony in adult survival and effects of climate and extreme weather in non-breeding areas of Atlantic puffins.<\/a> Mar Ecol Prog Ser :SEAav7. DOI:\u00a0<a href=\"https:\/\/doi.org\/10.3354\/meps13809\">https:\/\/doi.org\/10.3354\/meps13809<\/a><\/p>\n\n\n\n<p class=\"has-sizing-medium\">Str\u00f8m H., Descamps S., Ekker M., Fauchald P., Moe B. 2021 <a href=\"https:\/\/www.int-res.com\/articles\/meps_oa\/m676p097.pdf\" target=\"_blank\" rel=\"noreferrer noopener\">Tracking the movements of North Atlantic seabirds: steps towards a better understanding of population dynamics and marine ecosystem conservation.<\/a> Mar Ecol Prog Ser 676:97-116.\u00a0DOI: <a href=\"https:\/\/doi.org\/10.3354\/meps13801\">https:\/\/doi.org\/10.3354\/meps13801<\/a><\/p>\n","protected":false},"excerpt":{"rendered":"<p>Albert C., Br\u00e5then V.S., Descamps S., Anker-Nilssen T., Cherenkov A., Christensen-Dalsgaard S., Danielsen J., Erikstad &hellip; <\/p>\n<p class=\"read-more-link\"><a href=\"https:\/\/seapop.no\/en\/seatrack\/seatrack-publications-2\/published-2021\/\">Les videre<span class=\"screen-reader-text\"> \u00abPublished 2021\u00bb<\/span><\/a><\/p>\n","protected":false},"author":3,"featured_media":0,"parent":1619,"menu_order":7,"comment_status":"closed","ping_status":"closed","template":"","meta":{"_acf_changed":false,"_uag_custom_page_level_css":"","footnotes":""},"class_list":["post-5763","page","type-page","status-publish"],"acf":[],"uagb_featured_image_src":{"full":false,"thumbnail":false,"medium":false,"medium_large":false,"large":false,"1536x1536":false,"2048x2048":false,"default":false,"square":false},"uagb_author_info":{"display_name":"malin","author_link":"https:\/\/seapop.no\/en\/author\/malin\/"},"uagb_comment_info":0,"uagb_excerpt":"Albert C., Br\u00e5then V.S., Descamps S., Anker-Nilssen T., Cherenkov A., Christensen-Dalsgaard S., Danielsen J., Erikstad &hellip; Les videre \u00abPublished 2021\u00bb","_links":{"self":[{"href":"https:\/\/seapop.no\/en\/wp-json\/wp\/v2\/pages\/5763","targetHints":{"allow":["GET"]}}],"collection":[{"href":"https:\/\/seapop.no\/en\/wp-json\/wp\/v2\/pages"}],"about":[{"href":"https:\/\/seapop.no\/en\/wp-json\/wp\/v2\/types\/page"}],"author":[{"embeddable":true,"href":"https:\/\/seapop.no\/en\/wp-json\/wp\/v2\/users\/3"}],"replies":[{"embeddable":true,"href":"https:\/\/seapop.no\/en\/wp-json\/wp\/v2\/comments?post=5763"}],"version-history":[{"count":3,"href":"https:\/\/seapop.no\/en\/wp-json\/wp\/v2\/pages\/5763\/revisions"}],"predecessor-version":[{"id":7131,"href":"https:\/\/seapop.no\/en\/wp-json\/wp\/v2\/pages\/5763\/revisions\/7131"}],"up":[{"embeddable":true,"href":"https:\/\/seapop.no\/en\/wp-json\/wp\/v2\/pages\/1619"}],"wp:attachment":[{"href":"https:\/\/seapop.no\/en\/wp-json\/wp\/v2\/media?parent=5763"}],"curies":[{"name":"wp","href":"https:\/\/api.w.org\/{rel}","templated":true}]}}