{"id":6517,"date":"2021-06-22T15:04:35","date_gmt":"2021-06-22T13:04:35","guid":{"rendered":"https:\/\/seapop.no\/?page_id=6517"},"modified":"2022-01-24T13:59:56","modified_gmt":"2022-01-24T12:59:56","slug":"published-2021","status":"publish","type":"page","link":"https:\/\/seapop.no\/en\/publications\/published-other\/published-2021\/","title":{"rendered":"Published 2021"},"content":{"rendered":"\n<p class=\"has-sizing-medium\">Albert C., Br\u00e5then V.S., Descamps S., Anker-Nilssen T., Cherenkov A., Christensen-Dalsgaard S., Danielsen J., Erikstad K.E., Gavrilo M., Hanssen S.A., Helgason H.H., J\u00f3nsson J.E., Kolbeinsson Y., Krasnov Y., Langset M., Lorentzen E., Olsen B., Reiertsen T.K., Str\u00f8m H., Systad G.H., Tertitski G., Thompson P.M., Th\u00f3rarinsson T.L., Bustamante P., Moe B., Fort J. 2021. <a rel=\"noreferrer noopener\" href=\"https:\/\/www.int-res.com\/user-login\/?file=%2Farticles%2Fmeps2021%2FSEA%2FM%2013793%20Albert_AdvView.pdf\" target=\"_blank\">Inter-annual variation in winter distribution affects individual seabird contamination with mercury.<\/a> <em>Mar Ecol Prog Ser :SEAav6<\/em>. DOI:&nbsp;<a href=\"https:\/\/doi.org\/10.3354\/meps13793\">https:\/\/doi.org\/10.3354\/meps13793<\/a> <\/p>\n\n\n\n<p class=\"has-sizing-medium\">Albert, C., Helgason, H.H., Brault-Favrou, M., Robertson, G.J., Descamps, S., Am\u00e9lineau, F., Danielsen, J., Dietz, R., Elliott, K., Erikstad, K.E., Eulaers, I., Ezhov, A., Fitzsimmons, M.G., Gavrilo, M., Golubova, E., Gr\u00e9millet, D., Hatch, S., Huffeldt, N.P., Jakubas, D., Kitaysky, A., Kolbeinsson, Y, Krasnov, Y., Lorentsen, S.-H., Lorentzen, E., Mallory, M.L, Merkel, B., Merkel, F.R., Montevecchi, W., Mosbech, A., Olsen, B., Orben, R.A., Patterson, A., Provencher, J., Plumejeaud, C., Pratte, I., Reiertsen, T.K., Renner, H., Rojek, N., Romano, M., Str\u00f8m, H., Systad, G.H., Takahashi, A., Thiebot, J.-B., Th\u00f3rarinsson, T.L., Will, A.P., Wojczulanis-Jakubas, K., Bustamante, P., Fort, J. 2021. <a href=\"https:\/\/www.sciencedirect.com\/science\/article\/pii\/S0048969720357302#!\">Seasonal variation of mercury contamination in Arctic seabirds: A pan-Arctic assessment. <\/a><em>Science of The Total Environment 750<\/em>:&nbsp;11 pp.<\/p>\n\n\n\n<p class=\"has-sizing-medium\">Am\u00e9lineau F, Merkel B, Tarroux A, Descamps S., Anker-Nilssen T., Bj\u00f8rnstad O., Br\u00e5then V.S, Chastel O., Christensen-Dalsgaard S., Danielsen J., Daunt F., Dehnhard N., Ekker M., Erikstad K.E., Ezhov A., Fauchald P., Gavrilo M., Hallgrimsson G.T., Hansen E.S., Harris M.P., Helberg M., Helgason H.H., Johansen M.K., J\u00f3nsson J.E., Kolbeinsson Y., Krasnov Y., Langset M., Lorentsen S.-H., Lorentzen E., Melnikov M.V., Moe B., Newell M.A., Olsen B., Reiertsen T.K., Systad G.H., Thompson P., Th\u00f3rarinsson T.L., Tolmacheva E., Wanless S., Wojczulanis-Jakubas K., \u00c5str\u00f6m J., Str\u00f8m H. 2021. <a rel=\"noreferrer noopener\" href=\"https:\/\/www.int-res.com\/articles\/meps_oa\/m676p127.pdf\" target=\"_blank\">Six pelagic seabird species of the North Atlantic engage in a fly-and-forage strategy during their migratory movements.<\/a> <em>Mar Ecol Prog Ser 676:127-144.<\/em>&nbsp;DOI: <a href=\"https:\/\/doi.org\/10.3354\/meps13872\">https:\/\/doi.org\/10.3354\/meps13872<\/a> <\/p>\n\n\n\n<p class=\"has-sizing-medium\">Bertrand, P., B\u00eaty, J., Yoccoz, N.G., Fortin, M.-J., Str\u00f8m, H., Steen, H., Kohler, J., Harris, S.M., Patrick, S.C., Chastel, O., Bl\u00e9vin, P., Hop, H., Moholdt, G., Maton, J., Descamps, S. 2021. <a href=\"https:\/\/www.nature.com\/articles\/s41598-021-01404-1\">Fine\u2011scale spatial segregation in a pelagic seabird driven by differential use of tidewater glacier fronts<\/a>. <em>Sci Rep 11, 22109<\/em><\/p>\n\n\n\n<p class=\"has-sizing-medium\">Bertrand, P., Str\u00f8m, H., B\u00eaty, J., Steen, H., Kohler, J., Vihtakari, M., van Pelt, W., Yoccoz, N.G., Hop, H., Harris, S.M., Patrick, S.C., Assmy, P., Wold, A., Duarte, P., Moholdt, G., Descamps, S. 2021. <a href=\"https:\/\/www.int-res.com\/abstracts\/meps\/v677\/p197-208\/\">Feeding at the front line: interannual variation in the use of glacier fronts by foraging black-legged kittiwakes<\/a>. <em> <em>Mar Ecol Prog Ser<\/em> 677: pp 197-208<\/em><\/p>\n\n\n\n<p class=\"has-sizing-medium\">Clairbaux, M., Mathewson, P., Porter, W., Fort, J., Str\u00f8m, H., Moe, B., Fauchald, P., Descamps, S., Helgason, H.H., Br\u00e5then, V.S., Merkel, B., Anker-Nilssen, T., Bringsvor, I.S., Chastel, O., Christensen-Dalsgaard, S., Danielsen, J., Daunt, F., Dehnhard, N., Erikstad, K.E., Ezhov, A., Gavrilo, M., Krasnov, Y., Langset, M., Lorentsen, S.-H., Newell, M., Olsen, B., Reiertsen, Y.K., Systad, T.K., Th\u00f3rarinsson, T.L., Baran, M., Diamond, T., Fayet, A.L., Fitzsimmons, M.G., Frederiksen, M., Gilchrist, H.G., Guilford, T., Huffeldt, N.P., Jessopp, M., Johansen, K.L., Kouwenberg, A.-L., Linnebjerg, J.F., Major, H.L., Tranquilla, L.M., Mallory, M., Merkel, F.R.,<br>Montevecchi, W., Mosbech, A., Petersen, A., Gr\u00e9millet, D. 2021. <a href=\"https:\/\/www.sciencedirect.com\/science\/article\/abs\/pii\/S0960982221008885?via%3Dihub\">North Atlantic winter cyclones starve seabirds<\/a>. <em>Current Biology 31:17 pp 3964-3971<\/em><\/p>\n\n\n\n<p class=\"has-sizing-medium\">Dehnhard, N., Langset, M., Aglen, A., Lorentsen, S.-H., Anker-Nilssen, T. 2021. <a href=\"https:\/\/doi.org\/10.1093\/icesjms\/fsab004\">Fish consumption by great cormorants in Norwegian coastal waters \u2014 a human-wildlife conflict for wrasses, but not gadids<\/a>. <em>ICES Journal of Marine Science, fsab004<\/em>, 16 pp.<\/p>\n\n\n\n<p class=\"has-sizing-medium\">Descamps, S., Merkel, B., Str\u00f8m, H., Choquet, R., Steen, H., Fort, J., Gavrilo, M., Gr\u00e9millet, D., Jakubas, D., Jerstad, K., Karnovsky, N.J., Krasnov, Y.V., Moe, B., Welcker, J., Wojczulanis-Jakubas, K. 2021.<br><a rel=\"noreferrer noopener\" href=\"https:\/\/www.int-res.com\/user-login\/?file=%2Farticles%2Fmeps2020%2FSEA%2FM%2013400%20Descamps_AdvView.pdf\" target=\"_blank\">Sharing wintering grounds does not synchronize annual survival in a high Arctic seabird, the little auk<\/a>. <em>Mar Ecol Prog Ser 676:233-242<\/em>. DOI: <a rel=\"noreferrer noopener\" href=\"https:\/\/doi.org\/10.3354\/meps13400\" target=\"_blank\">https:\/\/doi.org\/10.3354\/meps13400<\/a><\/p>\n\n\n\n<p class=\"has-sizing-medium\">Descamps, S., Ram\u00edrez, F. 2021. <a href=\"https:\/\/onlinelibrary.wiley.com\/doi\/10.1111\/ddi.13389\">Species and spatial variation in the effects of sea ice on Arctic seabird populations<\/a>. <em>Diversity and Distributions 27:2204\u20132217<\/em>.<\/p>\n\n\n\n<p class=\"has-sizing-medium\">Descamps, S., Str\u00f8m, H. 2021. <a href=\"https:\/\/doi.org\/10.1002\/ecy.3485\">As the Arctic becomes boreal: ongoing shifts in a high-Arctic seabird community.<\/a> <em>Ecology 0(0), e03485<\/em>, 9 pp. DOI: <a href=\"https:\/\/doi.org\/10.1002\/ecy.3485\">https:\/\/doi.org\/10.1002\/ecy.3485<\/a><\/p>\n\n\n\n<p class=\"has-sizing-medium\">Dufour P., Wojczulanis-Jakubas K., Lavergne S., Renaud J., Jakubas D., Descamps S. 2021. <a rel=\"noreferrer noopener\" href=\"https:\/\/www.int-res.com\/user-login\/?file=%2Farticles%2Fmeps2020%2FSEA%2FM%2013535%20Dufour_AdvView.pdf\" target=\"_blank\">A two-fold increase in migration distance does not have breeding consequences in a long-distance migratory seabird with high flight costs.<\/a><em> Mar Ecol Prog Ser :SEAav2<\/em>. DOI: <a rel=\"noreferrer noopener\" href=\"https:\/\/doi.org\/10.3354\/meps13535\" target=\"_blank\">https:\/\/doi.org\/10.3354\/meps13535<\/a><\/p>\n\n\n\n<p class=\"has-sizing-medium\">Dupuis, B., Am\u00e9lineau, F., Tarroux, A., Bj\u00f8rnstad, O., Br\u00e5then, V.S., Danielsen, J., Descamps, S., Fauchald, P., Hallgrimsson, G.T., Hansen, E.S., Helberg, M., Helgason, H.H., J\u00f3nsson, J.E., Kolbeinsson, Y., Lorentzen, E., Thompson, P., Th\u00f3rarinsson, T.L., Str\u00f8m, H. 2021. <a rel=\"noreferrer noopener\" href=\"https:\/\/www.int-res.com\/articles\/meps_oa\/M%2013673%20Dupuis_AdvView.pdf\" target=\"_blank\">Light-level geolocators reveal spatial variations in interactions between northern fulmars and fisheries.<\/a> <em>Mar Ecol Prog Ser 676:159-172<\/em>.&nbsp;DOI: <a rel=\"noreferrer noopener\" href=\"https:\/\/doi.org\/10.3354\/meps13673\" target=\"_blank\">https:\/\/doi.org\/10.3354\/meps13673<\/a> <\/p>\n\n\n\n<p class=\"has-sizing-medium\">Ezhov A.V., Gavrilo M.V., Krasnov Y.V., Br\u00e5then V.S., Moe B., Baranskaya A.V., Str\u00f8m H. 2021. <a rel=\"noreferrer noopener\" href=\"https:\/\/www.int-res.com\/user-login\/?file=%2Farticles%2Fmeps2021%2F676%2Fm676p189.pdf\" target=\"_blank\">Transpolar and bi-directional migration strategies of black-legged kittiwakes&nbsp;<em>Rissa tridactyla<\/em>&nbsp;from a colony in Novaya Zemlya, Barents Sea, Russia.<\/a> <em>Mar Ecol Prog Ser 676:189-203<\/em>.&nbsp;DOI: <a href=\"https:\/\/doi.org\/10.3354\/meps13889\">https:\/\/doi.org\/10.3354\/meps13889<\/a><\/p>\n\n\n\n<p class=\"has-sizing-medium\">Fauchald, P., Tarroux, A., Am\u00e9lineau, F., Br\u00e5then, V.S., Descamps, S., Ekker, M., Helgason, H.H., Johansen, M.K., Merkel, B., Moe, B., \u00c5str\u00f6m, J., Anker-Nilssen, T., Bj\u00f8rnstad, O., Chastel, O., Christensen-Dalsgaard, S., Danielsen, J., Daunt, F., Dehnhard, N., Erikstad, K.E., Ezhov, A., Gavrilo, M., Hallgrimsson, G.T., Hansen, E.S., Harris, M., Helberg, M., J\u00f3nsson, J.E., Kolbeinsson, Y., Krasnov, Y., Langset, M., Lorentsen, S.-H., Lorentzen, E., Newell, M., Olsen, B., Reiertsen, T.K., Systad, G.H., Thompson, P., Th\u00f3rarinsson, T.L., Wanless, S., Wojczulanis-Jakubas, K., Str\u00f8m, H. 2021. <a rel=\"noreferrer noopener\" href=\"https:\/\/www.int-res.com\/articles\/meps_oa\/m676p255.pdf\" target=\"_blank\">Year-round distribution of Northeast Atlantic seabird populations: applications for population management and marine spatial planning.<\/a> <em>Mar Ecol Prog Ser 676:255-276<\/em>.&nbsp;DOI: <a href=\"https:\/\/doi.org\/10.3354\/meps13854\">https:\/\/doi.org\/10.3354\/meps13854<\/a> <\/p>\n\n\n\n<p class=\"has-sizing-medium\">Fayet, A.L., Clucas, G.V., Anker-Nilssen, T., Syposz, M., Hansen, E.S. 2021. <a href=\"https:\/\/besjournals.onlinelibrary.wiley.com\/doi\/10.1111\/1365-2656.13442?af=R\">Local prey shortages drive foraging costs and breeding success in a declining seabird, the Atlantic puffin<\/a>. <em>Journal of Animal Ecology 90:5<\/em>. p 1152-1164.<\/p>\n\n\n\n<p class=\"has-sizing-medium\">van Franeker, J.A., K\u00fchn, S., Anker-Nilssen, T., Edwards, E.W.J., Gallien, F., Guse, N., Kakkonen, J.E., Mallory, M.L., Miles, W., Olsen, K.O., Pedersen, J., Provencher, J., Roos, M., Stienen, E., Turner, D.M., van Loon, W.M.G.M. 2021. <a href=\"https:\/\/www.sciencedirect.com\/science\/article\/pii\/S0025326X21002800?via%3Dihub\">New tools to evaluate plastic ingestion by northern fulmars applied to North Sea monitoring data 2002\u20132018<\/a>. <em>Marine Pollution Bulletin 166:112246<\/em>, 11 pp.<\/p>\n\n\n\n<p class=\"has-sizing-medium\">Frederiksen, M., Descamps, S., Elliott, K.H., Gaston, A.J., Huffeldt, N.P., Kolbeinsson, Y., Linnebjerg, J.F., Lorentzen, E., Merkel, F.R., Str\u00f8m, H., Th\u00f3rarinsson, T.L. 2021. <a href=\"https:\/\/www.int-res.com\/abstracts\/meps\/v672\/p1-13\/\">Spatial variation in vital rates and population growth of thick-billed murres in the Atlantic Arctic<\/a>. <em>Mar Ecol Prog Ser 672:1-13<\/em>. DOI: <a href=\"https:\/\/doi.org\/10.3354\/meps13823\">https:\/\/doi.org\/10.3354\/meps13823<\/a><\/p>\n\n\n\n<p class=\"has-sizing-medium\">Huffeldt, N.P., Tigano, A., Erikstad, K.E., Goymann, W., Jenni-Eiermann, S., Moum, T., Reiertsen, T.K. 2021. <a href=\"https:\/\/www.sciencedirect.com\/science\/article\/pii\/S0018506X2100009X?via%3Dihub\">The relationship between daily behavior, hormones, and a color dimorphism in a seabird under natural continuous light<\/a>. <em>Hormones and Behavior 130:104930<\/em>, 9 pp.<\/p>\n\n\n\n<p class=\"has-sizing-medium\">Kersten, O., Star, B., Leigh, D.M., Anker-Nilssen, T., Str\u00f8m, H., Danielsen, J., Descamps, S., Erikstad, K.E., Fitzsimmons, M.G., Fort, J., Hansen, E.S., Harris, M.P., Irestedt, M., Kleven, O., Mallory, M.L., Jakobsen, K.S., Boessenkool, S. 2021. <a href=\"https:\/\/www.nature.com\/articles\/s42003-021-02415-4\">Complex population structure of the Atlantic puffin revealed by whole genome analyses<\/a>. <em>Communications Biology 4:922<\/em>, 12 s.<\/p>\n\n\n\n<p class=\"has-sizing-medium\">L\u00e9andri-Breton, D.J., Tarroux, A., Elliott, K.H., Legagneux, P., Angelier, F., Bl\u00e9vin, P., Br\u00e5then, V.S., Fauchald, P., Goutte, A., Jouanneau, W., Tartu, S., Moe, B., Chastel, O. 2021. <a rel=\"noreferrer noopener\" href=\"https:\/\/www.int-res.com\/articles\/meps_oa\/m676p205.pdf\" target=\"_blank\">Long-term tracking of an Arctic-breeding seabird indicates high fidelity to pelagic wintering areas.<\/a> <em>Mar Ecol Prog Ser 676:205-218<\/em>.&nbsp;DOI: <a href=\"https:\/\/doi.org\/10.3354\/meps13798\">https:\/\/doi.org\/10.3354\/meps13798<\/a>  <\/p>\n\n\n\n<p class=\"has-sizing-medium\">Mercier, G., Yoccoz, N.G., Descamps, S. 2021. <a href=\"https:\/\/doi.org\/10.1002\/ece3.7775\">Influence of reproductive output on divorce rates in polar seabirds.<\/a> <em>Ecology and Evolution 11:12989\u201313000<\/em>.<\/p>\n\n\n\n<p class=\"has-sizing-medium\">Merkel B., Descamps S., Yoccoz N.G., Gr\u00e9millet D., Fauchald P., Danielsen J., Daunt F., Erikstad K.E., Ezhov A.V., Harris M.P., Gavrilo M., Lorentsen S.H., Reiertsen T.K., Systad G.H., Lindberg Th\u00f3rarinsson T., Wanless S., Str\u00f8m H. 2021. <a rel=\"noreferrer noopener\" href=\"https:\/\/www.int-res.com\/articles\/meps_oa\/M%2013580%20Merkel_AdView.pdf\" target=\"_blank\">Strong migratory connectivity across meta-populations of sympatric North Atlantic seabirds.<\/a> <em>Mar Ecol Prog Ser :SEAav3.<\/em>&nbsp;DOI: <a rel=\"noreferrer noopener\" href=\"https:\/\/doi.org\/10.3354\/meps13580\" target=\"_blank\">https:\/\/doi.org\/10.3354\/meps13580<\/a><\/p>\n\n\n\n<p class=\"has-sizing-medium\">Moe, B., Daunt, F., Br\u00e5then, V.S., Barrett, R.T., Ballesteros, M., Bj\u00f8rnstad, O., Bogdanova, M.I., Dehnhard, N., Erikstad, K.E., Follestad, A., G\u00edslason, S., Hallgrimsson, G.T., Lorentsen, S.H., Newell, M., Petersen, A., Phillips, R.A., Ragnarsd\u00f3ttir, S.B., Reiertsen, T.K., \u00c5str\u00f6m, J., Wanless, S., Anker-Nilssen, T. 2021. <a rel=\"noreferrer noopener\" href=\"https:\/\/www.int-res.com\/articles\/meps_oa\/M%2013697%20Moe_AdvView.pdf\" target=\"_blank\">Twilight foraging enables European shags to survive the winter across their latitudinal range.<\/a> <em>Mar Ecol Prog Ser 676: 145-157<\/em>. DOI:&nbsp;<a rel=\"noreferrer noopener\" href=\"https:\/\/doi.org\/10.3354\/meps13697\" target=\"_blank\">https:\/\/doi.org\/10.3354\/meps13697<\/a><\/p>\n\n\n\n<p class=\"has-sizing-medium\">Reiertsen, T.K., Layton-Matthews, K., Erikstad, K.E., Hodges, K., Ballesteros, M., Anker-Nilssen, T., Barrett, R.T., Benjaminsen, S., Bogdanova, M., Christensen-Dalsgaard, S., Daunt, F., Dehnhard, N., Harris, M.P., Langset, M., Lorentsen, S.H., Newell, M., Br\u00e5then, V.S., St\u00f8yle-Bringsvor, I., Systad, G.H., Wanless, S. 2021. <a rel=\"noreferrer noopener\" href=\"https:\/\/www.int-res.com\/articles\/meps_oa\/M%2013809%20Reiertsen_AdvView.pdf\" target=\"_blank\">Inter-population synchrony in adult survival and effects of climate and extreme weather in non-breeding areas of Atlantic puffins.<\/a> <em>Mar Ecol Prog Ser 676: 219\u2013231<\/em>. DOI:&nbsp;<a href=\"https:\/\/doi.org\/10.3354\/meps13809\">https:\/\/doi.org\/10.3354\/meps13809<\/a> <\/p>\n\n\n\n<p class=\"has-sizing-medium\">Str\u00f8m, H., Descamps, S., Ekker, M., Fauchald, P., Moe, B. 2021. <a rel=\"noreferrer noopener\" href=\"https:\/\/www.int-res.com\/articles\/meps_oa\/m676p097.pdf\" target=\"_blank\">Tracking the movements of North Atlantic seabirds: steps towards a better understanding of population dynamics and marine ecosystem conservation.<\/a> <em>Mar Ecol Prog Ser 676:97-116<\/em>.&nbsp;DOI: <a href=\"https:\/\/doi.org\/10.3354\/meps13801\">https:\/\/doi.org\/10.3354\/meps13801<\/a> <\/p>\n\n\n\n<p class=\"has-sizing-medium\">Sydeman, W.J., Schoeman, D.S., Thompson, S.A., Hoover, B.A., Garc\u00eda-Reyes, M., Daunt, F., Agnew, P., Anker-Nilssen, T., Barbraud, C., Barrett, R., Becker, P.H., Bell, E., Boersma, P.D., Bouwhuis, S., Cannell, B., Crawford, R.J.M., Dann, P., Delord, K., Elliott, G., Erikstad, K.E., Flint, E., Furness, R.W., Harris, M.P., Hatch, S., Hilwig, K., Hinke, J.T., Jahncke, J., Mills, J.A., Reiertsen, T.K., Renner, H., Sherley, R.B., Surman, C., Taylor, G., Thayer, J.A., Trathan, P.N., Velarde, E., Walker, K., Wanless, S., Warzybok, P., Watanuki, Y. 2021. <a href=\"https:\/\/science.sciencemag.org\/content\/372\/6545\/980\">Hemispheric asymmetry in ocean change and theproductivity of ecosystem sentinels<\/a>. <em>Science 372:6545<\/em>, p 980-983.<\/p>\n","protected":false},"excerpt":{"rendered":"<p>Albert C., Br\u00e5then V.S., Descamps S., Anker-Nilssen T., Cherenkov A., Christensen-Dalsgaard S., Danielsen J., Erikstad &hellip; <\/p>\n<p class=\"read-more-link\"><a href=\"https:\/\/seapop.no\/en\/publications\/published-other\/published-2021\/\">Les videre<span class=\"screen-reader-text\"> \u00abPublished 2021\u00bb<\/span><\/a><\/p>\n","protected":false},"author":2,"featured_media":0,"parent":1610,"menu_order":110,"comment_status":"closed","ping_status":"closed","template":"","meta":{"_acf_changed":false,"_uag_custom_page_level_css":"","footnotes":""},"class_list":["post-6517","page","type-page","status-publish"],"acf":[],"uagb_featured_image_src":{"full":false,"thumbnail":false,"medium":false,"medium_large":false,"large":false,"1536x1536":false,"2048x2048":false,"default":false,"square":false},"uagb_author_info":{"display_name":"Erlend Lorentzen","author_link":"https:\/\/seapop.no\/en\/author\/erlend\/"},"uagb_comment_info":0,"uagb_excerpt":"Albert C., Br\u00e5then V.S., Descamps S., Anker-Nilssen T., Cherenkov A., Christensen-Dalsgaard S., Danielsen J., Erikstad &hellip; Les videre \u00abPublished 2021\u00bb","_links":{"self":[{"href":"https:\/\/seapop.no\/en\/wp-json\/wp\/v2\/pages\/6517","targetHints":{"allow":["GET"]}}],"collection":[{"href":"https:\/\/seapop.no\/en\/wp-json\/wp\/v2\/pages"}],"about":[{"href":"https:\/\/seapop.no\/en\/wp-json\/wp\/v2\/types\/page"}],"author":[{"embeddable":true,"href":"https:\/\/seapop.no\/en\/wp-json\/wp\/v2\/users\/2"}],"replies":[{"embeddable":true,"href":"https:\/\/seapop.no\/en\/wp-json\/wp\/v2\/comments?post=6517"}],"version-history":[{"count":2,"href":"https:\/\/seapop.no\/en\/wp-json\/wp\/v2\/pages\/6517\/revisions"}],"predecessor-version":[{"id":7747,"href":"https:\/\/seapop.no\/en\/wp-json\/wp\/v2\/pages\/6517\/revisions\/7747"}],"up":[{"embeddable":true,"href":"https:\/\/seapop.no\/en\/wp-json\/wp\/v2\/pages\/1610"}],"wp:attachment":[{"href":"https:\/\/seapop.no\/en\/wp-json\/wp\/v2\/media?parent=6517"}],"curies":[{"name":"wp","href":"https:\/\/api.w.org\/{rel}","templated":true}]}}